{"id":17,"date":"2021-11-19T14:01:12","date_gmt":"2021-11-19T13:01:12","guid":{"rendered":"https:\/\/tatami-samurai.de\/tsjc\/?page_id=17"},"modified":"2025-05-18T10:42:10","modified_gmt":"2025-05-18T08:42:10","slug":"beitragsordnung","status":"publish","type":"page","link":"https:\/\/tatami-samurai.de\/tsjc\/beitragsordnung\/","title":{"rendered":"Beitragsordnung"},"content":{"rendered":"\n<p><strong>Beitrags- und Geb\u00fchrenordnung des Tatami Samurai Judoclub Eutin (Stand Juli 2025)<\/strong><\/p>\n\n\n\n<p><strong>\u00a7 1 Grundsatz<br><\/strong>Diese Beitragsordnung ist nicht Bestandteil der Satzung. Sie regelt die Beitragsverpflichtungen der Mitglieder sowie die Geb\u00fchren und Umlagen. Sie kann nur von der Mitgliederversammlung des Vereins ge\u00e4ndert werden.<\/p>\n\n\n\n<p><strong>\u00a7 2 Solidarit\u00e4tsprinzip<br><\/strong>Wesentliche Grundlage f\u00fcr die finanzielle Ausstattung des Vereins ist das Beitragsaufkommen der Mitglieder.<br>Der Verein ist daher darauf angewiesen, dass alle Mitglieder ihre Beitragspflichten, die in der Satzung grunds\u00e4tzlich geregelt sind, in vollem Umfang und p\u00fcnktlich erf\u00fcllen. Nur so kann der Verein seine Aufgaben erf\u00fcllen und seine Leistungen gegen\u00fcber seinen Mitgliedern erbringen.<\/p>\n\n\n\n<p><strong>\u00a7 3 Beschl\u00fcsse und Bekanntmachungen<br><\/strong>(1) Die Mitgliederversammlung beschlie\u00dft die H\u00f6he des Beitrags. Der Vorstand beschlie\u00dft die Aufnahmegeb\u00fchr und Umlagen.<\/p>\n\n\n\n<p>(2) Die Mitgliederversammlung hat daher in ihrer Sitzung am 16.05.2025 die nachfolgende Beitragsordnung mit G\u00fcltigkeit ab 01.07.2025 beschlossen .<\/p>\n\n\n\n<p>(3) Die Beitragsordnung wird durch Aushang oder im Internet bekannt gemacht und tritt dann in Kraft.<\/p>\n\n\n\n<p>(4) Mitglieder, die nach diesem Zeitpunkt dem Verein beitreten, erhalten diese Beitragsordnung als Bestandteil der Beitrittserkl\u00e4rung ausgeh\u00e4ndigt, und sie ist damit auch f\u00fcr diese verbindlich.<\/p>\n\n\n\n<p>(5) Die festgesetzten Betr\u00e4ge werden zum 1. Januar des folgenden Jahres erhoben, in dem der Beschluss gefasst wurde. Durch Beschluss der Mitgliederversammlung kann auch ein anderer Termin festgelegt werden.<\/p>\n\n\n\n<p><strong>\u00a7 4 Beitr\u00e4ge<br><\/strong>&nbsp;(1) Es werden die monatlichen Mitgliedsbeitr\u00e4ge in den Klassen wie folgt erhoben:<\/p>\n\n\n\n<ul class=\"wp-block-list\">\n<li>Erwachsene \u00fcber 18 Jahre<strong><strong><strong>\u00a0\u00a0\u00a0\u00a0\u00a0\u00a0\u00a0\u00a0\u00a0\u00a0\u00a0<\/strong><\/strong>\u00a0\u00a0\u00a0\u00a0\u00a0\u00a0\u00a0\u00a0\u00a0\u00a0\u00a0\u00a0\u00a0\u00a0\u00a0\u00a0\u00a0\u00a0\u00a0\u00a0\u00a0\u00a0\u00a0\u00a0\u00a0\u00a0\u00a0\u00a0\u00a0\u00a0\u00a0\u00a0\u00a0\u00a0\u00a0\u00a0\u00a0\u00a0\u00a0\u00a0\u00a0\u00a0\u00a0\u00a0\u00a0\u00a0\u00a0\u00a0\u00a0\u00a0\u00a0\u00a0\u00a0\u00a0\u00a0\u00a0\u00a0\u00a0\u00a0\u00a0\u00a0\u00a0\u00a0\u00a0\u00a0\u00a0\u00a0\u00a0\u00a0\u00a0\u00a0\u00a0\u00a0\u00a0\u00a0\u00a0\u00a0\u00a0\u00a0\u00a0\u00a0\u00a0\u00a0\u00a0<\/strong>12,00 \u20ac<\/li>\n\n\n\n<li>Kinder und Jugendliche bis 18 Jahre<strong><strong>\u00a0\u00a0\u00a0\u00a0\u00a0\u00a0\u00a0\u00a0\u00a0\u00a0\u00a0<\/strong>\u00a0\u00a0\u00a0\u00a0\u00a0\u00a0\u00a0\u00a0\u00a0\u00a0\u00a0\u00a0\u00a0\u00a0\u00a0\u00a0\u00a0\u00a0\u00a0\u00a0\u00a0\u00a0\u00a0\u00a0\u00a0\u00a0\u00a0\u00a0\u00a0\u00a0\u00a0\u00a0\u00a0\u00a0\u00a0\u00a0\u00a0\u00a0\u00a0\u00a0\u00a0\u00a0\u00a0\u00a0\u00a0\u00a0\u00a0\u00a0\u00a0\u00a0\u00a0\u00a0\u00a0\u00a0\u00a0\u00a0\u00a0\u00a0\u00a0\u00a0\u00a0\u00a0\u00a0\u00a0\u00a0\u00a0<\/strong>8,00 \u20ac<\/li>\n\n\n\n<li>Familienbeitrag mit Kindern (<em>2 Erwachsene mit max. 3 Kindern<\/em>)<strong><strong>\u00a0\u00a0\u00a0\u00a0\u00a0\u00a0\u00a0\u00a0\u00a0\u00a0\u00a0<\/strong><\/strong>  25,00 \u20ac<br>\u00a0\u00a0\u00a0\u00a0\u00a0\u00a0\u00a0\u00a0\u00a0\u00a0\u00a0\u00a0\u00a0\u00a0\u00a0jedes weitere Kind zus\u00e4tzlich<strong><strong>\u00a0\u00a0\u00a0\u00a0\u00a0\u00a0\u00a0\u00a0\u00a0\u00a0\u00a0<\/strong>\u00a0\u00a0\u00a0\u00a0\u00a0\u00a0\u00a0\u00a0\u00a0\u00a0\u00a0\u00a0\u00a0\u00a0\u00a0\u00a0\u00a0\u00a0\u00a0\u00a0\u00a0\u00a0\u00a0\u00a0\u00a0\u00a0\u00a0\u00a0\u00a0\u00a0\u00a0\u00a0\u00a0\u00a0\u00a0\u00a0\u00a0\u00a0\u00a0\u00a0\u00a0\u00a0\u00a0\u00a0\u00a0\u00a0\u00a0\u00a0\u00a0\u00a0\u00a0\u00a0\u00a0\u00a0\u00a0\u00a0\u00a0\u00a0\u00a0\u00a0\u00a0\u00a0\u00a0\u00a0\u00a0\u00a0<\/strong>5,00 \u20ac<\/li>\n\n\n\n<li>F\u00f6rdernde Mitglieder<strong><strong>\u00a0\u00a0\u00a0\u00a0\u00a0\u00a0\u00a0\u00a0\u00a0\u00a0\u00a0<\/strong>\u00a0\u00a0\u00a0\u00a0\u00a0\u00a0\u00a0\u00a0\u00a0\u00a0\u00a0\u00a0\u00a0\u00a0\u00a0\u00a0\u00a0\u00a0\u00a0\u00a0\u00a0\u00a0\u00a0\u00a0\u00a0\u00a0\u00a0\u00a0\u00a0\u00a0\u00a0\u00a0\u00a0\u00a0\u00a0\u00a0\u00a0\u00a0\u00a0\u00a0\u00a0\u00a0\u00a0\u00a0\u00a0\u00a0\u00a0\u00a0\u00a0\u00a0\u00a0\u00a0\u00a0\u00a0\u00a0\u00a0\u00a0\u00a0\u00a0\u00a0\u00a0\u00a0\u00a0\u00a0\u00a0\u00a0\u00a0\u00a0\u00a0\u00a0\u00a0\u00a0\u00a0\u00a0\u00a0\u00a0\u00a0\u00a0\u00a0\u00a0\u00a0\u00a0\u00a0\u00a0\u00a0\u00a0\u00a0\u00a0\u00a0\u00a0\u00a0\u00a0\u00a0\u00a0\u00a0\u00a0\u00a0\u00a0\u00a0<\/strong>5,00 \u20ac<\/li>\n\n\n\n<li>Ehrenmitglieder<strong>\u00a0\u00a0\u00a0\u00a0\u00a0\u00a0\u00a0\u00a0\u00a0\u00a0\u00a0\u00a0\u00a0\u00a0\u00a0\u00a0\u00a0\u00a0\u00a0\u00a0\u00a0\u00a0\u00a0\u00a0\u00a0\u00a0\u00a0\u00a0\u00a0\u00a0\u00a0\u00a0\u00a0\u00a0\u00a0\u00a0\u00a0\u00a0\u00a0\u00a0\u00a0\u00a0\u00a0\u00a0\u00a0\u00a0\u00a0\u00a0\u00a0\u00a0\u00a0\u00a0\u00a0\u00a0\u00a0\u00a0\u00a0\u00a0\u00a0\u00a0\u00a0\u00a0\u00a0\u00a0\u00a0\u00a0\u00a0\u00a0\u00a0\u00a0\u00a0\u00a0\u00a0\u00a0\u00a0\u00a0\u00a0\u00a0\u00a0\u00a0\u00a0\u00a0\u00a0\u00a0\u00a0\u00a0\u00a0\u00a0\u00a0\u00a0\u00a0\u00a0\u00a0\u00a0\u00a0\u00a0\u00a0\u00a0\u00a0\u00a0\u00a0\u00a0\u00a0\u00a0\u00a0\u00a0\u00a0\u00a0\u00a0\u00a0\u00a0\u00a0\u00a0\u00a0\u00a0\u00a0\u00a0\u00a0\u00a0\u00a0\u00a0<\/strong>&#8212; frei \u2013 (auf eigenen Wunsch)<\/li>\n<\/ul>\n\n\n\n<p>(2) F\u00fcr die Beitragsh\u00f6he ist der am F\u00e4lligkeitstag bestehende Mitgliederstatus ma\u00dfgebend.<\/p>\n\n\n\n<p>(3) Es wird eine einmalig Aufnahmegeb\u00fchr in H\u00f6he von 5,00 \u20ac pro Mitglied erhoben.<\/p>\n\n\n\n<p>(4) Mitgliedsbeitr\u00e4ge sind pro Quartal im Voraus f\u00e4llig und werden ausschlie\u00dflich per SEPA- Lastschrifteinzugsverfahren durch den Kassenwart eingezogen. Das Mitglied hat sich hierzu bei Eintritt in den Verein zu verpflichten, ein SEPA-Lastschriftmandat zu erteilen sowie f\u00fcr eine ausreichende Deckung des bezogenen Kontos zu sorgen. Eine Bareinzahlung oder \u00dcberweisung ist nicht m\u00f6glich.<br>F\u00fcr nicht eingel\u00f6ste bzw. wegen Widerspruchs des Zahlungspflichtigen nicht eingel\u00f6ste Lastschriften entstehende Geb\u00fchren sind vom Zahlungspflichtigen \/ Mitglied zu tragen. Weist das Konto eines Mitglieds zum Zeitpunkt der Abbuchung des Beitrages \/ der Geb\u00fchren \/ der Umlage keine Deckung auf, so haftet das Mitglied dem Verein gegen\u00fcber f\u00fcr s\u00e4mtliche dem Verein mit der Beitragseinziehung sowie eventuelle R\u00fccklastschriften entstehende Kosten. Dies gilt auch f\u00fcr den Fall, dass ein bezogenes Konto erloschen ist und das Mitglied dies dem Verein nicht mitgeteilt hat.<\/p>\n\n\n\n<p>(5) Bei Mahnungen werden Mahngeb\u00fchren von 2,50 \u20ac pro Mahnung erhoben. Bei gerichtlichen Mahnscheiden tr\u00e4gt der Zahlungspflichtige \/ das Mitglied die gesamten Kosten in voller H\u00f6he.<\/p>\n\n\n\n<p>(6) F\u00fcr die jeweiligen Beitr\u00e4ge und Geb\u00fchren erfolgt die Erhebung, Verarbeitung und Nutzung von personenbezogenen Daten durch den Verein zur Mitgliederverwaltung im Wege der elektronischen Datenverarbeitung. Diese Daten der Mitglieder werden nach dem Bundesdatengesetz gespeichert.<\/p>\n\n\n\n<p>(6) \u00c4nderungen der pers\u00f6nlichen Angaben sowie Bankverbindungen sind schnellstm\u00f6glich dem Verein schriftlich mitzuteilen.<\/p>\n\n\n\n<p>(7) Der Vorstand ist erm\u00e4chtigt, Beitr\u00e4ge auf Antrag zu stunden, zu erm\u00e4\u00dfigen oder zu erlassen. Ein Rechtsanspruch auf Ratenzahlung und \/ oder Stundung der Beitragsschuld besteht nicht.<\/p>\n\n\n\n<p><strong>\u00a7 5 Vereinskonto<\/strong><\/p>\n\n\n\n<p>Bank<strong><strong>&nbsp;&nbsp;&nbsp;&nbsp;&nbsp;&nbsp;&nbsp;&nbsp;&nbsp;&nbsp;&nbsp;<\/strong>&nbsp;&nbsp;&nbsp;&nbsp;&nbsp;&nbsp;&nbsp;&nbsp;&nbsp;<\/strong>: Sparkasse Holstein<br>BLZ<strong><strong>&nbsp;&nbsp;&nbsp;&nbsp;&nbsp;&nbsp;&nbsp;&nbsp;&nbsp;&nbsp;&nbsp;<\/strong>&nbsp;&nbsp;&nbsp;&nbsp;&nbsp;&nbsp;&nbsp;&nbsp;&nbsp;&nbsp;&nbsp;<\/strong>: 21352240<br>BIC<strong><strong>&nbsp;&nbsp;&nbsp;&nbsp;&nbsp;&nbsp;&nbsp;&nbsp;&nbsp;&nbsp;&nbsp;<\/strong>&nbsp;&nbsp;&nbsp;&nbsp;&nbsp;&nbsp;&nbsp;&nbsp;&nbsp; &nbsp;&nbsp;<\/strong>: NOLADEHOL21<br>Konto<strong><strong>&nbsp;&nbsp;&nbsp;&nbsp;&nbsp;&nbsp;&nbsp;&nbsp;&nbsp;&nbsp;&nbsp;<\/strong>&nbsp;&nbsp;&nbsp;&nbsp;&nbsp;&nbsp;&nbsp;<\/strong>: 0179 2470 93<br>IBAN<strong>&nbsp;&nbsp;&nbsp;&nbsp;&nbsp;&nbsp;&nbsp;     <strong>&nbsp;<\/strong>  &nbsp;    &nbsp;&nbsp;<strong>&nbsp;&nbsp;&nbsp;&nbsp;&nbsp;<\/strong><\/strong>: DE13 2135 2240 0179 2470 93<br>Gl\u00e4ubiger-ID<strong>&nbsp;&nbsp;&nbsp;<\/strong>: DE95ZZZ00002405896<\/p>\n\n\n\n<p>\u00dcberweisung auf andere Konten sind nicht zul\u00e4ssig und werden nicht als Zahlungen anerkannt.<\/p>\n\n\n\n<p><strong>\u00a7 6 Ende der Mitgliedschaft<\/strong><\/p>\n\n\n\n<p>Die Mitgliedschaft endet mit dem Tod des Mitglieds, Austritt oder Ausschluss aus dem Verein. Der Austritt kann nur zum Ende des Quartals erfolgen und muss 4 Wochen vor dem Quartalsende schriftlich dem Vorstand mitgeteilt werden. Die Mitgliedschaft ist nicht \u00fcbertragbar.<\/p>\n\n\n\n<p>Die Beitragsordnung steht hier zum Download zur Verf\u00fcgung: <a href=\"https:\/\/tatami-samurai.de\/tsjc\/wp-content\/uploads\/Beitragsordnung-des-Tatami-Samurai-Judoclub-Eutin.pdf\" target=\"_blank\" rel=\"noreferrer noopener\"><img loading=\"lazy\" decoding=\"async\" width=\"48\" height=\"48\" class=\"wp-image-131\" style=\"width: 48px;\" src=\"https:\/\/tatami-samurai.de\/tsjc\/wp-content\/uploads\/pdf.png\" alt=\"\"><\/a><\/p>\n","protected":false},"excerpt":{"rendered":"<p>Beitrags- und Geb\u00fchrenordnung des Tatami Samurai Judoclub Eutin (Stand Juli 2025) \u00a7 1 GrundsatzDiese Beitragsordnung ist nicht Bestandteil der Satzung. Sie regelt die Beitragsverpflichtungen der Mitglieder sowie die Geb\u00fchren und Umlagen. Sie kann nur von der Mitgliederversammlung des Vereins ge\u00e4ndert werden. \u00a7 2 Solidarit\u00e4tsprinzipWesentliche Grundlage f\u00fcr die finanzielle Ausstattung des Vereins ist das Beitragsaufkommen der [&hellip;]<\/p>\n","protected":false},"author":1,"featured_media":0,"parent":0,"menu_order":0,"comment_status":"closed","ping_status":"closed","template":"","meta":{"footnotes":""},"class_list":["post-17","page","type-page","status-publish","hentry"],"yoast_head":"<!-- This site is optimized with the Yoast SEO plugin v20.6 - https:\/\/yoast.com\/wordpress\/plugins\/seo\/ -->\n<title>Beitragsordnung | Tatami Samurai Judoclub Eutin e. V.<\/title>\n<meta name=\"robots\" content=\"index, follow, max-snippet:-1, max-image-preview:large, max-video-preview:-1\" \/>\n<link rel=\"canonical\" href=\"https:\/\/tatami-samurai.de\/tsjc\/beitragsordnung\/\" \/>\n<meta property=\"og:locale\" content=\"de_DE\" \/>\n<meta property=\"og:type\" content=\"article\" \/>\n<meta property=\"og:title\" content=\"Beitragsordnung | Tatami Samurai Judoclub Eutin e. V.\" \/>\n<meta property=\"og:description\" content=\"Beitrags- und Geb\u00fchrenordnung des Tatami Samurai Judoclub Eutin (Stand Juli 2025) \u00a7 1 GrundsatzDiese Beitragsordnung ist nicht Bestandteil der Satzung. Sie regelt die Beitragsverpflichtungen der Mitglieder sowie die Geb\u00fchren und Umlagen. Sie kann nur von der Mitgliederversammlung des Vereins ge\u00e4ndert werden. \u00a7 2 Solidarit\u00e4tsprinzipWesentliche Grundlage f\u00fcr die finanzielle Ausstattung des Vereins ist das Beitragsaufkommen der [&hellip;]\" \/>\n<meta property=\"og:url\" content=\"https:\/\/tatami-samurai.de\/tsjc\/beitragsordnung\/\" \/>\n<meta property=\"og:site_name\" content=\"Tatami Samurai Judoclub Eutin e. V.\" \/>\n<meta property=\"article:modified_time\" content=\"2025-05-18T08:42:10+00:00\" \/>\n<meta property=\"og:image\" content=\"https:\/\/tatami-samurai.de\/tsjc\/wp-content\/uploads\/pdf.png\" \/>\n<meta name=\"twitter:card\" content=\"summary_large_image\" \/>\n<meta name=\"twitter:label1\" content=\"Gesch\u00e4tzte Lesezeit\" \/>\n\t<meta name=\"twitter:data1\" content=\"4\u00a0Minuten\" \/>\n<script type=\"application\/ld+json\" class=\"yoast-schema-graph\">{\"@context\":\"https:\/\/schema.org\",\"@graph\":[{\"@type\":\"WebPage\",\"@id\":\"https:\/\/tatami-samurai.de\/tsjc\/beitragsordnung\/\",\"url\":\"https:\/\/tatami-samurai.de\/tsjc\/beitragsordnung\/\",\"name\":\"Beitragsordnung | Tatami Samurai Judoclub Eutin e. V.\",\"isPartOf\":{\"@id\":\"https:\/\/tatami-samurai.de\/tsjc\/#website\"},\"datePublished\":\"2021-11-19T13:01:12+00:00\",\"dateModified\":\"2025-05-18T08:42:10+00:00\",\"breadcrumb\":{\"@id\":\"https:\/\/tatami-samurai.de\/tsjc\/beitragsordnung\/#breadcrumb\"},\"inLanguage\":\"de\",\"potentialAction\":[{\"@type\":\"ReadAction\",\"target\":[\"https:\/\/tatami-samurai.de\/tsjc\/beitragsordnung\/\"]}]},{\"@type\":\"BreadcrumbList\",\"@id\":\"https:\/\/tatami-samurai.de\/tsjc\/beitragsordnung\/#breadcrumb\",\"itemListElement\":[{\"@type\":\"ListItem\",\"position\":1,\"name\":\"Startseite\",\"item\":\"https:\/\/tatami-samurai.de\/tsjc\/\"},{\"@type\":\"ListItem\",\"position\":2,\"name\":\"Beitragsordnung\"}]},{\"@type\":\"WebSite\",\"@id\":\"https:\/\/tatami-samurai.de\/tsjc\/#website\",\"url\":\"https:\/\/tatami-samurai.de\/tsjc\/\",\"name\":\"Tatami Samurai Judoclub Eutin e. V.\",\"description\":\"\",\"publisher\":{\"@id\":\"https:\/\/tatami-samurai.de\/tsjc\/#organization\"},\"potentialAction\":[{\"@type\":\"SearchAction\",\"target\":{\"@type\":\"EntryPoint\",\"urlTemplate\":\"https:\/\/tatami-samurai.de\/tsjc\/?s={search_term_string}\"},\"query-input\":\"required name=search_term_string\"}],\"inLanguage\":\"de\"},{\"@type\":\"Organization\",\"@id\":\"https:\/\/tatami-samurai.de\/tsjc\/#organization\",\"name\":\"Tatami Samurai Judoclub Eutin e. V.\",\"url\":\"https:\/\/tatami-samurai.de\/tsjc\/\",\"logo\":{\"@type\":\"ImageObject\",\"inLanguage\":\"de\",\"@id\":\"https:\/\/tatami-samurai.de\/tsjc\/#\/schema\/logo\/image\/\",\"url\":\"https:\/\/tatami-samurai.de\/tsjc\/wp-content\/uploads\/Logo-Tatami-Samurai-rund-ohne-Judoka-512.png\",\"contentUrl\":\"https:\/\/tatami-samurai.de\/tsjc\/wp-content\/uploads\/Logo-Tatami-Samurai-rund-ohne-Judoka-512.png\",\"width\":512,\"height\":511,\"caption\":\"Tatami Samurai Judoclub Eutin e. V.\"},\"image\":{\"@id\":\"https:\/\/tatami-samurai.de\/tsjc\/#\/schema\/logo\/image\/\"}}]}<\/script>\n<!-- \/ Yoast SEO plugin. -->","yoast_head_json":{"title":"Beitragsordnung | Tatami Samurai Judoclub Eutin e. V.","robots":{"index":"index","follow":"follow","max-snippet":"max-snippet:-1","max-image-preview":"max-image-preview:large","max-video-preview":"max-video-preview:-1"},"canonical":"https:\/\/tatami-samurai.de\/tsjc\/beitragsordnung\/","og_locale":"de_DE","og_type":"article","og_title":"Beitragsordnung | Tatami Samurai Judoclub Eutin e. V.","og_description":"Beitrags- und Geb\u00fchrenordnung des Tatami Samurai Judoclub Eutin (Stand Juli 2025) \u00a7 1 GrundsatzDiese Beitragsordnung ist nicht Bestandteil der Satzung. Sie regelt die Beitragsverpflichtungen der Mitglieder sowie die Geb\u00fchren und Umlagen. Sie kann nur von der Mitgliederversammlung des Vereins ge\u00e4ndert werden. \u00a7 2 Solidarit\u00e4tsprinzipWesentliche Grundlage f\u00fcr die finanzielle Ausstattung des Vereins ist das Beitragsaufkommen der [&hellip;]","og_url":"https:\/\/tatami-samurai.de\/tsjc\/beitragsordnung\/","og_site_name":"Tatami Samurai Judoclub Eutin e. V.","article_modified_time":"2025-05-18T08:42:10+00:00","og_image":[{"url":"https:\/\/tatami-samurai.de\/tsjc\/wp-content\/uploads\/pdf.png"}],"twitter_card":"summary_large_image","twitter_misc":{"Gesch\u00e4tzte Lesezeit":"4\u00a0Minuten"},"schema":{"@context":"https:\/\/schema.org","@graph":[{"@type":"WebPage","@id":"https:\/\/tatami-samurai.de\/tsjc\/beitragsordnung\/","url":"https:\/\/tatami-samurai.de\/tsjc\/beitragsordnung\/","name":"Beitragsordnung | Tatami Samurai Judoclub Eutin e. V.","isPartOf":{"@id":"https:\/\/tatami-samurai.de\/tsjc\/#website"},"datePublished":"2021-11-19T13:01:12+00:00","dateModified":"2025-05-18T08:42:10+00:00","breadcrumb":{"@id":"https:\/\/tatami-samurai.de\/tsjc\/beitragsordnung\/#breadcrumb"},"inLanguage":"de","potentialAction":[{"@type":"ReadAction","target":["https:\/\/tatami-samurai.de\/tsjc\/beitragsordnung\/"]}]},{"@type":"BreadcrumbList","@id":"https:\/\/tatami-samurai.de\/tsjc\/beitragsordnung\/#breadcrumb","itemListElement":[{"@type":"ListItem","position":1,"name":"Startseite","item":"https:\/\/tatami-samurai.de\/tsjc\/"},{"@type":"ListItem","position":2,"name":"Beitragsordnung"}]},{"@type":"WebSite","@id":"https:\/\/tatami-samurai.de\/tsjc\/#website","url":"https:\/\/tatami-samurai.de\/tsjc\/","name":"Tatami Samurai Judoclub Eutin e. V.","description":"","publisher":{"@id":"https:\/\/tatami-samurai.de\/tsjc\/#organization"},"potentialAction":[{"@type":"SearchAction","target":{"@type":"EntryPoint","urlTemplate":"https:\/\/tatami-samurai.de\/tsjc\/?s={search_term_string}"},"query-input":"required name=search_term_string"}],"inLanguage":"de"},{"@type":"Organization","@id":"https:\/\/tatami-samurai.de\/tsjc\/#organization","name":"Tatami Samurai Judoclub Eutin e. V.","url":"https:\/\/tatami-samurai.de\/tsjc\/","logo":{"@type":"ImageObject","inLanguage":"de","@id":"https:\/\/tatami-samurai.de\/tsjc\/#\/schema\/logo\/image\/","url":"https:\/\/tatami-samurai.de\/tsjc\/wp-content\/uploads\/Logo-Tatami-Samurai-rund-ohne-Judoka-512.png","contentUrl":"https:\/\/tatami-samurai.de\/tsjc\/wp-content\/uploads\/Logo-Tatami-Samurai-rund-ohne-Judoka-512.png","width":512,"height":511,"caption":"Tatami Samurai Judoclub Eutin e. V."},"image":{"@id":"https:\/\/tatami-samurai.de\/tsjc\/#\/schema\/logo\/image\/"}}]}},"_links":{"self":[{"href":"https:\/\/tatami-samurai.de\/tsjc\/wp-json\/wp\/v2\/pages\/17","targetHints":{"allow":["GET"]}}],"collection":[{"href":"https:\/\/tatami-samurai.de\/tsjc\/wp-json\/wp\/v2\/pages"}],"about":[{"href":"https:\/\/tatami-samurai.de\/tsjc\/wp-json\/wp\/v2\/types\/page"}],"author":[{"embeddable":true,"href":"https:\/\/tatami-samurai.de\/tsjc\/wp-json\/wp\/v2\/users\/1"}],"replies":[{"embeddable":true,"href":"https:\/\/tatami-samurai.de\/tsjc\/wp-json\/wp\/v2\/comments?post=17"}],"version-history":[{"count":15,"href":"https:\/\/tatami-samurai.de\/tsjc\/wp-json\/wp\/v2\/pages\/17\/revisions"}],"predecessor-version":[{"id":6211,"href":"https:\/\/tatami-samurai.de\/tsjc\/wp-json\/wp\/v2\/pages\/17\/revisions\/6211"}],"wp:attachment":[{"href":"https:\/\/tatami-samurai.de\/tsjc\/wp-json\/wp\/v2\/media?parent=17"}],"curies":[{"name":"wp","href":"https:\/\/api.w.org\/{rel}","templated":true}]}}