{"id":28,"date":"2021-11-19T14:04:35","date_gmt":"2021-11-19T13:04:35","guid":{"rendered":"https:\/\/tatami-samurai.de\/tsjc\/?page_id=28"},"modified":"2022-01-05T18:58:10","modified_gmt":"2022-01-05T17:58:10","slug":"judo-safari","status":"publish","type":"page","link":"https:\/\/tatami-samurai.de\/tsjc\/judo-safari\/","title":{"rendered":"Judo Safari"},"content":{"rendered":"\n<div class=\"wp-block-image\"><figure class=\"aligncenter size-large is-resized\"><img loading=\"lazy\" decoding=\"async\" src=\"https:\/\/tatami-samurai.de\/tsjc\/wp-content\/uploads\/Judo_Safari-1024x548.png\" alt=\"\" class=\"wp-image-340\" width=\"512\" height=\"274\" srcset=\"https:\/\/tatami-samurai.de\/tsjc\/wp-content\/uploads\/Judo_Safari-1024x548.png 1024w, https:\/\/tatami-samurai.de\/tsjc\/wp-content\/uploads\/Judo_Safari-300x160.png 300w, https:\/\/tatami-samurai.de\/tsjc\/wp-content\/uploads\/Judo_Safari-150x80.png 150w, https:\/\/tatami-samurai.de\/tsjc\/wp-content\/uploads\/Judo_Safari-768x411.png 768w, https:\/\/tatami-samurai.de\/tsjc\/wp-content\/uploads\/Judo_Safari.png 1283w\" sizes=\"auto, (max-width: 512px) 100vw, 512px\" \/><\/figure><\/div>\n\n\n\n<p class=\"has-text-align-left\">Hier bei uns, den Tatami Samurai&#8217;s, k\u00f6nnt ihr zus\u00e4tzlich zum Judosport, auch an einem Breitensportwettbewerb teilnehmen, der Judo-Safari. Diese bieten wir jungen Judoka bis 14 Jahren j\u00e4hrlich an.<br>Hier k\u00f6nnen sie zusammen, mit ihren Freunden und Vereinskameraden in verschiedenen Disziplinen wetteifern und viel Spa\u00df haben.<\/p>\n\n\n\n<p>Die Judo-Safari ist eine Breitensportaktion des Deutschen Judo-Bundes e. V. (DJB), das \u00fcber ihre Landesverb\u00e4nde angeschlossenen Vereine f\u00fcr alle M\u00e4dchen und Jungen bis 14 Jahren durchgef\u00fchrt wird. Viele Vereine beteiligen sich j\u00e4hrlich an dieser Breitensportaktion des DJB.<\/p>\n\n\n\n<p>Die Judo-Safari ist ein Wettbewerb, der in drei Teile untergliedert ist. Hierzu geh\u00f6ren der Budo-Wettkampf (ein japanisches Turnier, Budo ist der Oberbegriff f\u00fcr alle asiatischen Kampfsportarten), ein kreativer Teil und ein leichtathletischer Wettbewerb.<\/p>\n\n\n\n<p>Beim \u201ejapanischen Turnier\u201c, beginnen die beiden leichtstesten K\u00e4mpfer und der jeweilige Kampfsieger bleibt solange auf der Matte, bis er maximal f\u00fcnf K\u00e4mpfe gewonnen hat. Die K\u00e4mpfer erhalten f\u00fcr jeden gewonnenen Kampf Punkte.<\/p>\n\n\n\n<p>Im kreativen Teil sind die Vereine in den Themen und Arbeitsweisen frei. Sie k\u00f6nnen sich entscheiden, ob Mal- oder Bastelwettbewerbe, Fotoarbeiten, schriftliche Ausarbeitungen oder auch das Einreichen einer Mini-Kata (eine kleine Vorf\u00fchrung von einzelnen Judo-Techniken in den Bewegungsabl\u00e4ufen mit dem Partner\/in) vorgegeben werden. Die Themen sollten sich allerdings mit der Jugendarbeit des Vereins oder mit Judo besch\u00e4ftigen. F\u00fcr den kreativen Teil k\u00f6nnen die Teilnehmer zwischen 10 und 50 Punkten erreichen.<\/p>\n\n\n\n<p>Zu guter Letzt kommt der leichtathletische Wettbewerb. Auch hier k\u00f6nnen die Wettbewerbsbedingungen flexibel gehandhabt werden. Statt z. B. eines Turniers im Judo k\u00f6nnte ein Sumo-Turnier durchgef\u00fchrt werden, um auch Anf\u00e4ngern oder Nichtjudoka die Teilnahme erm\u00f6glichen zu k\u00f6nnen. Er kann auch in der Durchf\u00fchrung unter ge\u00e4nderten Disziplinen in der Sporthalle durchgef\u00fchrt werden.<\/p>\n\n\n\n<p>Je nach erreichter Punktzahl werden an die Teilnehmer Abzeichen vergeben, die an die Judo-G\u00fcrtelfarben angeglichen sind.<\/p>\n\n\n\n<p class=\"has-text-align-center\" style=\"font-size:24px\"><strong><u>Diese Tierabzeichen k\u00f6nnt ihr erreichen:<\/u><\/strong><\/p>\n\n\n\n<div class=\"wp-block-columns is-layout-flex wp-container-core-columns-is-layout-1 wp-block-columns-is-layout-flex\">\n<div class=\"wp-block-column is-layout-flow wp-block-column-is-layout-flow\">\n<p class=\"has-text-align-center\"><img loading=\"lazy\" decoding=\"async\" width=\"150\" height=\"151\" class=\"wp-image-349\" style=\"width: 150px;\" src=\"https:\/\/tatami-samurai.de\/tsjc\/wp-content\/uploads\/Kaenguru.png\" alt=\"\" srcset=\"https:\/\/tatami-samurai.de\/tsjc\/wp-content\/uploads\/Kaenguru.png 710w, https:\/\/tatami-samurai.de\/tsjc\/wp-content\/uploads\/Kaenguru-297x300.png 297w, https:\/\/tatami-samurai.de\/tsjc\/wp-content\/uploads\/Kaenguru-150x150.png 150w\" sizes=\"auto, (max-width: 150px) 100vw, 150px\" \/><br><strong>Gelbes K\u00e4nguru f\u00fcr die Punkte von 0 bis 80<\/strong><\/p>\n<\/div>\n\n\n\n<div class=\"wp-block-column is-layout-flow wp-block-column-is-layout-flow\">\n<p class=\"has-text-align-center\"><img loading=\"lazy\" decoding=\"async\" width=\"150\" height=\"153\" class=\"wp-image-348\" style=\"width: 150px;\" src=\"https:\/\/tatami-samurai.de\/tsjc\/wp-content\/uploads\/Fuchs.png\" alt=\"\" srcset=\"https:\/\/tatami-samurai.de\/tsjc\/wp-content\/uploads\/Fuchs.png 716w, https:\/\/tatami-samurai.de\/tsjc\/wp-content\/uploads\/Fuchs-294x300.png 294w, https:\/\/tatami-samurai.de\/tsjc\/wp-content\/uploads\/Fuchs-147x150.png 147w\" sizes=\"auto, (max-width: 150px) 100vw, 150px\" \/><br><strong>Roter Fuchs f\u00fcr die Punkte von 81 bis 120<\/strong><\/p>\n<\/div>\n\n\n\n<div class=\"wp-block-column is-layout-flow wp-block-column-is-layout-flow\">\n<p class=\"has-text-align-center\"><img loading=\"lazy\" decoding=\"async\" width=\"150\" height=\"146\" class=\"wp-image-351\" style=\"width: 150px;\" src=\"https:\/\/tatami-samurai.de\/tsjc\/wp-content\/uploads\/Schlange.png\" alt=\"\" srcset=\"https:\/\/tatami-samurai.de\/tsjc\/wp-content\/uploads\/Schlange.png 727w, https:\/\/tatami-samurai.de\/tsjc\/wp-content\/uploads\/Schlange-300x293.png 300w, https:\/\/tatami-samurai.de\/tsjc\/wp-content\/uploads\/Schlange-150x146.png 150w\" sizes=\"auto, (max-width: 150px) 100vw, 150px\" \/><br><strong>Gr\u00fcne Schlange f\u00fcr die Punkte von 121 bis 150<\/strong><\/p>\n<\/div>\n<\/div>\n\n\n\n<div class=\"wp-block-columns is-layout-flex wp-container-core-columns-is-layout-2 wp-block-columns-is-layout-flex\">\n<div class=\"wp-block-column is-layout-flow wp-block-column-is-layout-flow\">\n<p class=\"has-text-align-center\"><img loading=\"lazy\" decoding=\"async\" width=\"150\" height=\"148\" class=\"wp-image-346\" style=\"width: 150px;\" src=\"https:\/\/tatami-samurai.de\/tsjc\/wp-content\/uploads\/Adler.png\" alt=\"\" srcset=\"https:\/\/tatami-samurai.de\/tsjc\/wp-content\/uploads\/Adler.png 714w, https:\/\/tatami-samurai.de\/tsjc\/wp-content\/uploads\/Adler-300x297.png 300w, https:\/\/tatami-samurai.de\/tsjc\/wp-content\/uploads\/Adler-150x148.png 150w\" sizes=\"auto, (max-width: 150px) 100vw, 150px\" \/><br><strong>Blauer Adler f\u00fcr die Punkte von 151 bis 190<\/strong><\/p>\n<\/div>\n\n\n\n<div class=\"wp-block-column is-layout-flow wp-block-column-is-layout-flow\">\n<p class=\"has-text-align-center\"><img loading=\"lazy\" decoding=\"async\" width=\"150\" height=\"150\" class=\"wp-image-347\" style=\"width: 150px;\" src=\"https:\/\/tatami-samurai.de\/tsjc\/wp-content\/uploads\/Baer.png\" alt=\"\" srcset=\"https:\/\/tatami-samurai.de\/tsjc\/wp-content\/uploads\/Baer.png 706w, https:\/\/tatami-samurai.de\/tsjc\/wp-content\/uploads\/Baer-300x300.png 300w, https:\/\/tatami-samurai.de\/tsjc\/wp-content\/uploads\/Baer-150x150.png 150w\" sizes=\"auto, (max-width: 150px) 100vw, 150px\" \/><br><strong>Brauner B\u00e4r f\u00fcr die Punkte von 191 bis 224<\/strong><\/p>\n<\/div>\n\n\n\n<div class=\"wp-block-column is-layout-flow wp-block-column-is-layout-flow\">\n<p class=\"has-text-align-center\"><img loading=\"lazy\" decoding=\"async\" width=\"150\" height=\"151\" class=\"wp-image-350\" style=\"width: 150px;\" src=\"https:\/\/tatami-samurai.de\/tsjc\/wp-content\/uploads\/Panther.png\" alt=\"\" srcset=\"https:\/\/tatami-samurai.de\/tsjc\/wp-content\/uploads\/Panther.png 710w, https:\/\/tatami-samurai.de\/tsjc\/wp-content\/uploads\/Panther-298x300.png 298w, https:\/\/tatami-samurai.de\/tsjc\/wp-content\/uploads\/Panther-150x150.png 150w\" sizes=\"auto, (max-width: 150px) 100vw, 150px\" \/><br><strong>Schwarzer Panther f\u00fcr die Punkte von 225 und mehr<\/strong><\/p>\n<\/div>\n<\/div>\n\n\n\n<p class=\"has-text-align-center has-normal-font-size\">Texte und Bilder \u00a9 DJB (<a href=\"https:\/\/www.judobund.de\/jugend\/jugendaktionen\/judo-safari\/\" target=\"_blank\" rel=\"noreferrer noopener\">Judo-Safari\u00a0:\u00a0Jugendaktionen\u00a0:\u00a0Jugend\u00a0:\u00a0Deutscher Judo-Bund (judobund.de)<\/a>)<\/p>\n","protected":false},"excerpt":{"rendered":"<p>Hier bei uns, den Tatami Samurai&#8217;s, k\u00f6nnt ihr zus\u00e4tzlich zum Judosport, auch an einem Breitensportwettbewerb teilnehmen, der Judo-Safari. Diese bieten wir jungen Judoka bis 14 Jahren j\u00e4hrlich an.Hier k\u00f6nnen sie zusammen, mit ihren Freunden und Vereinskameraden in verschiedenen Disziplinen wetteifern und viel Spa\u00df haben. Die Judo-Safari ist eine Breitensportaktion des Deutschen Judo-Bundes e. V. (DJB), [&hellip;]<\/p>\n","protected":false},"author":1,"featured_media":0,"parent":0,"menu_order":0,"comment_status":"closed","ping_status":"closed","template":"","meta":{"footnotes":""},"class_list":["post-28","page","type-page","status-publish","hentry"],"yoast_head":"<!-- This site is optimized with the Yoast SEO plugin v20.6 - https:\/\/yoast.com\/wordpress\/plugins\/seo\/ -->\n<title>Judo Safari | Tatami Samurai Judoclub Eutin e. V.<\/title>\n<meta name=\"robots\" content=\"index, follow, max-snippet:-1, max-image-preview:large, max-video-preview:-1\" \/>\n<link rel=\"canonical\" href=\"https:\/\/tatami-samurai.de\/tsjc\/judo-safari\/\" \/>\n<meta property=\"og:locale\" content=\"de_DE\" \/>\n<meta property=\"og:type\" content=\"article\" \/>\n<meta property=\"og:title\" content=\"Judo Safari | Tatami Samurai Judoclub Eutin e. V.\" \/>\n<meta property=\"og:description\" content=\"Hier bei uns, den Tatami Samurai&#8217;s, k\u00f6nnt ihr zus\u00e4tzlich zum Judosport, auch an einem Breitensportwettbewerb teilnehmen, der Judo-Safari. Diese bieten wir jungen Judoka bis 14 Jahren j\u00e4hrlich an.Hier k\u00f6nnen sie zusammen, mit ihren Freunden und Vereinskameraden in verschiedenen Disziplinen wetteifern und viel Spa\u00df haben. Die Judo-Safari ist eine Breitensportaktion des Deutschen Judo-Bundes e. V. (DJB), [&hellip;]\" \/>\n<meta property=\"og:url\" content=\"https:\/\/tatami-samurai.de\/tsjc\/judo-safari\/\" \/>\n<meta property=\"og:site_name\" content=\"Tatami Samurai Judoclub Eutin e. V.\" \/>\n<meta property=\"article:modified_time\" content=\"2022-01-05T17:58:10+00:00\" \/>\n<meta property=\"og:image\" content=\"https:\/\/tatami-samurai.de\/tsjc\/wp-content\/uploads\/Judo_Safari-1024x548.png\" \/>\n<meta name=\"twitter:card\" content=\"summary_large_image\" \/>\n<meta name=\"twitter:label1\" content=\"Gesch\u00e4tzte Lesezeit\" \/>\n\t<meta name=\"twitter:data1\" content=\"2\u00a0Minuten\" \/>\n<script type=\"application\/ld+json\" class=\"yoast-schema-graph\">{\"@context\":\"https:\/\/schema.org\",\"@graph\":[{\"@type\":\"WebPage\",\"@id\":\"https:\/\/tatami-samurai.de\/tsjc\/judo-safari\/\",\"url\":\"https:\/\/tatami-samurai.de\/tsjc\/judo-safari\/\",\"name\":\"Judo Safari | Tatami Samurai Judoclub Eutin e. V.\",\"isPartOf\":{\"@id\":\"https:\/\/tatami-samurai.de\/tsjc\/#website\"},\"datePublished\":\"2021-11-19T13:04:35+00:00\",\"dateModified\":\"2022-01-05T17:58:10+00:00\",\"breadcrumb\":{\"@id\":\"https:\/\/tatami-samurai.de\/tsjc\/judo-safari\/#breadcrumb\"},\"inLanguage\":\"de\",\"potentialAction\":[{\"@type\":\"ReadAction\",\"target\":[\"https:\/\/tatami-samurai.de\/tsjc\/judo-safari\/\"]}]},{\"@type\":\"BreadcrumbList\",\"@id\":\"https:\/\/tatami-samurai.de\/tsjc\/judo-safari\/#breadcrumb\",\"itemListElement\":[{\"@type\":\"ListItem\",\"position\":1,\"name\":\"Startseite\",\"item\":\"https:\/\/tatami-samurai.de\/tsjc\/\"},{\"@type\":\"ListItem\",\"position\":2,\"name\":\"Judo Safari\"}]},{\"@type\":\"WebSite\",\"@id\":\"https:\/\/tatami-samurai.de\/tsjc\/#website\",\"url\":\"https:\/\/tatami-samurai.de\/tsjc\/\",\"name\":\"Tatami Samurai Judoclub Eutin e. V.\",\"description\":\"\",\"publisher\":{\"@id\":\"https:\/\/tatami-samurai.de\/tsjc\/#organization\"},\"potentialAction\":[{\"@type\":\"SearchAction\",\"target\":{\"@type\":\"EntryPoint\",\"urlTemplate\":\"https:\/\/tatami-samurai.de\/tsjc\/?s={search_term_string}\"},\"query-input\":\"required name=search_term_string\"}],\"inLanguage\":\"de\"},{\"@type\":\"Organization\",\"@id\":\"https:\/\/tatami-samurai.de\/tsjc\/#organization\",\"name\":\"Tatami Samurai Judoclub Eutin e. V.\",\"url\":\"https:\/\/tatami-samurai.de\/tsjc\/\",\"logo\":{\"@type\":\"ImageObject\",\"inLanguage\":\"de\",\"@id\":\"https:\/\/tatami-samurai.de\/tsjc\/#\/schema\/logo\/image\/\",\"url\":\"https:\/\/tatami-samurai.de\/tsjc\/wp-content\/uploads\/Logo-Tatami-Samurai-rund-ohne-Judoka-512.png\",\"contentUrl\":\"https:\/\/tatami-samurai.de\/tsjc\/wp-content\/uploads\/Logo-Tatami-Samurai-rund-ohne-Judoka-512.png\",\"width\":512,\"height\":511,\"caption\":\"Tatami Samurai Judoclub Eutin e. V.\"},\"image\":{\"@id\":\"https:\/\/tatami-samurai.de\/tsjc\/#\/schema\/logo\/image\/\"}}]}<\/script>\n<!-- \/ Yoast SEO plugin. -->","yoast_head_json":{"title":"Judo Safari | Tatami Samurai Judoclub Eutin e. V.","robots":{"index":"index","follow":"follow","max-snippet":"max-snippet:-1","max-image-preview":"max-image-preview:large","max-video-preview":"max-video-preview:-1"},"canonical":"https:\/\/tatami-samurai.de\/tsjc\/judo-safari\/","og_locale":"de_DE","og_type":"article","og_title":"Judo Safari | Tatami Samurai Judoclub Eutin e. V.","og_description":"Hier bei uns, den Tatami Samurai&#8217;s, k\u00f6nnt ihr zus\u00e4tzlich zum Judosport, auch an einem Breitensportwettbewerb teilnehmen, der Judo-Safari. Diese bieten wir jungen Judoka bis 14 Jahren j\u00e4hrlich an.Hier k\u00f6nnen sie zusammen, mit ihren Freunden und Vereinskameraden in verschiedenen Disziplinen wetteifern und viel Spa\u00df haben. Die Judo-Safari ist eine Breitensportaktion des Deutschen Judo-Bundes e. V. (DJB), [&hellip;]","og_url":"https:\/\/tatami-samurai.de\/tsjc\/judo-safari\/","og_site_name":"Tatami Samurai Judoclub Eutin e. V.","article_modified_time":"2022-01-05T17:58:10+00:00","og_image":[{"url":"https:\/\/tatami-samurai.de\/tsjc\/wp-content\/uploads\/Judo_Safari-1024x548.png"}],"twitter_card":"summary_large_image","twitter_misc":{"Gesch\u00e4tzte Lesezeit":"2\u00a0Minuten"},"schema":{"@context":"https:\/\/schema.org","@graph":[{"@type":"WebPage","@id":"https:\/\/tatami-samurai.de\/tsjc\/judo-safari\/","url":"https:\/\/tatami-samurai.de\/tsjc\/judo-safari\/","name":"Judo Safari | Tatami Samurai Judoclub Eutin e. V.","isPartOf":{"@id":"https:\/\/tatami-samurai.de\/tsjc\/#website"},"datePublished":"2021-11-19T13:04:35+00:00","dateModified":"2022-01-05T17:58:10+00:00","breadcrumb":{"@id":"https:\/\/tatami-samurai.de\/tsjc\/judo-safari\/#breadcrumb"},"inLanguage":"de","potentialAction":[{"@type":"ReadAction","target":["https:\/\/tatami-samurai.de\/tsjc\/judo-safari\/"]}]},{"@type":"BreadcrumbList","@id":"https:\/\/tatami-samurai.de\/tsjc\/judo-safari\/#breadcrumb","itemListElement":[{"@type":"ListItem","position":1,"name":"Startseite","item":"https:\/\/tatami-samurai.de\/tsjc\/"},{"@type":"ListItem","position":2,"name":"Judo Safari"}]},{"@type":"WebSite","@id":"https:\/\/tatami-samurai.de\/tsjc\/#website","url":"https:\/\/tatami-samurai.de\/tsjc\/","name":"Tatami Samurai Judoclub Eutin e. V.","description":"","publisher":{"@id":"https:\/\/tatami-samurai.de\/tsjc\/#organization"},"potentialAction":[{"@type":"SearchAction","target":{"@type":"EntryPoint","urlTemplate":"https:\/\/tatami-samurai.de\/tsjc\/?s={search_term_string}"},"query-input":"required name=search_term_string"}],"inLanguage":"de"},{"@type":"Organization","@id":"https:\/\/tatami-samurai.de\/tsjc\/#organization","name":"Tatami Samurai Judoclub Eutin e. V.","url":"https:\/\/tatami-samurai.de\/tsjc\/","logo":{"@type":"ImageObject","inLanguage":"de","@id":"https:\/\/tatami-samurai.de\/tsjc\/#\/schema\/logo\/image\/","url":"https:\/\/tatami-samurai.de\/tsjc\/wp-content\/uploads\/Logo-Tatami-Samurai-rund-ohne-Judoka-512.png","contentUrl":"https:\/\/tatami-samurai.de\/tsjc\/wp-content\/uploads\/Logo-Tatami-Samurai-rund-ohne-Judoka-512.png","width":512,"height":511,"caption":"Tatami Samurai Judoclub Eutin e. V."},"image":{"@id":"https:\/\/tatami-samurai.de\/tsjc\/#\/schema\/logo\/image\/"}}]}},"_links":{"self":[{"href":"https:\/\/tatami-samurai.de\/tsjc\/wp-json\/wp\/v2\/pages\/28","targetHints":{"allow":["GET"]}}],"collection":[{"href":"https:\/\/tatami-samurai.de\/tsjc\/wp-json\/wp\/v2\/pages"}],"about":[{"href":"https:\/\/tatami-samurai.de\/tsjc\/wp-json\/wp\/v2\/types\/page"}],"author":[{"embeddable":true,"href":"https:\/\/tatami-samurai.de\/tsjc\/wp-json\/wp\/v2\/users\/1"}],"replies":[{"embeddable":true,"href":"https:\/\/tatami-samurai.de\/tsjc\/wp-json\/wp\/v2\/comments?post=28"}],"version-history":[{"count":14,"href":"https:\/\/tatami-samurai.de\/tsjc\/wp-json\/wp\/v2\/pages\/28\/revisions"}],"predecessor-version":[{"id":367,"href":"https:\/\/tatami-samurai.de\/tsjc\/wp-json\/wp\/v2\/pages\/28\/revisions\/367"}],"wp:attachment":[{"href":"https:\/\/tatami-samurai.de\/tsjc\/wp-json\/wp\/v2\/media?parent=28"}],"curies":[{"name":"wp","href":"https:\/\/api.w.org\/{rel}","templated":true}]}}