{"id":30,"date":"2021-11-19T14:05:02","date_gmt":"2021-11-19T13:05:02","guid":{"rendered":"https:\/\/tatami-samurai.de\/tsjc\/?page_id=30"},"modified":"2022-01-05T20:16:29","modified_gmt":"2022-01-05T19:16:29","slug":"judo-etikette","status":"publish","type":"page","link":"https:\/\/tatami-samurai.de\/tsjc\/judo-etikette\/","title":{"rendered":"Judo-Etikette"},"content":{"rendered":"\n<p>Judo ist nicht nur ein reiner Zweikampf oder gar eine Pr\u00fcgelei. Nein, Judo ist definitiv mehr. Judo ist eine Lebenseinstellung, eine Charakterfrage. Das verdeutlicht nicht nur die \u00fcberall sichtbare Verbeugung, sondern ein Kodex, dem sich jeder Judoka verschrieben haben sollte.<\/p>\n\n\n\n<p class=\"has-text-align-center\" style=\"font-size:24px\"><strong>Die Judo-Etikette:<\/strong><\/p>\n\n\n\n<p>Den Schw\u00e4cheren zu Boden dr\u00fccken, das kann jeder. Aber Judo ist nicht nur blo\u00dfe Kraftprotzerei oder Angabe: Der beste Einsatz von Geist und K\u00f6rper \u2013 so lautet das erste Prinzip von Jigoro Kano (Begr\u00fcnder des Judo 1860 &#8211; 1938). <br><strong>\u201eSiegen durch Nachgeben\u201c<\/strong> ist das Erfolgsrezept, die richtige Taktik finden, auch einmal selbst zu fallen und die folgende Situation ausn\u00fctzen. Auf Grips kommt es an, nicht nur auf reine Muskelkraft.<\/p>\n\n\n\n<p class=\"image-float-left image-pad-5\"><img loading=\"lazy\" decoding=\"async\" width=\"120\" height=\"176\" class=\"wp-image-203\" style=\"width: 120px;\" src=\"https:\/\/tatami-samurai.de\/tsjc\/wp-content\/uploads\/freundschaft.png\" alt=\"\" srcset=\"https:\/\/tatami-samurai.de\/tsjc\/wp-content\/uploads\/freundschaft.png 248w, https:\/\/tatami-samurai.de\/tsjc\/wp-content\/uploads\/freundschaft-204x300.png 204w, https:\/\/tatami-samurai.de\/tsjc\/wp-content\/uploads\/freundschaft-102x150.png 102w\" sizes=\"auto, (max-width: 120px) 100vw, 120px\" \/>Ein Judoka braucht immer einen Partner, den Uke. Und auch dieser soll in jeder Einheit lernen. Jigoro Kano nennt es in seinem zweiten Judo-Prinzip <strong>\u201eGegenseitige Hilfe f\u00fcr den wechselseitigen Fortschritt und das beiderseitige Wohlergehen.\u201c<\/strong><br>Das bedeutet: Der Uke ist der Trainer und \u00dcbungspartner zugleich. Er gibt sowohl Ratschl\u00e4ge und ist auch zu Experimenten bereit bzw. stellt sich auch gerne zur Verf\u00fcgung, um etwas neues auszuprobieren. Er stemmt sich nicht dagegen, sondern arbeitet mit, dass der \u00dcbende, Tori genannt, sich verbessern kann, und nutzt dabei gleichzeitig die Chance, etwas selbst dadurch zu lernen. Das Ziel der Trainingsstunde ist erreicht, wenn am Ende sich beide Judoka verbessert haben.<\/p>\n\n\n\n<p class=\"image-float-left image-pad-5\"><img loading=\"lazy\" decoding=\"async\" width=\"150\" height=\"162\" class=\"wp-image-207\" style=\"width: 150px;\" src=\"https:\/\/tatami-samurai.de\/tsjc\/wp-content\/uploads\/respekt.png\" alt=\"\" srcset=\"https:\/\/tatami-samurai.de\/tsjc\/wp-content\/uploads\/respekt.png 330w, https:\/\/tatami-samurai.de\/tsjc\/wp-content\/uploads\/respekt-277x300.png 277w, https:\/\/tatami-samurai.de\/tsjc\/wp-content\/uploads\/respekt-139x150.png 139w\" sizes=\"auto, (max-width: 150px) 100vw, 150px\" \/>H\u00f6flichkeit und Respekt werden im Judo gro\u00dfgeschrieben. Der Judoka zeigt sie durch seine Verbeugung \u2013 wenn er das Dojo betritt und auch vor dem Begr\u00fcnder, Jigoro Kano, sofern ein Bild aufgeh\u00e4ngt ist, vor dem Betreten und nach dem Verlassen der Matte, bevor und nachdem er mit seinem Partner trainiert hat, vor und nach dem Wettkampf. <\/p>\n\n\n\n<p class=\"image-float-left image-pad-5\"><img loading=\"lazy\" decoding=\"async\" width=\"180\" height=\"120\" class=\"wp-image-205\" style=\"width: 180px;\" src=\"https:\/\/tatami-samurai.de\/tsjc\/wp-content\/uploads\/hoeflichkeit.png\" alt=\"\" srcset=\"https:\/\/tatami-samurai.de\/tsjc\/wp-content\/uploads\/hoeflichkeit.png 503w, https:\/\/tatami-samurai.de\/tsjc\/wp-content\/uploads\/hoeflichkeit-300x200.png 300w, https:\/\/tatami-samurai.de\/tsjc\/wp-content\/uploads\/hoeflichkeit-150x100.png 150w\" sizes=\"auto, (max-width: 180px) 100vw, 180px\" \/>Ein besonderes Ritual ist das An- und Abgr\u00fc\u00dfen zwischen Sch\u00fcler und Trainer vor und nach dem Training. Die Judoka knien, vom H\u00f6chstgraduierten am Anfang bis zum Sch\u00fcler mit der niedrigsten G\u00fcrtelfarbe nebeneinander. Sie nutzen die Momente, um sich zu sammeln und zur Ruhe zu kommen. Es gilt, sich f\u00fcr das kommende Training von der Au\u00dfenwelt abzugrenzen, allen \u00c4rger und eventuellen Problemen hinter sich zu lassen und sich so voll auf das Judo konzentrieren zu k\u00f6nnen. Sie schlie\u00dfen die Augen und \u00fcberlegen die Ziele der bevorstehenden \u00dcbungsstunde, oder gehen im Nachgang im Kopf noch einmal das eben Gelernte durch.<\/p>\n\n\n\n<p class=\"image-float-left image-pad-5\"><img loading=\"lazy\" decoding=\"async\" width=\"150\" height=\"141\" class=\"wp-image-119\" style=\"width: 150px;\" src=\"https:\/\/tatami-samurai.de\/tsjc\/wp-content\/uploads\/Mut.jpg\" alt=\"\" srcset=\"https:\/\/tatami-samurai.de\/tsjc\/wp-content\/uploads\/Mut.jpg 1140w, https:\/\/tatami-samurai.de\/tsjc\/wp-content\/uploads\/Mut-300x281.jpg 300w, https:\/\/tatami-samurai.de\/tsjc\/wp-content\/uploads\/Mut-1024x959.jpg 1024w, https:\/\/tatami-samurai.de\/tsjc\/wp-content\/uploads\/Mut-150x141.jpg 150w, https:\/\/tatami-samurai.de\/tsjc\/wp-content\/uploads\/Mut-768x719.jpg 768w\" sizes=\"auto, (max-width: 150px) 100vw, 150px\" \/>W\u00fcrdevoll verh\u00e4lt sich der Judoka auch im Dojo. Barfu\u00df laufen au\u00dferhalb der Matte ist tabu. Er r\u00e4umt seine Tasche und Trinkflasche an die vorgesehene Stelle, ist immer p\u00fcnktlich und aufmerksam. Der Judoka trainiert mit jedem, der ihn dazu auffordert. Er erkennt die Kritik seines \u00dcbungsleiters und seines Ukes an und versucht, an sich zu arbeiten und seine Techniken zu verbessern.<\/p>\n\n\n\n<p>Die Etikette ist auch in den so genannten <a href=\"https:\/\/tatami-samurai.de\/tsjc\/judo-werte\/\" data-type=\"page\" data-id=\"34\">Judo-Werten<\/a> zusammengefasst. Die Begriffe H\u00f6flichkeit, Hilfsbereitschaft, Ehrlichkeit, Ernsthaftigkeit, Respekt, Bescheidenheit, Wertsch\u00e4tzung, Mut, Selbstbeherrschung und Freundschaft zeichnen einen guten Judoka aus. All diese Charaktereigenschaften zeigt er nicht nur auf der Matte, sondern auch drau\u00dfen auf der Stra\u00dfe, in der Schule oder selbst zuhause. Judo ist ein Erziehungs- und Wertesystem, das auch im Alltag seine G\u00fcltigkeit besitzt. Respekt, gegenseitige Hilfe, miteinander Lernen oder einfach und auch einmal nachgeben \u2013 all das braucht der Judoka im Leben. Er kann es als Vorbild an seine Mitmenschen weitergeben.<\/p>\n\n\n\n<p class=\"has-text-align-center\"><strong>Hier noch eine Kurz\u00fcbersicht \u00fcber die wichtigsten Verhaltensregeln:<\/strong><\/p>\n\n\n\n<ol type=\"1\" class=\"ol-border-double-inside has-normal-font-size wp-block-list\"><li>Du solltest immer <strong><u>p\u00fcnktlich<\/u><\/strong> zum Unterrichtsbeginn kommen und nicht vor Ende des Trainings das Dojo verlassen.<\/li><li>Wenn du <strong><u>verletzt<\/u><\/strong> oder <strong><u>krank<\/u><\/strong> und am Trainieren gehindert bist, kannst du trotzdem von au\u00dfen dem Unterricht folgen und davon profitieren.<\/li><li>Au\u00dferhalb der Matte bewegt sich <strong><u>kein<\/u><\/strong> Judoka barfu\u00df.<\/li><li>Vergiss nicht, beim Betreten und Verlassen der Matte <strong><u>abzugr\u00fc\u00dfen<\/u><\/strong>.<\/li><li>Ohne Erlaubnis des \u00dcbungsleiters darf die Matte <strong><u>nicht<\/u><\/strong> verlassen werden.<\/li><li>Der Judogi muss immer <strong><u>sauber<\/u><\/strong> sein und immer wieder in Ordnung gebracht werden.<br>Er wird deshalb <strong><u>erst<\/u><\/strong> zum Training vor Ort an-\/ausgezogen.<\/li><li>Finger- und Fu\u00dfn\u00e4gel m\u00fcssen immer <strong><u>kurz<\/u><\/strong> geschnitten sein. Ebenso m\u00fcssen auch die F\u00fc\u00dfe <strong><u>sauber<\/u><\/strong> sein, da man beim Judo barfu\u00df trainiert.<\/li><li>W\u00e4hrend des Training darf <strong><u>kein<\/u><\/strong> Schmuck (Ringe, Uhren, Ohrringe, Halsketten, Armb\u00e4nder, Haarspangen aus oder mit Metall) getragen werden.<\/li><li>Lange Haare m\u00fcssen mit einem Haargummi (<strong><u>ohne<\/u><\/strong> Metall) zusammen gebunden werden.<\/li><li>Die Haare sollten aus Gr\u00fcnden der Verletzungsgefahr so hochgebunden sein, dass der Nackenbereich frei zum Greifen ist.<br>Essen und trinken auf der Matte sowie Kaugummi kauen w\u00e4hrend des Trainings ist <strong><u>verboten<\/u><\/strong>.<\/li><\/ol>\n","protected":false},"excerpt":{"rendered":"<p>Judo ist nicht nur ein reiner Zweikampf oder gar eine Pr\u00fcgelei. Nein, Judo ist definitiv mehr. Judo ist eine Lebenseinstellung, eine Charakterfrage. Das verdeutlicht nicht nur die \u00fcberall sichtbare Verbeugung, sondern ein Kodex, dem sich jeder Judoka verschrieben haben sollte. Die Judo-Etikette: Den Schw\u00e4cheren zu Boden dr\u00fccken, das kann jeder. Aber Judo ist nicht nur [&hellip;]<\/p>\n","protected":false},"author":1,"featured_media":0,"parent":0,"menu_order":0,"comment_status":"closed","ping_status":"closed","template":"","meta":{"footnotes":""},"class_list":["post-30","page","type-page","status-publish","hentry"],"yoast_head":"<!-- This site is optimized with the Yoast SEO plugin v20.6 - https:\/\/yoast.com\/wordpress\/plugins\/seo\/ -->\n<title>Judo-Etikette | Tatami Samurai Judoclub Eutin e. V.<\/title>\n<meta name=\"robots\" content=\"index, follow, max-snippet:-1, max-image-preview:large, max-video-preview:-1\" \/>\n<link rel=\"canonical\" href=\"https:\/\/tatami-samurai.de\/tsjc\/judo-etikette\/\" \/>\n<meta property=\"og:locale\" content=\"de_DE\" \/>\n<meta property=\"og:type\" content=\"article\" \/>\n<meta property=\"og:title\" content=\"Judo-Etikette | Tatami Samurai Judoclub Eutin e. V.\" \/>\n<meta property=\"og:description\" content=\"Judo ist nicht nur ein reiner Zweikampf oder gar eine Pr\u00fcgelei. Nein, Judo ist definitiv mehr. Judo ist eine Lebenseinstellung, eine Charakterfrage. Das verdeutlicht nicht nur die \u00fcberall sichtbare Verbeugung, sondern ein Kodex, dem sich jeder Judoka verschrieben haben sollte. Die Judo-Etikette: Den Schw\u00e4cheren zu Boden dr\u00fccken, das kann jeder. Aber Judo ist nicht nur [&hellip;]\" \/>\n<meta property=\"og:url\" content=\"https:\/\/tatami-samurai.de\/tsjc\/judo-etikette\/\" \/>\n<meta property=\"og:site_name\" content=\"Tatami Samurai Judoclub Eutin e. V.\" \/>\n<meta property=\"article:modified_time\" content=\"2022-01-05T19:16:29+00:00\" \/>\n<meta property=\"og:image\" content=\"https:\/\/tatami-samurai.de\/tsjc\/wp-content\/uploads\/freundschaft.png\" \/>\n<meta name=\"twitter:card\" content=\"summary_large_image\" \/>\n<meta name=\"twitter:label1\" content=\"Gesch\u00e4tzte Lesezeit\" \/>\n\t<meta name=\"twitter:data1\" content=\"4\u00a0Minuten\" \/>\n<script type=\"application\/ld+json\" class=\"yoast-schema-graph\">{\"@context\":\"https:\/\/schema.org\",\"@graph\":[{\"@type\":\"WebPage\",\"@id\":\"https:\/\/tatami-samurai.de\/tsjc\/judo-etikette\/\",\"url\":\"https:\/\/tatami-samurai.de\/tsjc\/judo-etikette\/\",\"name\":\"Judo-Etikette | Tatami Samurai Judoclub Eutin e. V.\",\"isPartOf\":{\"@id\":\"https:\/\/tatami-samurai.de\/tsjc\/#website\"},\"datePublished\":\"2021-11-19T13:05:02+00:00\",\"dateModified\":\"2022-01-05T19:16:29+00:00\",\"breadcrumb\":{\"@id\":\"https:\/\/tatami-samurai.de\/tsjc\/judo-etikette\/#breadcrumb\"},\"inLanguage\":\"de\",\"potentialAction\":[{\"@type\":\"ReadAction\",\"target\":[\"https:\/\/tatami-samurai.de\/tsjc\/judo-etikette\/\"]}]},{\"@type\":\"BreadcrumbList\",\"@id\":\"https:\/\/tatami-samurai.de\/tsjc\/judo-etikette\/#breadcrumb\",\"itemListElement\":[{\"@type\":\"ListItem\",\"position\":1,\"name\":\"Startseite\",\"item\":\"https:\/\/tatami-samurai.de\/tsjc\/\"},{\"@type\":\"ListItem\",\"position\":2,\"name\":\"Judo-Etikette\"}]},{\"@type\":\"WebSite\",\"@id\":\"https:\/\/tatami-samurai.de\/tsjc\/#website\",\"url\":\"https:\/\/tatami-samurai.de\/tsjc\/\",\"name\":\"Tatami Samurai Judoclub Eutin e. V.\",\"description\":\"\",\"publisher\":{\"@id\":\"https:\/\/tatami-samurai.de\/tsjc\/#organization\"},\"potentialAction\":[{\"@type\":\"SearchAction\",\"target\":{\"@type\":\"EntryPoint\",\"urlTemplate\":\"https:\/\/tatami-samurai.de\/tsjc\/?s={search_term_string}\"},\"query-input\":\"required name=search_term_string\"}],\"inLanguage\":\"de\"},{\"@type\":\"Organization\",\"@id\":\"https:\/\/tatami-samurai.de\/tsjc\/#organization\",\"name\":\"Tatami Samurai Judoclub Eutin e. V.\",\"url\":\"https:\/\/tatami-samurai.de\/tsjc\/\",\"logo\":{\"@type\":\"ImageObject\",\"inLanguage\":\"de\",\"@id\":\"https:\/\/tatami-samurai.de\/tsjc\/#\/schema\/logo\/image\/\",\"url\":\"https:\/\/tatami-samurai.de\/tsjc\/wp-content\/uploads\/Logo-Tatami-Samurai-rund-ohne-Judoka-512.png\",\"contentUrl\":\"https:\/\/tatami-samurai.de\/tsjc\/wp-content\/uploads\/Logo-Tatami-Samurai-rund-ohne-Judoka-512.png\",\"width\":512,\"height\":511,\"caption\":\"Tatami Samurai Judoclub Eutin e. V.\"},\"image\":{\"@id\":\"https:\/\/tatami-samurai.de\/tsjc\/#\/schema\/logo\/image\/\"}}]}<\/script>\n<!-- \/ Yoast SEO plugin. -->","yoast_head_json":{"title":"Judo-Etikette | Tatami Samurai Judoclub Eutin e. V.","robots":{"index":"index","follow":"follow","max-snippet":"max-snippet:-1","max-image-preview":"max-image-preview:large","max-video-preview":"max-video-preview:-1"},"canonical":"https:\/\/tatami-samurai.de\/tsjc\/judo-etikette\/","og_locale":"de_DE","og_type":"article","og_title":"Judo-Etikette | Tatami Samurai Judoclub Eutin e. V.","og_description":"Judo ist nicht nur ein reiner Zweikampf oder gar eine Pr\u00fcgelei. Nein, Judo ist definitiv mehr. Judo ist eine Lebenseinstellung, eine Charakterfrage. Das verdeutlicht nicht nur die \u00fcberall sichtbare Verbeugung, sondern ein Kodex, dem sich jeder Judoka verschrieben haben sollte. Die Judo-Etikette: Den Schw\u00e4cheren zu Boden dr\u00fccken, das kann jeder. Aber Judo ist nicht nur [&hellip;]","og_url":"https:\/\/tatami-samurai.de\/tsjc\/judo-etikette\/","og_site_name":"Tatami Samurai Judoclub Eutin e. V.","article_modified_time":"2022-01-05T19:16:29+00:00","og_image":[{"url":"https:\/\/tatami-samurai.de\/tsjc\/wp-content\/uploads\/freundschaft.png"}],"twitter_card":"summary_large_image","twitter_misc":{"Gesch\u00e4tzte Lesezeit":"4\u00a0Minuten"},"schema":{"@context":"https:\/\/schema.org","@graph":[{"@type":"WebPage","@id":"https:\/\/tatami-samurai.de\/tsjc\/judo-etikette\/","url":"https:\/\/tatami-samurai.de\/tsjc\/judo-etikette\/","name":"Judo-Etikette | Tatami Samurai Judoclub Eutin e. V.","isPartOf":{"@id":"https:\/\/tatami-samurai.de\/tsjc\/#website"},"datePublished":"2021-11-19T13:05:02+00:00","dateModified":"2022-01-05T19:16:29+00:00","breadcrumb":{"@id":"https:\/\/tatami-samurai.de\/tsjc\/judo-etikette\/#breadcrumb"},"inLanguage":"de","potentialAction":[{"@type":"ReadAction","target":["https:\/\/tatami-samurai.de\/tsjc\/judo-etikette\/"]}]},{"@type":"BreadcrumbList","@id":"https:\/\/tatami-samurai.de\/tsjc\/judo-etikette\/#breadcrumb","itemListElement":[{"@type":"ListItem","position":1,"name":"Startseite","item":"https:\/\/tatami-samurai.de\/tsjc\/"},{"@type":"ListItem","position":2,"name":"Judo-Etikette"}]},{"@type":"WebSite","@id":"https:\/\/tatami-samurai.de\/tsjc\/#website","url":"https:\/\/tatami-samurai.de\/tsjc\/","name":"Tatami Samurai Judoclub Eutin e. V.","description":"","publisher":{"@id":"https:\/\/tatami-samurai.de\/tsjc\/#organization"},"potentialAction":[{"@type":"SearchAction","target":{"@type":"EntryPoint","urlTemplate":"https:\/\/tatami-samurai.de\/tsjc\/?s={search_term_string}"},"query-input":"required name=search_term_string"}],"inLanguage":"de"},{"@type":"Organization","@id":"https:\/\/tatami-samurai.de\/tsjc\/#organization","name":"Tatami Samurai Judoclub Eutin e. V.","url":"https:\/\/tatami-samurai.de\/tsjc\/","logo":{"@type":"ImageObject","inLanguage":"de","@id":"https:\/\/tatami-samurai.de\/tsjc\/#\/schema\/logo\/image\/","url":"https:\/\/tatami-samurai.de\/tsjc\/wp-content\/uploads\/Logo-Tatami-Samurai-rund-ohne-Judoka-512.png","contentUrl":"https:\/\/tatami-samurai.de\/tsjc\/wp-content\/uploads\/Logo-Tatami-Samurai-rund-ohne-Judoka-512.png","width":512,"height":511,"caption":"Tatami Samurai Judoclub Eutin e. V."},"image":{"@id":"https:\/\/tatami-samurai.de\/tsjc\/#\/schema\/logo\/image\/"}}]}},"_links":{"self":[{"href":"https:\/\/tatami-samurai.de\/tsjc\/wp-json\/wp\/v2\/pages\/30","targetHints":{"allow":["GET"]}}],"collection":[{"href":"https:\/\/tatami-samurai.de\/tsjc\/wp-json\/wp\/v2\/pages"}],"about":[{"href":"https:\/\/tatami-samurai.de\/tsjc\/wp-json\/wp\/v2\/types\/page"}],"author":[{"embeddable":true,"href":"https:\/\/tatami-samurai.de\/tsjc\/wp-json\/wp\/v2\/users\/1"}],"replies":[{"embeddable":true,"href":"https:\/\/tatami-samurai.de\/tsjc\/wp-json\/wp\/v2\/comments?post=30"}],"version-history":[{"count":33,"href":"https:\/\/tatami-samurai.de\/tsjc\/wp-json\/wp\/v2\/pages\/30\/revisions"}],"predecessor-version":[{"id":448,"href":"https:\/\/tatami-samurai.de\/tsjc\/wp-json\/wp\/v2\/pages\/30\/revisions\/448"}],"wp:attachment":[{"href":"https:\/\/tatami-samurai.de\/tsjc\/wp-json\/wp\/v2\/media?parent=30"}],"curies":[{"name":"wp","href":"https:\/\/api.w.org\/{rel}","templated":true}]}}