{"id":34,"date":"2021-11-19T14:07:50","date_gmt":"2021-11-19T13:07:50","guid":{"rendered":"https:\/\/tatami-samurai.de\/tsjc\/?page_id=34"},"modified":"2022-01-05T19:33:51","modified_gmt":"2022-01-05T18:33:51","slug":"judo-werte","status":"publish","type":"page","link":"https:\/\/tatami-samurai.de\/tsjc\/judo-werte\/","title":{"rendered":"Judo-Werte"},"content":{"rendered":"\n<div class=\"wp-block-media-text alignwide has-media-on-the-right is-stacked-on-mobile\" style=\"grid-template-columns:auto 37%\"><figure class=\"wp-block-media-text__media\"><img loading=\"lazy\" decoding=\"async\" width=\"472\" height=\"175\" src=\"https:\/\/tatami-samurai.de\/tsjc\/wp-content\/uploads\/djblogo.png\" alt=\"\" class=\"wp-image-210 size-full\" srcset=\"https:\/\/tatami-samurai.de\/tsjc\/wp-content\/uploads\/djblogo.png 472w, https:\/\/tatami-samurai.de\/tsjc\/wp-content\/uploads\/djblogo-300x111.png 300w, https:\/\/tatami-samurai.de\/tsjc\/wp-content\/uploads\/djblogo-150x56.png 150w\" sizes=\"auto, (max-width: 472px) 100vw, 472px\" \/><\/figure><div class=\"wp-block-media-text__content\">\n<p style=\"font-size:40px\"><strong><u>Die 10 Judowerte des DJB<\/u><\/strong><\/p>\n<\/div><\/div>\n\n\n\n<hr class=\"wp-block-separator\"\/>\n\n\n\n<div class=\"wp-block-media-text alignwide is-stacked-on-mobile is-vertically-aligned-top\" style=\"grid-template-columns:24% auto\"><figure class=\"wp-block-media-text__media\"><img loading=\"lazy\" decoding=\"async\" width=\"503\" height=\"334\" src=\"https:\/\/tatami-samurai.de\/tsjc\/wp-content\/uploads\/hoeflichkeit.png\" alt=\"\" class=\"wp-image-205 size-full\" srcset=\"https:\/\/tatami-samurai.de\/tsjc\/wp-content\/uploads\/hoeflichkeit.png 503w, https:\/\/tatami-samurai.de\/tsjc\/wp-content\/uploads\/hoeflichkeit-300x200.png 300w, https:\/\/tatami-samurai.de\/tsjc\/wp-content\/uploads\/hoeflichkeit-150x100.png 150w\" sizes=\"auto, (max-width: 503px) 100vw, 503px\" \/><\/figure><div class=\"wp-block-media-text__content\">\n<p class=\"has-medium-font-size\"><strong><big><big>H\u00f6flichkeit<\/big><\/big><\/strong><br>Behandle deine Trainingspartner und Wettkampfgegner wie Freunde. Zeige deinen Respekt gegen\u00fcber jedem Judo-\u00dcbenden durch eine ordentliche Verbeugung.<br><\/p>\n<\/div><\/div>\n\n\n\n<div class=\"wp-block-media-text alignwide has-media-on-the-right is-stacked-on-mobile is-vertically-aligned-top\" style=\"grid-template-columns:auto 15%\"><figure class=\"wp-block-media-text__media\"><img loading=\"lazy\" decoding=\"async\" width=\"321\" height=\"364\" src=\"https:\/\/tatami-samurai.de\/tsjc\/wp-content\/uploads\/hilfsbereitschaft.png\" alt=\"\" class=\"wp-image-204 size-full\" srcset=\"https:\/\/tatami-samurai.de\/tsjc\/wp-content\/uploads\/hilfsbereitschaft.png 321w, https:\/\/tatami-samurai.de\/tsjc\/wp-content\/uploads\/hilfsbereitschaft-265x300.png 265w, https:\/\/tatami-samurai.de\/tsjc\/wp-content\/uploads\/hilfsbereitschaft-132x150.png 132w\" sizes=\"auto, (max-width: 321px) 100vw, 321px\" \/><\/figure><div class=\"wp-block-media-text__content\">\n<p class=\"has-medium-font-size\"><strong><big><big>Hilfsbereitschaft<\/big><\/big><\/strong><br>Hilf deinem Partner, die Techniken korrekt zu erlernen. Sei ein guter Uke. Unterst\u00fctze als H\u00f6her-Graduierter\/Trainings\u00e4lterer die Anf\u00e4nger. Hilf den Neuen, sich in der Gruppe zurecht zu finden.<\/p>\n<\/div><\/div>\n\n\n\n<div class=\"wp-block-media-text alignwide is-stacked-on-mobile is-vertically-aligned-center\" style=\"grid-template-columns:15% auto\"><figure class=\"wp-block-media-text__media\"><img loading=\"lazy\" decoding=\"async\" width=\"244\" height=\"381\" src=\"https:\/\/tatami-samurai.de\/tsjc\/wp-content\/uploads\/ehrlichkeit.png\" alt=\"\" class=\"wp-image-201 size-full\" srcset=\"https:\/\/tatami-samurai.de\/tsjc\/wp-content\/uploads\/ehrlichkeit.png 244w, https:\/\/tatami-samurai.de\/tsjc\/wp-content\/uploads\/ehrlichkeit-192x300.png 192w, https:\/\/tatami-samurai.de\/tsjc\/wp-content\/uploads\/ehrlichkeit-96x150.png 96w\" sizes=\"auto, (max-width: 244px) 100vw, 244px\" \/><\/figure><div class=\"wp-block-media-text__content\">\n<p class=\"has-medium-font-size\"><strong><big><big>Ehrlichkeit<\/big><\/big><\/strong><br>K\u00e4mpfe fair, ohne unsportliche Handlungen und ohne Hintergedanken.<\/p>\n<\/div><\/div>\n\n\n\n<div class=\"wp-block-media-text alignwide has-media-on-the-right is-stacked-on-mobile is-vertically-aligned-center\" style=\"grid-template-columns:auto 15%\"><figure class=\"wp-block-media-text__media\"><img loading=\"lazy\" decoding=\"async\" width=\"397\" height=\"361\" src=\"https:\/\/tatami-samurai.de\/tsjc\/wp-content\/uploads\/ernsthaftigkeit.png\" alt=\"\" class=\"wp-image-202 size-full\" srcset=\"https:\/\/tatami-samurai.de\/tsjc\/wp-content\/uploads\/ernsthaftigkeit.png 397w, https:\/\/tatami-samurai.de\/tsjc\/wp-content\/uploads\/ernsthaftigkeit-300x273.png 300w, https:\/\/tatami-samurai.de\/tsjc\/wp-content\/uploads\/ernsthaftigkeit-150x136.png 150w\" sizes=\"auto, (max-width: 397px) 100vw, 397px\" \/><\/figure><div class=\"wp-block-media-text__content\">\n<p class=\"has-medium-font-size\"><strong><big><big>Ernsthaftigkeit<\/big><\/big><\/strong><br>Sei bei allen \u00dcbungen und im Wettkampf konzentriert und voll bei der Sache. Entwickle eine positive Trainingseinstellung und \u00fcbe flei\u00dfig.<\/p>\n<\/div><\/div>\n\n\n\n<div class=\"wp-block-media-text alignwide is-stacked-on-mobile is-vertically-aligned-center\" style=\"grid-template-columns:15% auto\"><figure class=\"wp-block-media-text__media\"><img loading=\"lazy\" decoding=\"async\" width=\"330\" height=\"357\" src=\"https:\/\/tatami-samurai.de\/tsjc\/wp-content\/uploads\/respekt.png\" alt=\"\" class=\"wp-image-207 size-full\" srcset=\"https:\/\/tatami-samurai.de\/tsjc\/wp-content\/uploads\/respekt.png 330w, https:\/\/tatami-samurai.de\/tsjc\/wp-content\/uploads\/respekt-277x300.png 277w, https:\/\/tatami-samurai.de\/tsjc\/wp-content\/uploads\/respekt-139x150.png 139w\" sizes=\"auto, (max-width: 330px) 100vw, 330px\" \/><\/figure><div class=\"wp-block-media-text__content\">\n<p class=\"has-medium-font-size\"><big style=\"\"><big style=\"\"><b>Respekt<\/b><\/big><\/big><br>Begegne deinem Lehrer\/deiner Lehrerin und den Trainings\u00e4lteren zuvorkommend. Erkenne die Leistungen derjenigen an, die schon vor Deiner Zeit Judo betrieben haben.<\/p>\n<\/div><\/div>\n\n\n\n<div class=\"wp-block-media-text alignwide has-media-on-the-right is-stacked-on-mobile is-vertically-aligned-center\" style=\"grid-template-columns:auto 15%\"><figure class=\"wp-block-media-text__media\"><img loading=\"lazy\" decoding=\"async\" width=\"288\" height=\"344\" src=\"https:\/\/tatami-samurai.de\/tsjc\/wp-content\/uploads\/bescheidenheit.png\" alt=\"\" class=\"wp-image-200 size-full\" srcset=\"https:\/\/tatami-samurai.de\/tsjc\/wp-content\/uploads\/bescheidenheit.png 288w, https:\/\/tatami-samurai.de\/tsjc\/wp-content\/uploads\/bescheidenheit-251x300.png 251w, https:\/\/tatami-samurai.de\/tsjc\/wp-content\/uploads\/bescheidenheit-126x150.png 126w\" sizes=\"auto, (max-width: 288px) 100vw, 288px\" \/><\/figure><div class=\"wp-block-media-text__content\">\n<p class=\"has-medium-font-size\"><big style=\"\"><big style=\"\"><b>Bescheidenheit<\/b><\/big><\/big><br>Spiele dich selbst nicht in den Vordergrund. Sprich \u00fcber deinen Erfolg nicht mit \u00dcbertreibung. Orientiere dich an den Besseren und nicht an denen, deren Leistungsstand du bereits erreicht hast.<\/p>\n<\/div><\/div>\n\n\n\n<div class=\"wp-block-media-text alignwide is-stacked-on-mobile is-vertically-aligned-center\" style=\"grid-template-columns:15% auto\"><figure class=\"wp-block-media-text__media\"><img loading=\"lazy\" decoding=\"async\" width=\"288\" height=\"344\" src=\"https:\/\/tatami-samurai.de\/tsjc\/wp-content\/uploads\/bescheidenheit.png\" alt=\"\" class=\"wp-image-200 size-full\" srcset=\"https:\/\/tatami-samurai.de\/tsjc\/wp-content\/uploads\/bescheidenheit.png 288w, https:\/\/tatami-samurai.de\/tsjc\/wp-content\/uploads\/bescheidenheit-251x300.png 251w, https:\/\/tatami-samurai.de\/tsjc\/wp-content\/uploads\/bescheidenheit-126x150.png 126w\" sizes=\"auto, (max-width: 288px) 100vw, 288px\" \/><\/figure><div class=\"wp-block-media-text__content\">\n<p class=\"has-medium-font-size\"><big style=\"\"><big style=\"\"><b>Wertsch\u00e4tzung<\/b><\/big><\/big><br>Erkenne die Leistung jedes Anderen an, wenn dieser sich nach seinen M\u00f6glichkeiten ernsthaft anstrengt.<\/p>\n<\/div><\/div>\n\n\n\n<div class=\"wp-block-media-text alignwide has-media-on-the-right is-stacked-on-mobile is-vertically-aligned-center\" style=\"grid-template-columns:auto 15%\"><figure class=\"wp-block-media-text__media\"><img loading=\"lazy\" decoding=\"async\" width=\"361\" height=\"338\" src=\"https:\/\/tatami-samurai.de\/tsjc\/wp-content\/uploads\/mut.png\" alt=\"\" class=\"wp-image-206 size-full\" srcset=\"https:\/\/tatami-samurai.de\/tsjc\/wp-content\/uploads\/mut.png 361w, https:\/\/tatami-samurai.de\/tsjc\/wp-content\/uploads\/mut-300x281.png 300w, https:\/\/tatami-samurai.de\/tsjc\/wp-content\/uploads\/mut-150x140.png 150w\" sizes=\"auto, (max-width: 361px) 100vw, 361px\" \/><\/figure><div class=\"wp-block-media-text__content\">\n<p class=\"has-medium-font-size\"><big style=\"\"><big style=\"\"><b>Mut<\/b><\/big><\/big><br>Nimm im Randori und Wettkampf dein Herz in die Hand. Gib dich niemals auf, auch nicht bei einer drohenden Niederlage oder bei einem scheinbar \u00fcberm\u00e4chtigen Gegner.<\/p>\n<\/div><\/div>\n\n\n\n<div class=\"wp-block-media-text alignwide is-stacked-on-mobile is-vertically-aligned-center\" style=\"grid-template-columns:15% auto\"><figure class=\"wp-block-media-text__media\"><img loading=\"lazy\" decoding=\"async\" width=\"367\" height=\"370\" src=\"https:\/\/tatami-samurai.de\/tsjc\/wp-content\/uploads\/selbstbeherrschung.png\" alt=\"\" class=\"wp-image-208 size-full\" srcset=\"https:\/\/tatami-samurai.de\/tsjc\/wp-content\/uploads\/selbstbeherrschung.png 367w, https:\/\/tatami-samurai.de\/tsjc\/wp-content\/uploads\/selbstbeherrschung-298x300.png 298w, https:\/\/tatami-samurai.de\/tsjc\/wp-content\/uploads\/selbstbeherrschung-150x150.png 150w\" sizes=\"auto, (max-width: 367px) 100vw, 367px\" \/><\/figure><div class=\"wp-block-media-text__content\">\n<p class=\"has-medium-font-size\"><big style=\"\"><big style=\"\"><b>Selbstbeherrschung<\/b><\/big><\/big><br>Achte auf P\u00fcnktlichkeit und Disziplin bei Training und Wettkampf. Verliere auf der Matte nie die Beherrschung, auch nicht bei Situationen, die du als unfair empfindest.<\/p>\n<\/div><\/div>\n\n\n\n<div class=\"wp-block-media-text alignwide has-media-on-the-right is-stacked-on-mobile is-vertically-aligned-center\" style=\"grid-template-columns:auto 15%\"><figure class=\"wp-block-media-text__media\"><img loading=\"lazy\" decoding=\"async\" width=\"248\" height=\"364\" src=\"https:\/\/tatami-samurai.de\/tsjc\/wp-content\/uploads\/freundschaft.png\" alt=\"\" class=\"wp-image-203 size-full\" srcset=\"https:\/\/tatami-samurai.de\/tsjc\/wp-content\/uploads\/freundschaft.png 248w, https:\/\/tatami-samurai.de\/tsjc\/wp-content\/uploads\/freundschaft-204x300.png 204w, https:\/\/tatami-samurai.de\/tsjc\/wp-content\/uploads\/freundschaft-102x150.png 102w\" sizes=\"auto, (max-width: 248px) 100vw, 248px\" \/><\/figure><div class=\"wp-block-media-text__content\">\n<p class=\"has-medium-font-size\"><big style=\"\"><big style=\"\"><b>Freundschaft<\/b><\/big><\/big><br>Achte all diese Werte und alle Menschen. Dann wirst du beim Judo unweigerlich Freunde finden.<\/p>\n<\/div><\/div>\n\n\n\n<p class=\"has-text-align-center\">Die Judowerte stehen hier zum Download zur Verf\u00fcgung: <a href=\"https:\/\/tatami-samurai.de\/tsjc\/wp-content\/uploads\/Die-10-Judowerte-des-DJB.pdf\"><img loading=\"lazy\" decoding=\"async\" width=\"48\" height=\"48\" class=\"wp-image-131\" style=\"width: 48px;\" src=\"https:\/\/tatami-samurai.de\/tsjc\/wp-content\/uploads\/pdf.png\" alt=\"\"><\/a><\/p>\n\n\n\n<p class=\"has-text-align-center has-normal-font-size\">Texte und Bilder \u00a9 DJB (<a href=\"http:\/\/www.judobund.de\/jugend\/training-wettkampf\/judowerte\">www.judobund.de\/jugend\/training-wettkampf\/judowerte<\/a>)<\/p>\n","protected":false},"excerpt":{"rendered":"<p>Die 10 Judowerte des DJB H\u00f6flichkeitBehandle deine Trainingspartner und Wettkampfgegner wie Freunde. Zeige deinen Respekt gegen\u00fcber jedem Judo-\u00dcbenden durch eine ordentliche Verbeugung. HilfsbereitschaftHilf deinem Partner, die Techniken korrekt zu erlernen. Sei ein guter Uke. Unterst\u00fctze als H\u00f6her-Graduierter\/Trainings\u00e4lterer die Anf\u00e4nger. Hilf den Neuen, sich in der Gruppe zurecht zu finden. EhrlichkeitK\u00e4mpfe fair, ohne unsportliche Handlungen und [&hellip;]<\/p>\n","protected":false},"author":1,"featured_media":0,"parent":0,"menu_order":0,"comment_status":"closed","ping_status":"closed","template":"","meta":{"footnotes":""},"class_list":["post-34","page","type-page","status-publish","hentry"],"yoast_head":"<!-- This site is optimized with the Yoast SEO plugin v20.6 - https:\/\/yoast.com\/wordpress\/plugins\/seo\/ -->\n<title>Judo-Werte | Tatami Samurai Judoclub Eutin e. V.<\/title>\n<meta name=\"robots\" content=\"index, follow, max-snippet:-1, max-image-preview:large, max-video-preview:-1\" \/>\n<link rel=\"canonical\" href=\"https:\/\/tatami-samurai.de\/tsjc\/judo-werte\/\" \/>\n<meta property=\"og:locale\" content=\"de_DE\" \/>\n<meta property=\"og:type\" content=\"article\" \/>\n<meta property=\"og:title\" content=\"Judo-Werte | Tatami Samurai Judoclub Eutin e. V.\" \/>\n<meta property=\"og:description\" content=\"Die 10 Judowerte des DJB H\u00f6flichkeitBehandle deine Trainingspartner und Wettkampfgegner wie Freunde. Zeige deinen Respekt gegen\u00fcber jedem Judo-\u00dcbenden durch eine ordentliche Verbeugung. HilfsbereitschaftHilf deinem Partner, die Techniken korrekt zu erlernen. Sei ein guter Uke. Unterst\u00fctze als H\u00f6her-Graduierter\/Trainings\u00e4lterer die Anf\u00e4nger. Hilf den Neuen, sich in der Gruppe zurecht zu finden. EhrlichkeitK\u00e4mpfe fair, ohne unsportliche Handlungen und [&hellip;]\" \/>\n<meta property=\"og:url\" content=\"https:\/\/tatami-samurai.de\/tsjc\/judo-werte\/\" \/>\n<meta property=\"og:site_name\" content=\"Tatami Samurai Judoclub Eutin e. V.\" \/>\n<meta property=\"article:modified_time\" content=\"2022-01-05T18:33:51+00:00\" \/>\n<meta property=\"og:image\" content=\"https:\/\/tatami-samurai.de\/tsjc\/wp-content\/uploads\/djblogo.png\" \/>\n<meta name=\"twitter:card\" content=\"summary_large_image\" \/>\n<meta name=\"twitter:label1\" content=\"Gesch\u00e4tzte Lesezeit\" \/>\n\t<meta name=\"twitter:data1\" content=\"1\u00a0Minute\" \/>\n<script type=\"application\/ld+json\" class=\"yoast-schema-graph\">{\"@context\":\"https:\/\/schema.org\",\"@graph\":[{\"@type\":\"WebPage\",\"@id\":\"https:\/\/tatami-samurai.de\/tsjc\/judo-werte\/\",\"url\":\"https:\/\/tatami-samurai.de\/tsjc\/judo-werte\/\",\"name\":\"Judo-Werte | Tatami Samurai Judoclub Eutin e. V.\",\"isPartOf\":{\"@id\":\"https:\/\/tatami-samurai.de\/tsjc\/#website\"},\"datePublished\":\"2021-11-19T13:07:50+00:00\",\"dateModified\":\"2022-01-05T18:33:51+00:00\",\"breadcrumb\":{\"@id\":\"https:\/\/tatami-samurai.de\/tsjc\/judo-werte\/#breadcrumb\"},\"inLanguage\":\"de\",\"potentialAction\":[{\"@type\":\"ReadAction\",\"target\":[\"https:\/\/tatami-samurai.de\/tsjc\/judo-werte\/\"]}]},{\"@type\":\"BreadcrumbList\",\"@id\":\"https:\/\/tatami-samurai.de\/tsjc\/judo-werte\/#breadcrumb\",\"itemListElement\":[{\"@type\":\"ListItem\",\"position\":1,\"name\":\"Startseite\",\"item\":\"https:\/\/tatami-samurai.de\/tsjc\/\"},{\"@type\":\"ListItem\",\"position\":2,\"name\":\"Judo-Werte\"}]},{\"@type\":\"WebSite\",\"@id\":\"https:\/\/tatami-samurai.de\/tsjc\/#website\",\"url\":\"https:\/\/tatami-samurai.de\/tsjc\/\",\"name\":\"Tatami Samurai Judoclub Eutin e. V.\",\"description\":\"\",\"publisher\":{\"@id\":\"https:\/\/tatami-samurai.de\/tsjc\/#organization\"},\"potentialAction\":[{\"@type\":\"SearchAction\",\"target\":{\"@type\":\"EntryPoint\",\"urlTemplate\":\"https:\/\/tatami-samurai.de\/tsjc\/?s={search_term_string}\"},\"query-input\":\"required name=search_term_string\"}],\"inLanguage\":\"de\"},{\"@type\":\"Organization\",\"@id\":\"https:\/\/tatami-samurai.de\/tsjc\/#organization\",\"name\":\"Tatami Samurai Judoclub Eutin e. V.\",\"url\":\"https:\/\/tatami-samurai.de\/tsjc\/\",\"logo\":{\"@type\":\"ImageObject\",\"inLanguage\":\"de\",\"@id\":\"https:\/\/tatami-samurai.de\/tsjc\/#\/schema\/logo\/image\/\",\"url\":\"https:\/\/tatami-samurai.de\/tsjc\/wp-content\/uploads\/Logo-Tatami-Samurai-rund-ohne-Judoka-512.png\",\"contentUrl\":\"https:\/\/tatami-samurai.de\/tsjc\/wp-content\/uploads\/Logo-Tatami-Samurai-rund-ohne-Judoka-512.png\",\"width\":512,\"height\":511,\"caption\":\"Tatami Samurai Judoclub Eutin e. V.\"},\"image\":{\"@id\":\"https:\/\/tatami-samurai.de\/tsjc\/#\/schema\/logo\/image\/\"}}]}<\/script>\n<!-- \/ Yoast SEO plugin. -->","yoast_head_json":{"title":"Judo-Werte | Tatami Samurai Judoclub Eutin e. V.","robots":{"index":"index","follow":"follow","max-snippet":"max-snippet:-1","max-image-preview":"max-image-preview:large","max-video-preview":"max-video-preview:-1"},"canonical":"https:\/\/tatami-samurai.de\/tsjc\/judo-werte\/","og_locale":"de_DE","og_type":"article","og_title":"Judo-Werte | Tatami Samurai Judoclub Eutin e. V.","og_description":"Die 10 Judowerte des DJB H\u00f6flichkeitBehandle deine Trainingspartner und Wettkampfgegner wie Freunde. Zeige deinen Respekt gegen\u00fcber jedem Judo-\u00dcbenden durch eine ordentliche Verbeugung. HilfsbereitschaftHilf deinem Partner, die Techniken korrekt zu erlernen. Sei ein guter Uke. Unterst\u00fctze als H\u00f6her-Graduierter\/Trainings\u00e4lterer die Anf\u00e4nger. Hilf den Neuen, sich in der Gruppe zurecht zu finden. EhrlichkeitK\u00e4mpfe fair, ohne unsportliche Handlungen und [&hellip;]","og_url":"https:\/\/tatami-samurai.de\/tsjc\/judo-werte\/","og_site_name":"Tatami Samurai Judoclub Eutin e. V.","article_modified_time":"2022-01-05T18:33:51+00:00","og_image":[{"url":"https:\/\/tatami-samurai.de\/tsjc\/wp-content\/uploads\/djblogo.png"}],"twitter_card":"summary_large_image","twitter_misc":{"Gesch\u00e4tzte Lesezeit":"1\u00a0Minute"},"schema":{"@context":"https:\/\/schema.org","@graph":[{"@type":"WebPage","@id":"https:\/\/tatami-samurai.de\/tsjc\/judo-werte\/","url":"https:\/\/tatami-samurai.de\/tsjc\/judo-werte\/","name":"Judo-Werte | Tatami Samurai Judoclub Eutin e. V.","isPartOf":{"@id":"https:\/\/tatami-samurai.de\/tsjc\/#website"},"datePublished":"2021-11-19T13:07:50+00:00","dateModified":"2022-01-05T18:33:51+00:00","breadcrumb":{"@id":"https:\/\/tatami-samurai.de\/tsjc\/judo-werte\/#breadcrumb"},"inLanguage":"de","potentialAction":[{"@type":"ReadAction","target":["https:\/\/tatami-samurai.de\/tsjc\/judo-werte\/"]}]},{"@type":"BreadcrumbList","@id":"https:\/\/tatami-samurai.de\/tsjc\/judo-werte\/#breadcrumb","itemListElement":[{"@type":"ListItem","position":1,"name":"Startseite","item":"https:\/\/tatami-samurai.de\/tsjc\/"},{"@type":"ListItem","position":2,"name":"Judo-Werte"}]},{"@type":"WebSite","@id":"https:\/\/tatami-samurai.de\/tsjc\/#website","url":"https:\/\/tatami-samurai.de\/tsjc\/","name":"Tatami Samurai Judoclub Eutin e. V.","description":"","publisher":{"@id":"https:\/\/tatami-samurai.de\/tsjc\/#organization"},"potentialAction":[{"@type":"SearchAction","target":{"@type":"EntryPoint","urlTemplate":"https:\/\/tatami-samurai.de\/tsjc\/?s={search_term_string}"},"query-input":"required name=search_term_string"}],"inLanguage":"de"},{"@type":"Organization","@id":"https:\/\/tatami-samurai.de\/tsjc\/#organization","name":"Tatami Samurai Judoclub Eutin e. V.","url":"https:\/\/tatami-samurai.de\/tsjc\/","logo":{"@type":"ImageObject","inLanguage":"de","@id":"https:\/\/tatami-samurai.de\/tsjc\/#\/schema\/logo\/image\/","url":"https:\/\/tatami-samurai.de\/tsjc\/wp-content\/uploads\/Logo-Tatami-Samurai-rund-ohne-Judoka-512.png","contentUrl":"https:\/\/tatami-samurai.de\/tsjc\/wp-content\/uploads\/Logo-Tatami-Samurai-rund-ohne-Judoka-512.png","width":512,"height":511,"caption":"Tatami Samurai Judoclub Eutin e. V."},"image":{"@id":"https:\/\/tatami-samurai.de\/tsjc\/#\/schema\/logo\/image\/"}}]}},"_links":{"self":[{"href":"https:\/\/tatami-samurai.de\/tsjc\/wp-json\/wp\/v2\/pages\/34","targetHints":{"allow":["GET"]}}],"collection":[{"href":"https:\/\/tatami-samurai.de\/tsjc\/wp-json\/wp\/v2\/pages"}],"about":[{"href":"https:\/\/tatami-samurai.de\/tsjc\/wp-json\/wp\/v2\/types\/page"}],"author":[{"embeddable":true,"href":"https:\/\/tatami-samurai.de\/tsjc\/wp-json\/wp\/v2\/users\/1"}],"replies":[{"embeddable":true,"href":"https:\/\/tatami-samurai.de\/tsjc\/wp-json\/wp\/v2\/comments?post=34"}],"version-history":[{"count":6,"href":"https:\/\/tatami-samurai.de\/tsjc\/wp-json\/wp\/v2\/pages\/34\/revisions"}],"predecessor-version":[{"id":392,"href":"https:\/\/tatami-samurai.de\/tsjc\/wp-json\/wp\/v2\/pages\/34\/revisions\/392"}],"wp:attachment":[{"href":"https:\/\/tatami-samurai.de\/tsjc\/wp-json\/wp\/v2\/media?parent=34"}],"curies":[{"name":"wp","href":"https:\/\/api.w.org\/{rel}","templated":true}]}}