{"id":40,"date":"2021-11-19T14:09:13","date_gmt":"2021-11-19T13:09:13","guid":{"rendered":"https:\/\/tatami-samurai.de\/tsjc\/?page_id=40"},"modified":"2021-11-29T16:10:48","modified_gmt":"2021-11-29T15:10:48","slug":"mitglied-werden","status":"publish","type":"page","link":"https:\/\/tatami-samurai.de\/tsjc\/mitglied-werden\/","title":{"rendered":"Mitglied werden"},"content":{"rendered":"\n<p><strong>Was muss ich tun, um Mitglied zu werden?<\/strong><\/p>\n\n\n\n<p class=\"has-text-align-center\"><img loading=\"lazy\" decoding=\"async\" width=\"100\" height=\"147\" class=\"wp-image-203\" style=\"width: 100px;\" src=\"https:\/\/tatami-samurai.de\/tsjc\/wp-content\/uploads\/freundschaft.png\" alt=\"\" srcset=\"https:\/\/tatami-samurai.de\/tsjc\/wp-content\/uploads\/freundschaft.png 248w, https:\/\/tatami-samurai.de\/tsjc\/wp-content\/uploads\/freundschaft-204x300.png 204w, https:\/\/tatami-samurai.de\/tsjc\/wp-content\/uploads\/freundschaft-102x150.png 102w\" sizes=\"auto, (max-width: 100px) 100vw, 100px\" \/><\/p>\n\n\n\n<p class=\"has-text-align-left\">Als allererstes sei gesagt, dass Du nicht sofort bei Deinem ersten Training Mitglied werden musst.<br>Gerade in der Anfangszeit ist es wichtig, nicht nur den Judosport als solches, sondern aber auch Deine zuk\u00fcnftigen Vereinskammerad*innen n\u00e4her kennenzulernen und auszuprobieren, ob es Dir \u00fcberhaupt bei uns gef\u00e4llt.<\/p>\n\n\n\n<p><br><br><img loading=\"lazy\" decoding=\"async\" width=\"150\" height=\"109\" class=\"wp-image-209\" style=\"width: 150px;\" src=\"https:\/\/tatami-samurai.de\/tsjc\/wp-content\/uploads\/wertschaetzung.png\" alt=\"\" srcset=\"https:\/\/tatami-samurai.de\/tsjc\/wp-content\/uploads\/wertschaetzung.png 453w, https:\/\/tatami-samurai.de\/tsjc\/wp-content\/uploads\/wertschaetzung-300x219.png 300w, https:\/\/tatami-samurai.de\/tsjc\/wp-content\/uploads\/wertschaetzung-150x109.png 150w\" sizes=\"auto, (max-width: 150px) 100vw, 150px\" \/>  Daf\u00fcr kannst Du gerne 3-4 Mal an einem Probetraining teilnehmen.<\/p>\n\n\n\n<p>Gerade in dieser Probierphase kommen viele der ersten Fragen von ganz allein, die wir Dir jederzeit gerne beantworten.<\/p>\n\n\n\n<p class=\"has-text-align-center\" style=\"font-size:30px\"><strong>Also schau einfach vorbei und mach mit !<\/strong> <img loading=\"lazy\" decoding=\"async\" width=\"100\" height=\"156\" class=\"wp-image-113\" style=\"width: 100px;\" src=\"https:\/\/tatami-samurai.de\/tsjc\/wp-content\/uploads\/ehrlichkeit.jpg\" alt=\"\" srcset=\"https:\/\/tatami-samurai.de\/tsjc\/wp-content\/uploads\/ehrlichkeit.jpg 1086w, https:\/\/tatami-samurai.de\/tsjc\/wp-content\/uploads\/ehrlichkeit-192x300.jpg 192w, https:\/\/tatami-samurai.de\/tsjc\/wp-content\/uploads\/ehrlichkeit-655x1024.jpg 655w, https:\/\/tatami-samurai.de\/tsjc\/wp-content\/uploads\/ehrlichkeit-96x150.jpg 96w, https:\/\/tatami-samurai.de\/tsjc\/wp-content\/uploads\/ehrlichkeit-768x1201.jpg 768w, https:\/\/tatami-samurai.de\/tsjc\/wp-content\/uploads\/ehrlichkeit-982x1536.jpg 982w\" sizes=\"auto, (max-width: 100px) 100vw, 100px\" \/><\/p>\n\n\n\n<p class=\"has-text-align-center\">Hier kannst Du Dir Deinen Mitgliedsantrag downloaden <a rel=\"noreferrer noopener\" href=\"https:\/\/tatami-samurai.de\/tsjc\/wp-content\/uploads\/Mitgliedsantrag-Tatami-Samurai-Judoclub-Eutin.pdf\" target=\"_blank\"><img loading=\"lazy\" decoding=\"async\" width=\"48\" height=\"48\" class=\"wp-image-131\" style=\"width: 48px;\" src=\"https:\/\/tatami-samurai.de\/tsjc\/wp-content\/uploads\/pdf.png\" alt=\"\"><\/a><\/p>\n\n\n\n<p class=\"has-text-align-center\">Bilder \u00a9 by DJB (<a href=\"http:\/\/www.judobund.de\/jugend\/training-wettkampf\/judowerte\">www.judobund.de\/jugend\/training-wettkampf\/judowerte<\/a>)<\/p>\n","protected":false},"excerpt":{"rendered":"<p>Was muss ich tun, um Mitglied zu werden? Als allererstes sei gesagt, dass Du nicht sofort bei Deinem ersten Training Mitglied werden musst.Gerade in der Anfangszeit ist es wichtig, nicht nur den Judosport als solches, sondern aber auch Deine zuk\u00fcnftigen Vereinskammerad*innen n\u00e4her kennenzulernen und auszuprobieren, ob es Dir \u00fcberhaupt bei uns gef\u00e4llt. Daf\u00fcr kannst Du [&hellip;]<\/p>\n","protected":false},"author":1,"featured_media":0,"parent":0,"menu_order":0,"comment_status":"closed","ping_status":"closed","template":"","meta":{"footnotes":""},"class_list":["post-40","page","type-page","status-publish","hentry"],"yoast_head":"<!-- This site is optimized with the Yoast SEO plugin v20.6 - https:\/\/yoast.com\/wordpress\/plugins\/seo\/ -->\n<title>Mitglied werden | Tatami Samurai Judoclub Eutin e. V.<\/title>\n<meta name=\"robots\" content=\"index, follow, max-snippet:-1, max-image-preview:large, max-video-preview:-1\" \/>\n<link rel=\"canonical\" href=\"https:\/\/tatami-samurai.de\/tsjc\/mitglied-werden\/\" \/>\n<meta property=\"og:locale\" content=\"de_DE\" \/>\n<meta property=\"og:type\" content=\"article\" \/>\n<meta property=\"og:title\" content=\"Mitglied werden | Tatami Samurai Judoclub Eutin e. V.\" \/>\n<meta property=\"og:description\" content=\"Was muss ich tun, um Mitglied zu werden? Als allererstes sei gesagt, dass Du nicht sofort bei Deinem ersten Training Mitglied werden musst.Gerade in der Anfangszeit ist es wichtig, nicht nur den Judosport als solches, sondern aber auch Deine zuk\u00fcnftigen Vereinskammerad*innen n\u00e4her kennenzulernen und auszuprobieren, ob es Dir \u00fcberhaupt bei uns gef\u00e4llt. Daf\u00fcr kannst Du [&hellip;]\" \/>\n<meta property=\"og:url\" content=\"https:\/\/tatami-samurai.de\/tsjc\/mitglied-werden\/\" \/>\n<meta property=\"og:site_name\" content=\"Tatami Samurai Judoclub Eutin e. V.\" \/>\n<meta property=\"article:modified_time\" content=\"2021-11-29T15:10:48+00:00\" \/>\n<meta property=\"og:image\" content=\"https:\/\/tatami-samurai.de\/tsjc\/wp-content\/uploads\/freundschaft.png\" \/>\n<meta name=\"twitter:card\" content=\"summary_large_image\" \/>\n<meta name=\"twitter:label1\" content=\"Gesch\u00e4tzte Lesezeit\" \/>\n\t<meta name=\"twitter:data1\" content=\"1\u00a0Minute\" \/>\n<script type=\"application\/ld+json\" class=\"yoast-schema-graph\">{\"@context\":\"https:\/\/schema.org\",\"@graph\":[{\"@type\":\"WebPage\",\"@id\":\"https:\/\/tatami-samurai.de\/tsjc\/mitglied-werden\/\",\"url\":\"https:\/\/tatami-samurai.de\/tsjc\/mitglied-werden\/\",\"name\":\"Mitglied werden | Tatami Samurai Judoclub Eutin e. V.\",\"isPartOf\":{\"@id\":\"https:\/\/tatami-samurai.de\/tsjc\/#website\"},\"datePublished\":\"2021-11-19T13:09:13+00:00\",\"dateModified\":\"2021-11-29T15:10:48+00:00\",\"breadcrumb\":{\"@id\":\"https:\/\/tatami-samurai.de\/tsjc\/mitglied-werden\/#breadcrumb\"},\"inLanguage\":\"de\",\"potentialAction\":[{\"@type\":\"ReadAction\",\"target\":[\"https:\/\/tatami-samurai.de\/tsjc\/mitglied-werden\/\"]}]},{\"@type\":\"BreadcrumbList\",\"@id\":\"https:\/\/tatami-samurai.de\/tsjc\/mitglied-werden\/#breadcrumb\",\"itemListElement\":[{\"@type\":\"ListItem\",\"position\":1,\"name\":\"Startseite\",\"item\":\"https:\/\/tatami-samurai.de\/tsjc\/\"},{\"@type\":\"ListItem\",\"position\":2,\"name\":\"Mitglied werden\"}]},{\"@type\":\"WebSite\",\"@id\":\"https:\/\/tatami-samurai.de\/tsjc\/#website\",\"url\":\"https:\/\/tatami-samurai.de\/tsjc\/\",\"name\":\"Tatami Samurai Judoclub Eutin e. V.\",\"description\":\"\",\"publisher\":{\"@id\":\"https:\/\/tatami-samurai.de\/tsjc\/#organization\"},\"potentialAction\":[{\"@type\":\"SearchAction\",\"target\":{\"@type\":\"EntryPoint\",\"urlTemplate\":\"https:\/\/tatami-samurai.de\/tsjc\/?s={search_term_string}\"},\"query-input\":\"required name=search_term_string\"}],\"inLanguage\":\"de\"},{\"@type\":\"Organization\",\"@id\":\"https:\/\/tatami-samurai.de\/tsjc\/#organization\",\"name\":\"Tatami Samurai Judoclub Eutin e. V.\",\"url\":\"https:\/\/tatami-samurai.de\/tsjc\/\",\"logo\":{\"@type\":\"ImageObject\",\"inLanguage\":\"de\",\"@id\":\"https:\/\/tatami-samurai.de\/tsjc\/#\/schema\/logo\/image\/\",\"url\":\"https:\/\/tatami-samurai.de\/tsjc\/wp-content\/uploads\/Logo-Tatami-Samurai-rund-ohne-Judoka-512.png\",\"contentUrl\":\"https:\/\/tatami-samurai.de\/tsjc\/wp-content\/uploads\/Logo-Tatami-Samurai-rund-ohne-Judoka-512.png\",\"width\":512,\"height\":511,\"caption\":\"Tatami Samurai Judoclub Eutin e. V.\"},\"image\":{\"@id\":\"https:\/\/tatami-samurai.de\/tsjc\/#\/schema\/logo\/image\/\"}}]}<\/script>\n<!-- \/ Yoast SEO plugin. -->","yoast_head_json":{"title":"Mitglied werden | Tatami Samurai Judoclub Eutin e. V.","robots":{"index":"index","follow":"follow","max-snippet":"max-snippet:-1","max-image-preview":"max-image-preview:large","max-video-preview":"max-video-preview:-1"},"canonical":"https:\/\/tatami-samurai.de\/tsjc\/mitglied-werden\/","og_locale":"de_DE","og_type":"article","og_title":"Mitglied werden | Tatami Samurai Judoclub Eutin e. V.","og_description":"Was muss ich tun, um Mitglied zu werden? Als allererstes sei gesagt, dass Du nicht sofort bei Deinem ersten Training Mitglied werden musst.Gerade in der Anfangszeit ist es wichtig, nicht nur den Judosport als solches, sondern aber auch Deine zuk\u00fcnftigen Vereinskammerad*innen n\u00e4her kennenzulernen und auszuprobieren, ob es Dir \u00fcberhaupt bei uns gef\u00e4llt. Daf\u00fcr kannst Du [&hellip;]","og_url":"https:\/\/tatami-samurai.de\/tsjc\/mitglied-werden\/","og_site_name":"Tatami Samurai Judoclub Eutin e. V.","article_modified_time":"2021-11-29T15:10:48+00:00","og_image":[{"url":"https:\/\/tatami-samurai.de\/tsjc\/wp-content\/uploads\/freundschaft.png"}],"twitter_card":"summary_large_image","twitter_misc":{"Gesch\u00e4tzte Lesezeit":"1\u00a0Minute"},"schema":{"@context":"https:\/\/schema.org","@graph":[{"@type":"WebPage","@id":"https:\/\/tatami-samurai.de\/tsjc\/mitglied-werden\/","url":"https:\/\/tatami-samurai.de\/tsjc\/mitglied-werden\/","name":"Mitglied werden | Tatami Samurai Judoclub Eutin e. V.","isPartOf":{"@id":"https:\/\/tatami-samurai.de\/tsjc\/#website"},"datePublished":"2021-11-19T13:09:13+00:00","dateModified":"2021-11-29T15:10:48+00:00","breadcrumb":{"@id":"https:\/\/tatami-samurai.de\/tsjc\/mitglied-werden\/#breadcrumb"},"inLanguage":"de","potentialAction":[{"@type":"ReadAction","target":["https:\/\/tatami-samurai.de\/tsjc\/mitglied-werden\/"]}]},{"@type":"BreadcrumbList","@id":"https:\/\/tatami-samurai.de\/tsjc\/mitglied-werden\/#breadcrumb","itemListElement":[{"@type":"ListItem","position":1,"name":"Startseite","item":"https:\/\/tatami-samurai.de\/tsjc\/"},{"@type":"ListItem","position":2,"name":"Mitglied werden"}]},{"@type":"WebSite","@id":"https:\/\/tatami-samurai.de\/tsjc\/#website","url":"https:\/\/tatami-samurai.de\/tsjc\/","name":"Tatami Samurai Judoclub Eutin e. V.","description":"","publisher":{"@id":"https:\/\/tatami-samurai.de\/tsjc\/#organization"},"potentialAction":[{"@type":"SearchAction","target":{"@type":"EntryPoint","urlTemplate":"https:\/\/tatami-samurai.de\/tsjc\/?s={search_term_string}"},"query-input":"required name=search_term_string"}],"inLanguage":"de"},{"@type":"Organization","@id":"https:\/\/tatami-samurai.de\/tsjc\/#organization","name":"Tatami Samurai Judoclub Eutin e. V.","url":"https:\/\/tatami-samurai.de\/tsjc\/","logo":{"@type":"ImageObject","inLanguage":"de","@id":"https:\/\/tatami-samurai.de\/tsjc\/#\/schema\/logo\/image\/","url":"https:\/\/tatami-samurai.de\/tsjc\/wp-content\/uploads\/Logo-Tatami-Samurai-rund-ohne-Judoka-512.png","contentUrl":"https:\/\/tatami-samurai.de\/tsjc\/wp-content\/uploads\/Logo-Tatami-Samurai-rund-ohne-Judoka-512.png","width":512,"height":511,"caption":"Tatami Samurai Judoclub Eutin e. V."},"image":{"@id":"https:\/\/tatami-samurai.de\/tsjc\/#\/schema\/logo\/image\/"}}]}},"_links":{"self":[{"href":"https:\/\/tatami-samurai.de\/tsjc\/wp-json\/wp\/v2\/pages\/40","targetHints":{"allow":["GET"]}}],"collection":[{"href":"https:\/\/tatami-samurai.de\/tsjc\/wp-json\/wp\/v2\/pages"}],"about":[{"href":"https:\/\/tatami-samurai.de\/tsjc\/wp-json\/wp\/v2\/types\/page"}],"author":[{"embeddable":true,"href":"https:\/\/tatami-samurai.de\/tsjc\/wp-json\/wp\/v2\/users\/1"}],"replies":[{"embeddable":true,"href":"https:\/\/tatami-samurai.de\/tsjc\/wp-json\/wp\/v2\/comments?post=40"}],"version-history":[{"count":8,"href":"https:\/\/tatami-samurai.de\/tsjc\/wp-json\/wp\/v2\/pages\/40\/revisions"}],"predecessor-version":[{"id":249,"href":"https:\/\/tatami-samurai.de\/tsjc\/wp-json\/wp\/v2\/pages\/40\/revisions\/249"}],"wp:attachment":[{"href":"https:\/\/tatami-samurai.de\/tsjc\/wp-json\/wp\/v2\/media?parent=40"}],"curies":[{"name":"wp","href":"https:\/\/api.w.org\/{rel}","templated":true}]}}