{"id":42,"date":"2021-11-19T14:09:43","date_gmt":"2021-11-19T13:09:43","guid":{"rendered":"https:\/\/tatami-samurai.de\/tsjc\/?page_id=42"},"modified":"2021-11-22T18:18:34","modified_gmt":"2021-11-22T17:18:34","slug":"satzung","status":"publish","type":"page","link":"https:\/\/tatami-samurai.de\/tsjc\/satzung\/","title":{"rendered":"Satzung"},"content":{"rendered":"\n<p><strong>Satzung des Tatami Samurai Judoclub Eutin<\/strong><\/p>\n\n\n\n<p><strong>Pr\u00e4ambel<br><\/strong>In dieser Satzung wird aus Gr\u00fcnden der besseren Lesbarkeit das generische Maskulinum verwendet. Weibliche und anderweitige Geschlechteridentit\u00e4ten werden dabei ausdr\u00fccklich mitgemeint, soweit es f\u00fcr die Aussage erforderlich ist.<\/p>\n\n\n\n<p><strong>\u00a7 1 Name und Sitz<br><\/strong>Der Verein f\u00fchrt den Namen Tatami Samurai Judoclub Eutin.<br>Er hat seinen Sitz in Eutin und soll in das Vereinsregister eingetragen werden.<br>Nach der Eintragung lautet der Name des Vereins \u201e<strong>Tatami Samurai Judoclub Eutin e. V.<\/strong>\u201c.<br>Der Gr\u00fcndungstag ist der 20. Februar 2021<\/p>\n\n\n\n<p>Das Gesch\u00e4ftsjahr des Vereins ist das Kalenderjahr.<\/p>\n\n\n\n<p><strong>\u00a7 2 Vereinszweck<br><\/strong>Zweck des Vereins ist die Aus\u00fcbung und F\u00f6rderung des Judosports und aller damit verbundenen sportlichen Bet\u00e4tigungen. Er verfolgt ausschlie\u00dflich und unmittelbar gemeinn\u00fctzige Zwecke im Sinne des Abschnitts \u201eSteuerbeg\u00fcnstigte Zwecke\u201c der Abgabenordnung. Der Satzungszweck wird insbesondere durch die Erm\u00f6glichung sportlicher \u00dcbungen und Leistungen im Breiten- und Wettkampfsport verwirklicht.<\/p>\n\n\n\n<p>Grundlage der Vereinsarbeit ist das Bekenntnis aller Mitglieder des Vereins zur freiheitlichen demokratischen Grundordnung. Der Verein vertritt den Grundsatz religi\u00f6ser und weltanschaulicher Toleranz sowie parteipolitischer Neutralit\u00e4t.<br>Der Verein tritt extremistischen und fremdfeindlichen Bestrebungen entschieden entgegen, spricht sich gegen Kindeswohlgef\u00e4hrdung, insbesondere gegen sexuellen Missbrauch aus. Der Verein bietet nur solchen Personen eine Mitgliedschaft an, die sich zu diesen Grunds\u00e4tzen bekennen.<\/p>\n\n\n\n<p><strong>\u00a7 3 Selbstlosigkeit<\/strong><strong><br><\/strong>(1) Der Verein ist selbstlos t\u00e4tig. Er verfolgt nicht in erster Linie eigenwirtschaftliche Zwecke.<br>Die zur Erreichung seiner Zwecke erforderlichen finanziellen Mittel erwirbt der Verein durch Mitgliedsbeitr\u00e4ge und Spenden. Mittel des Vereins d\u00fcrfen nur f\u00fcr die satzungsm\u00e4\u00dfigen Zwecke verwendet werden.<br>(2) Die Mitglieder erhalten keine Zuwendungen aus Mitteln des Vereins.<br>Es darf keine Person durch Ausgaben, die dem Zweck der K\u00f6rperschaft fremd sind, oder durch unverh\u00e4ltnism\u00e4\u00dfig hohe Verg\u00fctungen beg\u00fcnstigt werden.<\/p>\n\n\n\n<p><strong>\u00a7 4 Mitgliedschaft<\/strong><strong><br><\/strong>(1) Vereinsmitglieder k\u00f6nnen nat\u00fcrliche Personen oder juristische Person werden. Jugendliche unter 18 Jahren bed\u00fcrfen der Zustimmung des gesetzlichen Vertreters. Aktive Mitglieder m\u00fcssen sporttauglich sein. Dem schriftlichen Aufnahmeantrag kann der Vorstand innerhalb eines Monats widersprechen ohne dem Antragsteller die Gr\u00fcnde mitzuteilen.<br>(2) Die Mitgliedschaft endet mit dem Tod des Mitglieds, Austritt oder Ausschluss aus dem Verein. Der Austritt kann nur zum Ende des Quartals erfolgen und muss 4 Wochen vor dem Quartalsende schriftlich dem Vorstand mitgeteilt werden.<br>(3) Es werden Mitgliedsbeitr\u00e4ge erhoben. \u00dcber die F\u00e4lligkeit und H\u00f6he entscheidet die Mitgliederversammlung.<br>(4) Bei groben Verletzungen der Vereinspflichten, z. B. Nichtzahlung des Mitgliedsbeitrags trotz einmaliger Mahnung oder das Ansehen des Vereins sch\u00e4digt, kann der Vorstand den Ausschluss des Mitglieds beschlie\u00dfen. Gegen seine Entscheidung kann binnen zwei Wochen seit Bekanntgabe schriftlich Einspruch eingelegt werden, \u00fcber den die Mitgliederversammlung endg\u00fcltig entscheidet.<\/p>\n\n\n\n<p><strong>\u00a7 5 Beitragsordnung<br><\/strong>(1) \u00dcber die Beitragsordnung entscheidet die Mitgliederversammlung.<br>(2) Mitgliedsbeitr\u00e4ge sind pro Quartal im Voraus f\u00e4llig und werden ausschlie\u00dflich per SEPA- Lastschrifteinzugsverfahren durch den Kassenwart eingezogen. Eine Bareinzahlung oder \u00dcberweisung ist nicht m\u00f6glich. Weist das Konto die erforderliche Deckung nicht auf, besteht von Seiten des Kreditinstituts keine Verpflichtung zur Einl\u00f6sung. F\u00fcr nicht eingel\u00f6ste bzw. wegen Widerspruchs des Zahlungspflichtigen nicht eingel\u00f6ste Lastschriften entstehende Geb\u00fchren sind vom Zahlungspflichtigen \/ Mitglied zu tragen.<br>(3) Die H\u00f6he und Staffelung der einzelnen Mitgliedbeitr\u00e4ge werden in der gesonderten Beitragsordnung festgehalten und weitergef\u00fchrt.<br>(4) Ehrenmitglieder k\u00f6nnen auf eigenen Wunsch beitragsfrei gestellt werden.<br>(5) Eine Aufnahmegeb\u00fchr wird erhoben. Die H\u00f6he ist der geltenden Beitragsordnung zu entnehmen.<\/p>\n\n\n\n<p><strong>\u00a7 6 Teilnahme an Sportveranstaltungen<\/strong>(1) \u00dcber die Teilnahme an Wettbewerben entscheidet grunds\u00e4tzlich der Aktive selbst. Die Meldung des Judoka zu Wettk\u00e4mpfen erfolgt durch den Verein in Absprache mit dem Trainer. Die Teilnahme an einem Wettkampf kann durch Vorstandsbeschluss untersagt werden, wenn der Trainer glaubhaft macht, dass die Gesundheit des Aktiven z. B. durch \u00dcberforderung gef\u00e4hrdet ist oder wenn der Verein die Betreuung w\u00e4hrend des Wettkampfs nicht sicherstellen kann.<br>(2) Judop\u00e4sse werden grunds\u00e4tzlich vom Trainer verwahrt. Diese sind einer von ihm erw\u00e4hlten Person (Delegationsleiter) vor Wettk\u00e4mpfen oder Pr\u00fcfungen zeitnah auszuh\u00e4ndigen. Verwahrt ein Mitglied oder dessen gesetzlicher Vertreter seinen Pass selbst, so haftet dieses auch f\u00fcr daraus entstehende Folgen, wie Verlust oder Ausschluss bei der Teilnahme zu einem Wettkampf \/ Pr\u00fcfung.<\/p>\n\n\n\n<p><strong>\u00a7 7 Entsch\u00e4digungen und Abrechnungen<\/strong><strong><br><\/strong>(1) \u00dcber Trainergeld (Aufwandsentsch\u00e4digung) entscheidet der Vorstand. Eine \u00dcbungsstunde dauert 60 Minuten.<br>(2) Zum Beginn des Gesch\u00e4ftsjahres ist vom Vorstand ein Etat aufzustellen und den Mitgliedern bekannt zu geben. Reichen Beitr\u00e4ge, Spenden und Zusch\u00fcsse nicht aus, um&nbsp; nach Abzug der zwangsl\u00e4ufigen Kosten die Kosten f\u00fcr Jahressichtmarken und Startgelder vollst\u00e4ndig aus Vereinsmitteln zu begleichen, so sind diese Aufw\u00e4nde vom jeweiligen Mitglied selbst zu tragen.<br>(3) Umlagen, Bar- oder Sachspenden d\u00fcrfen nur vom Vorsitzenden oder dem Kassenwart entgegen genommen werden. Es ist eine Quittung (Zuwendungsbescheinigung) zu erteilen. Werden auf Veranstaltungen Getr\u00e4nkekassen oder \u00c4hnliches gef\u00fchrt, so ist diese dem Vorsitzenden oder dem Kassenwart sp\u00e4testens am Folgetag zu \u00fcbergeben. Diese haben Beitr\u00e4ge \u00fcber 100,- \u20ac innerhalb von f\u00fcnf Werktagen dem Vereinskonto zu zuf\u00fchren. Sie sind berechtigt, eine Bargeldkasse von jeweils bis zu 100,- \u20ac zu f\u00fchren.<br>(4) Startgeb\u00fchren werden zeitnah vor den Wettk\u00e4mpfen dem zust\u00e4ndigen Trainer\/Betreuer in bar ausgeh\u00e4ndigt, oder von diesen bei Zumutbarkeit ausgelegt.<\/p>\n\n\n\n<p>Zur Abrechnung\/Erstattung ist eine entsprechende ordnungsgem\u00e4\u00dfe Quittung durch den Veranstalter \u00fcber den Trainer\/Betreuer dem Kassenwart zuzuf\u00fchren.<\/p>\n\n\n\n<p><strong>\u00a7 8 Mitgliederversammlung<\/strong><strong><br><\/strong>(1) Die Mitgliederversammlung ist beschlussf\u00e4hig, wenn sie ordnungsm\u00e4\u00dfig einberufen wurde und au\u00dfer dem Vorstand und den Kassenpr\u00fcfern mindestens drei Vereinsmitglieder anwesend sind. Sie fasst mit der einfachen Mehrheit der anwesenden Mitglieder Beschl\u00fcsse.<br>(2) Jedes Mitglied hat 1 Stimme. Mitglieder unter 16 Jahre werden von einem Erziehungsberechtigten vertreten. Der Erziehungsberechtigte muss nicht zwingend Mitglied im Verein sein. Sollte der Erziehungsberechtigte selbst Mitglied sein, so hat er in diesem Falle 2 Stimmen, die voneinander unabh\u00e4ngig sein d\u00fcrfen.<br>(3) Satzungs\u00e4nderungen, eine \u00c4nderung des Vereinszwecks sowie eine Aufl\u00f6sung des Vereins bed\u00fcrfen einer 2\/3 Mehrheit der anwesenden Mitglieder.<br>(4) Mitglieder, die sich der Stimme enthalten, werden behandelt wie nicht Erschienene.<br>(5) Die Beschl\u00fcsse der Mitgliederversammlung werden protokolliert durch den Schriftf\u00fchrer und den 1. Vorsitzenden.<br>&nbsp;&nbsp;&nbsp;&nbsp;&nbsp;&nbsp;&nbsp;&nbsp;&nbsp;&nbsp;&nbsp;<br>Aufgaben der Mitgliederversammlung:<\/p>\n\n\n\n<ul class=\"wp-block-list\"><li>Bestimmung der Anzahl, Wahl, Abberufung und Entlastung des Vorstands<\/li><li>Entgegennahme des Jahresberichts des Vorstands und Beschlussfassung \u00fcber den Vereinshaushalt<\/li><li>Satzungs\u00e4nderungen, \u00c4nderungen des Vereinszwecks, Aufl\u00f6sung des Vereins<\/li><li>Bestimmung der Anzahl und Wahl der Kassenpr\u00fcfer*innen sowie Entgegennahme deren Berichts<\/li><li>Festsetzung der Beitragsordnung<\/li><li>Ernennung besonders verdienstvoller Mitglieder zu Ehrenmitglieder<\/li><li>Weitere Aufgaben, soweit sich diese aus der Satzung oder nach Gesetz ergeben.<br><br><\/li><\/ul>\n\n\n\n<p>(6) Der Vorstand l\u00e4dt schriftlich (dies kann auch per E-Mail erfolgen) vier Wochen im Voraus mindestens einmal im Jahr zur Mitgliederversammlung ein. Dabei ist die vom Vorstand festgesetzte Tagesordnung mitzuteilen. Antr\u00e4ge zur Mitgliederversammlung m\u00fcssen mindestens eine Woche vor dem Versammlungstermin schriftlich dem Vorstand eingereicht werden und begr\u00fcndet sein.<br>(7) Verlangen mindestens der zehnte Teil der Mitglieder oder 20 Mitglieder die Berufung einer Mitgliederversammlung unter Nennung der zu behandelnden Punkte, so ist der Vorstand verpflichtet, diese zu berufen. Die so berufene Mitgliederversammlung ist beschlussf\u00e4hig, wenn mindestens der zehnte Teil der Mitglieder oder 20 Mitglieder anwesend sind.<\/p>\n\n\n\n<p><strong>\u00a7 9 Vertretungsberechtigter Vorstand gem. \u00a7 26 BGB<br><\/strong>Der Vorstand im Sinn des \u00a726 BGB besteht aus drei stimm- und vertretungsberechtigten Mitgliedern:<\/p>\n\n\n\n<ul class=\"wp-block-list\"><li>1. Vorsitzender<\/li><li>Stellvertretender Vorsitzender<\/li><li>Kassenwart<\/li><\/ul>\n\n\n\n<p>Der Verein wird von jeweils zwei Vorstandsmitgliedern gemeinsam vertreten.<\/p>\n\n\n\n<p><strong>\u00a7 10 Gesch\u00e4ftsf\u00fchrender Vorstand<br><\/strong>(1) Der Vorstand beschlie\u00dft, ob und in welcher Anzahl weitere gesch\u00e4ftsf\u00fchrende, nicht vertretungsberechtigte Vorstandsmitglieder gew\u00e4hlt werden. Der Vorstand ist f\u00fcr alle Vereinsangelegenheiten zust\u00e4ndig, die nicht durch Satzung ausdr\u00fccklich der Mitgliederversammlung zugewiesen sind. Er fasst Beschl\u00fcsse mit einfacher Mehrheit, hier\u00fcber werden schriftliche Protokolle angefertigt. Der Vorstand ist beschlussf\u00e4hig, wenn mindestens drei Vorstandsmitglieder anwesend sind. Konferenzschaltungen, wie Telefon oder per Video, gelten als Anwesenheit. Zudem kann bei eiligen Beschl\u00fcssen eine Abstimmung durch den Vorstand per eMail erfolgen, ohne dass eine separate Vorstandsitzung einberufen werden muss. Die Ergebnisse und eMail-Verlaufsprotokolle werden in der n\u00e4chstfolgenden Vorstandssitzung nachtr\u00e4glich im Sitzungsprotokoll erfasst.<br>Die vertretungsberechtigten Vorstandsmitglieder sind an die Mehrheitsbeschl\u00fcsse des Vorstands gebunden.<br>(2) Der Vorstand wird f\u00fcr die Dauer von 2 Jahren gew\u00e4hlt. Er bleibt bis zur Wahl eines neuen Vorstands im Amt.<br>(3) Stehen der Eintragung im Vereinsregister oder der Anerkennung der Gemeinn\u00fctzigkeit durch das zust\u00e4ndige Finanzamt &nbsp;Satzungsinhalte entgegen, ist der Vorstand berechtigt, entsprechende \u00c4nderungen eigenst\u00e4ndig durchzuf\u00fchren.<\/p>\n\n\n\n<p><strong>\u00a7 11 Kassenpr\u00fcfung<\/strong><strong><br><\/strong>(1) Die Mitgliederversammlung w\u00e4hlt zwei Kassenpr\u00fcfer. Die Kassenpr\u00fcfer d\u00fcrfen nicht dem Vorstand angeh\u00f6ren. Die Aufgaben sind die Rechnungspr\u00fcfung und die \u00dcberpr\u00fcfung der Einhaltung der Satzungsvorgaben und Vereinsbeschl\u00fcsse. Diese werden jeweils auf die Dauer von 2 Jahren gew\u00e4hlt.<br>(2) Eine Kassenpr\u00fcfung erfolgt mindestens einmal im Jahr durch die Kassenpr\u00fcfer.<br>Das Ergebnis der Pr\u00fcfung ist schriftlich festzulegen und auf der Mitgliederversammlung den Mitgliedern vorzulegen. Die Kassenpr\u00fcfer beantragen in der Hauptversammlung nach Abgabe des Pr\u00fcfungsberichts die Entlastung des Vorstands.<\/p>\n\n\n\n<p><strong>\u00a7 12 Datenschutz<br><\/strong>(1) Zur Erf\u00fcllung der Zwecke und Aufgaben des Vereins werden unter Beachtung der Vorgaben der EU-Datenschutz-Grundverordnung (DS-GVO) und des Bundesdatenschutzgesetzes (BDSG) personenbezogene Daten \u00fcber pers\u00f6nliche und sachliche Verh\u00e4ltnisse der Mitglieder im Verein verarbeitet.<br>(2) Soweit die in den jeweiligen Vorschriften beschriebenen Voraussetzungen vorliegen, hat jedes Vereinsmitglied insbesondere die folgenden Rechte:<\/p>\n\n\n\n<ul class=\"wp-block-list\"><li>das Recht auf Auskunft nach Artikel 15 DS-GVO<\/li><li>das Recht auf Berichtigung nach Artikel 16 DS-GVO<\/li><li>das Recht auf L\u00f6schung nach Artikel 17 DS-GVO<\/li><li>das Recht auf Einschr\u00e4nkung der Verarbeitung nach Artikel 18 DS-GVO<\/li><li>das Recht auf Daten\u00fcbertragbarkeit nach Artikel 20 DS-GVO und<\/li><li>das Widerspruchsrecht nach Artikel 21 DS-GVO<\/li><\/ul>\n\n\n\n<p>(3) Den Organen des Vereins, allen Mitarbeitern oder sonst f\u00fcr den Verein T\u00e4tigen ist es untersagt, personenbezogene Daten unbefugt zu anderen als dem jeweiligen Aufgabenerf\u00fcllung geh\u00f6renden Zweck zu verarbeiten, bekannt zu geben, Dritten zug\u00e4nglich zu machen oder sonst zu nutzen. Diese Pflicht besteht auch \u00fcber das Ausscheiden der oben genannten Personen aus dem Verein hinaus.<\/p>\n\n\n\n<p>(4) Eine gesonderte Datenschutzvereinbarung, wie<\/p>\n\n\n\n<ul class=\"wp-block-list\"><li>dem Einverst\u00e4ndnis zur Erhebung, Verarbeitung und Nutzung personenbezogenen Daten durch den Verein zur Mitgliederverwaltung im Wege der elektronischen Datenverarbeitung.<\/li><li>die \u00dcbermittlung personenbezogenen Daten ganz oder teilweise an die entsprechenden Sportfachverb\u00e4nde.<\/li><li>die \u00dcbermittlung und Speicherung personenbezogenen Daten zum Zwecke der Meldung f\u00fcr die Teilnahme an den Veranstalter von Wettk\u00e4mpfen oder Pr\u00fcfungen.<\/li><li>die Ver\u00f6ffentlichung(en) von Personenbildnissen (Fotos \/ Videos) und das Einverst\u00e4ndnis, dass diese in Aush\u00e4ngen, im Internet, z. B. auf der Homepage, und in sonstigen Publikationen zur Presse- und \u00d6ffentlichkeitsarbeit durch den Verein verwendet werden d\u00fcrfen.<\/li><\/ul>\n\n\n\n<p>ist auf dem Mitgliedsantrag auszuweisen und einzuholen.<\/p>\n\n\n\n<p><strong>\u00a7 12 Aufl\u00f6sung \/ Wegfall des steuerbeg\u00fcnstigten Zwecks<\/strong><strong><br><\/strong>Bei Aufl\u00f6sung des Vereins oder bei Wegfall steuerbeg\u00fcnstigter Zwecke f\u00e4llt das Verm\u00f6gen des Vereins an den\/die\/das&nbsp; Landessportverband Schleswig-Holstein e. V. <em>(Bezeichnung einer K\u00f6rperschaft des \u00f6ffentlichen Rechts oder einer anderen steuerbeg\u00fcnstigen K\u00f6rperschaft),<\/em> der\/die\/das es unmittelbar und ausschlie\u00dflich f\u00fcr gemeinn\u00fctzige, mildt\u00e4tige oder kirchliche Zwecke zu verwenden hat.<\/p>\n\n\n\n<p><strong>\u00a7 13 Niederschrift<br><\/strong>Die in den Mitgliederversammlungen und den Vorstandssitzungen gefassten Beschl\u00fcsse sind in einer Niederschrift festzulegen. Ihre Fassung ist in der n\u00e4chsten entsprechenden Sitzung zu verlesen und zu genehmigen<\/p>\n\n\n\n<p><strong>\u00a7 14 Schiedsvertrag<br><\/strong>Anliegender Schiedsvertrag ist Bestandteil der Satzung. <a href=\"https:\/\/tatami-samurai.de\/tsjc\/wp-content\/uploads\/Schiedsvereinbarung-Tatami-Samurai-Judoclub-Eutin.pdf\" target=\"_blank\" rel=\"noreferrer noopener\"><img loading=\"lazy\" decoding=\"async\" width=\"48\" height=\"48\" class=\"wp-image-131\" style=\"width: 48px;\" src=\"https:\/\/tatami-samurai.de\/tsjc\/wp-content\/uploads\/pdf.png\" alt=\"\"><\/a><\/p>\n\n\n\n<p>Die Satzung steht hier zum Download zur Verf\u00fcgung: <a href=\"https:\/\/tatami-samurai.de\/tsjc\/wp-content\/uploads\/Satzung-Tatami-Samurai-Judoclub-Eutin-Website.pdf\" target=\"_blank\" rel=\"noreferrer noopener\"><img loading=\"lazy\" decoding=\"async\" width=\"48\" height=\"48\" class=\"wp-image-131\" style=\"width: 48px;\" src=\"https:\/\/tatami-samurai.de\/tsjc\/wp-content\/uploads\/pdf.png\" alt=\"\"><\/a><\/p>\n","protected":false},"excerpt":{"rendered":"<p>Satzung des Tatami Samurai Judoclub Eutin Pr\u00e4ambelIn dieser Satzung wird aus Gr\u00fcnden der besseren Lesbarkeit das generische Maskulinum verwendet. Weibliche und anderweitige Geschlechteridentit\u00e4ten werden dabei ausdr\u00fccklich mitgemeint, soweit es f\u00fcr die Aussage erforderlich ist. \u00a7 1 Name und SitzDer Verein f\u00fchrt den Namen Tatami Samurai Judoclub Eutin.Er hat seinen Sitz in Eutin und soll in [&hellip;]<\/p>\n","protected":false},"author":1,"featured_media":0,"parent":0,"menu_order":0,"comment_status":"closed","ping_status":"closed","template":"","meta":{"footnotes":""},"class_list":["post-42","page","type-page","status-publish","hentry"],"yoast_head":"<!-- This site is optimized with the Yoast SEO plugin v20.6 - https:\/\/yoast.com\/wordpress\/plugins\/seo\/ -->\n<title>Satzung | Tatami Samurai Judoclub Eutin e. V.<\/title>\n<meta name=\"robots\" content=\"index, follow, max-snippet:-1, max-image-preview:large, max-video-preview:-1\" \/>\n<link rel=\"canonical\" href=\"https:\/\/tatami-samurai.de\/tsjc\/satzung\/\" \/>\n<meta property=\"og:locale\" content=\"de_DE\" \/>\n<meta property=\"og:type\" content=\"article\" \/>\n<meta property=\"og:title\" content=\"Satzung | Tatami Samurai Judoclub Eutin e. V.\" \/>\n<meta property=\"og:description\" content=\"Satzung des Tatami Samurai Judoclub Eutin Pr\u00e4ambelIn dieser Satzung wird aus Gr\u00fcnden der besseren Lesbarkeit das generische Maskulinum verwendet. Weibliche und anderweitige Geschlechteridentit\u00e4ten werden dabei ausdr\u00fccklich mitgemeint, soweit es f\u00fcr die Aussage erforderlich ist. \u00a7 1 Name und SitzDer Verein f\u00fchrt den Namen Tatami Samurai Judoclub Eutin.Er hat seinen Sitz in Eutin und soll in [&hellip;]\" \/>\n<meta property=\"og:url\" content=\"https:\/\/tatami-samurai.de\/tsjc\/satzung\/\" \/>\n<meta property=\"og:site_name\" content=\"Tatami Samurai Judoclub Eutin e. V.\" \/>\n<meta property=\"article:modified_time\" content=\"2021-11-22T17:18:34+00:00\" \/>\n<meta property=\"og:image\" content=\"https:\/\/tatami-samurai.de\/tsjc\/wp-content\/uploads\/pdf.png\" \/>\n<meta name=\"twitter:card\" content=\"summary_large_image\" \/>\n<meta name=\"twitter:label1\" content=\"Gesch\u00e4tzte Lesezeit\" \/>\n\t<meta name=\"twitter:data1\" content=\"9\u00a0Minuten\" \/>\n<script type=\"application\/ld+json\" class=\"yoast-schema-graph\">{\"@context\":\"https:\/\/schema.org\",\"@graph\":[{\"@type\":\"WebPage\",\"@id\":\"https:\/\/tatami-samurai.de\/tsjc\/satzung\/\",\"url\":\"https:\/\/tatami-samurai.de\/tsjc\/satzung\/\",\"name\":\"Satzung | Tatami Samurai Judoclub Eutin e. V.\",\"isPartOf\":{\"@id\":\"https:\/\/tatami-samurai.de\/tsjc\/#website\"},\"datePublished\":\"2021-11-19T13:09:43+00:00\",\"dateModified\":\"2021-11-22T17:18:34+00:00\",\"breadcrumb\":{\"@id\":\"https:\/\/tatami-samurai.de\/tsjc\/satzung\/#breadcrumb\"},\"inLanguage\":\"de\",\"potentialAction\":[{\"@type\":\"ReadAction\",\"target\":[\"https:\/\/tatami-samurai.de\/tsjc\/satzung\/\"]}]},{\"@type\":\"BreadcrumbList\",\"@id\":\"https:\/\/tatami-samurai.de\/tsjc\/satzung\/#breadcrumb\",\"itemListElement\":[{\"@type\":\"ListItem\",\"position\":1,\"name\":\"Startseite\",\"item\":\"https:\/\/tatami-samurai.de\/tsjc\/\"},{\"@type\":\"ListItem\",\"position\":2,\"name\":\"Satzung\"}]},{\"@type\":\"WebSite\",\"@id\":\"https:\/\/tatami-samurai.de\/tsjc\/#website\",\"url\":\"https:\/\/tatami-samurai.de\/tsjc\/\",\"name\":\"Tatami Samurai Judoclub Eutin e. V.\",\"description\":\"\",\"publisher\":{\"@id\":\"https:\/\/tatami-samurai.de\/tsjc\/#organization\"},\"potentialAction\":[{\"@type\":\"SearchAction\",\"target\":{\"@type\":\"EntryPoint\",\"urlTemplate\":\"https:\/\/tatami-samurai.de\/tsjc\/?s={search_term_string}\"},\"query-input\":\"required name=search_term_string\"}],\"inLanguage\":\"de\"},{\"@type\":\"Organization\",\"@id\":\"https:\/\/tatami-samurai.de\/tsjc\/#organization\",\"name\":\"Tatami Samurai Judoclub Eutin e. V.\",\"url\":\"https:\/\/tatami-samurai.de\/tsjc\/\",\"logo\":{\"@type\":\"ImageObject\",\"inLanguage\":\"de\",\"@id\":\"https:\/\/tatami-samurai.de\/tsjc\/#\/schema\/logo\/image\/\",\"url\":\"https:\/\/tatami-samurai.de\/tsjc\/wp-content\/uploads\/Logo-Tatami-Samurai-rund-ohne-Judoka-512.png\",\"contentUrl\":\"https:\/\/tatami-samurai.de\/tsjc\/wp-content\/uploads\/Logo-Tatami-Samurai-rund-ohne-Judoka-512.png\",\"width\":512,\"height\":511,\"caption\":\"Tatami Samurai Judoclub Eutin e. V.\"},\"image\":{\"@id\":\"https:\/\/tatami-samurai.de\/tsjc\/#\/schema\/logo\/image\/\"}}]}<\/script>\n<!-- \/ Yoast SEO plugin. -->","yoast_head_json":{"title":"Satzung | Tatami Samurai Judoclub Eutin e. V.","robots":{"index":"index","follow":"follow","max-snippet":"max-snippet:-1","max-image-preview":"max-image-preview:large","max-video-preview":"max-video-preview:-1"},"canonical":"https:\/\/tatami-samurai.de\/tsjc\/satzung\/","og_locale":"de_DE","og_type":"article","og_title":"Satzung | Tatami Samurai Judoclub Eutin e. V.","og_description":"Satzung des Tatami Samurai Judoclub Eutin Pr\u00e4ambelIn dieser Satzung wird aus Gr\u00fcnden der besseren Lesbarkeit das generische Maskulinum verwendet. Weibliche und anderweitige Geschlechteridentit\u00e4ten werden dabei ausdr\u00fccklich mitgemeint, soweit es f\u00fcr die Aussage erforderlich ist. \u00a7 1 Name und SitzDer Verein f\u00fchrt den Namen Tatami Samurai Judoclub Eutin.Er hat seinen Sitz in Eutin und soll in [&hellip;]","og_url":"https:\/\/tatami-samurai.de\/tsjc\/satzung\/","og_site_name":"Tatami Samurai Judoclub Eutin e. V.","article_modified_time":"2021-11-22T17:18:34+00:00","og_image":[{"url":"https:\/\/tatami-samurai.de\/tsjc\/wp-content\/uploads\/pdf.png"}],"twitter_card":"summary_large_image","twitter_misc":{"Gesch\u00e4tzte Lesezeit":"9\u00a0Minuten"},"schema":{"@context":"https:\/\/schema.org","@graph":[{"@type":"WebPage","@id":"https:\/\/tatami-samurai.de\/tsjc\/satzung\/","url":"https:\/\/tatami-samurai.de\/tsjc\/satzung\/","name":"Satzung | Tatami Samurai Judoclub Eutin e. V.","isPartOf":{"@id":"https:\/\/tatami-samurai.de\/tsjc\/#website"},"datePublished":"2021-11-19T13:09:43+00:00","dateModified":"2021-11-22T17:18:34+00:00","breadcrumb":{"@id":"https:\/\/tatami-samurai.de\/tsjc\/satzung\/#breadcrumb"},"inLanguage":"de","potentialAction":[{"@type":"ReadAction","target":["https:\/\/tatami-samurai.de\/tsjc\/satzung\/"]}]},{"@type":"BreadcrumbList","@id":"https:\/\/tatami-samurai.de\/tsjc\/satzung\/#breadcrumb","itemListElement":[{"@type":"ListItem","position":1,"name":"Startseite","item":"https:\/\/tatami-samurai.de\/tsjc\/"},{"@type":"ListItem","position":2,"name":"Satzung"}]},{"@type":"WebSite","@id":"https:\/\/tatami-samurai.de\/tsjc\/#website","url":"https:\/\/tatami-samurai.de\/tsjc\/","name":"Tatami Samurai Judoclub Eutin e. V.","description":"","publisher":{"@id":"https:\/\/tatami-samurai.de\/tsjc\/#organization"},"potentialAction":[{"@type":"SearchAction","target":{"@type":"EntryPoint","urlTemplate":"https:\/\/tatami-samurai.de\/tsjc\/?s={search_term_string}"},"query-input":"required name=search_term_string"}],"inLanguage":"de"},{"@type":"Organization","@id":"https:\/\/tatami-samurai.de\/tsjc\/#organization","name":"Tatami Samurai Judoclub Eutin e. V.","url":"https:\/\/tatami-samurai.de\/tsjc\/","logo":{"@type":"ImageObject","inLanguage":"de","@id":"https:\/\/tatami-samurai.de\/tsjc\/#\/schema\/logo\/image\/","url":"https:\/\/tatami-samurai.de\/tsjc\/wp-content\/uploads\/Logo-Tatami-Samurai-rund-ohne-Judoka-512.png","contentUrl":"https:\/\/tatami-samurai.de\/tsjc\/wp-content\/uploads\/Logo-Tatami-Samurai-rund-ohne-Judoka-512.png","width":512,"height":511,"caption":"Tatami Samurai Judoclub Eutin e. V."},"image":{"@id":"https:\/\/tatami-samurai.de\/tsjc\/#\/schema\/logo\/image\/"}}]}},"_links":{"self":[{"href":"https:\/\/tatami-samurai.de\/tsjc\/wp-json\/wp\/v2\/pages\/42","targetHints":{"allow":["GET"]}}],"collection":[{"href":"https:\/\/tatami-samurai.de\/tsjc\/wp-json\/wp\/v2\/pages"}],"about":[{"href":"https:\/\/tatami-samurai.de\/tsjc\/wp-json\/wp\/v2\/types\/page"}],"author":[{"embeddable":true,"href":"https:\/\/tatami-samurai.de\/tsjc\/wp-json\/wp\/v2\/users\/1"}],"replies":[{"embeddable":true,"href":"https:\/\/tatami-samurai.de\/tsjc\/wp-json\/wp\/v2\/comments?post=42"}],"version-history":[{"count":4,"href":"https:\/\/tatami-samurai.de\/tsjc\/wp-json\/wp\/v2\/pages\/42\/revisions"}],"predecessor-version":[{"id":191,"href":"https:\/\/tatami-samurai.de\/tsjc\/wp-json\/wp\/v2\/pages\/42\/revisions\/191"}],"wp:attachment":[{"href":"https:\/\/tatami-samurai.de\/tsjc\/wp-json\/wp\/v2\/media?parent=42"}],"curies":[{"name":"wp","href":"https:\/\/api.w.org\/{rel}","templated":true}]}}