{"id":44,"date":"2021-11-19T14:10:12","date_gmt":"2021-11-19T13:10:12","guid":{"rendered":"https:\/\/tatami-samurai.de\/tsjc\/?page_id=44"},"modified":"2025-04-27T18:40:21","modified_gmt":"2025-04-27T16:40:21","slug":"sportabzeichen","status":"publish","type":"page","link":"https:\/\/tatami-samurai.de\/tsjc\/sportabzeichen\/","title":{"rendered":"Sportabzeichen"},"content":{"rendered":"\n<figure class=\"wp-block-image size-full is-resized\"><img loading=\"lazy\" decoding=\"async\" width=\"367\" height=\"137\" src=\"https:\/\/tatami-samurai.de\/tsjc\/wp-content\/uploads\/sportabzeichen-2.png\" alt=\"\" class=\"wp-image-305\" style=\"width:480px;height:179px\" srcset=\"https:\/\/tatami-samurai.de\/tsjc\/wp-content\/uploads\/sportabzeichen-2.png 367w, https:\/\/tatami-samurai.de\/tsjc\/wp-content\/uploads\/sportabzeichen-2-300x112.png 300w, https:\/\/tatami-samurai.de\/tsjc\/wp-content\/uploads\/sportabzeichen-2-150x56.png 150w\" sizes=\"auto, (max-width: 367px) 100vw, 367px\" \/><\/figure>\n\n\n\n<p style=\"font-size:24px\"><strong>Deutsches Sportabzeichen bei uns erlangen<\/strong> <\/p>\n\n\n\n<p>Bei uns kann jeder, der m\u00f6chte, ob Kind oder Erwachsenes Mitglied j\u00e4hrlich das Deutsche Sportabzeichen erwerben.<br>Unsere Trainer Andreas und Alexander Hering sind lizensierte Pr\u00fcfer mit g\u00fcltigem Pr\u00fcferausweis und bieten hierf\u00fcr je nach Disziplin und jahreszeitbedingter Wetterlage entsprechende Termine an.<br>Wir freuen uns auf Dich, wenn du Dich den Herausforderungen stellst.<\/p>\n\n\n<figure class=\"wp-block-image aligncenter size-full is-resized\"><img loading=\"lazy\" decoding=\"async\" width=\"197\" height=\"255\" class=\"wp-image-304\" style=\"width: 175px; height: 227px;\" src=\"https:\/\/tatami-samurai.de\/tsjc\/wp-content\/uploads\/sportabzeichen-1.png\" alt=\"\" srcset=\"https:\/\/tatami-samurai.de\/tsjc\/wp-content\/uploads\/sportabzeichen-1.png 197w, https:\/\/tatami-samurai.de\/tsjc\/wp-content\/uploads\/sportabzeichen-1-116x150.png 116w\" sizes=\"auto, (max-width: 197px) 100vw, 197px\" \/><\/figure>\n\n\n<p><strong><u>Was ist das Deutsche Sportabzeichen (DSA)?<\/u><\/strong><br>Das Deutsche Sportabzeichen ist ein Abzeichen f\u00fcr bestimmte sportliche Leistungen, das bis 2006 vom Deutschen Olympischen Sportbund (DOSB) und nun vom Deutschen Sportbund verliehen wird. Um das Abzeichen zu erwerben sind bestimmte Leistungen zu erbringen, die nach Altersstufen, Geschlecht und Leistungsklassen gestaffelt sind. Zur Erreichung enth\u00e4lt es Disziplinen aus der Leichtathletik, dem Turnen, dem Schwimmsport und dem Radfahren in denen Anforderungen in der Ausdauer, der Kraft, der Schnelligkeit, der Koordination und den Schwimmfertigkeiten nachgewiesen werden m\u00fcssen. Falls der Teilnehmer nicht die Anforderungen der Schwimmfertigkeiten erbringt, muss er die Schwimmfertigkeiten anderweitig nachweisen. Der Nachweis darf bei Erwachsenen aber nicht \u00e4lter als f\u00fcnf Jahre als sein. Es kann in Bronze, Silber und Gold je nach erbrachten Leistungen verliehen werden. Bei der Verleihung erh\u00e4lt der Sportler eine Urkunde und, wenn gew\u00fcnscht das jeweilige Abzeichen. Nach mindestens f\u00fcnf Wiederholungen, steht die Anzahl der Wiederholungen in F\u00fcnferschritten in dem verliehenen Abzeichen. Ausk\u00fcnfte zu den Erlangungsm\u00f6glichkeiten teilt der jeweilige Landessportbund (LSB) mit.<\/p>\n\n\n<figure class=\"wp-block-image aligncenter size-full is-resized\"><img loading=\"lazy\" decoding=\"async\" width=\"530\" height=\"351\" class=\"wp-image-316\" style=\"width: 298px; height: 183px;\" src=\"https:\/\/tatami-samurai.de\/tsjc\/wp-content\/uploads\/sportabzeichen-6.png\" alt=\"\" srcset=\"https:\/\/tatami-samurai.de\/tsjc\/wp-content\/uploads\/sportabzeichen-6.png 530w, https:\/\/tatami-samurai.de\/tsjc\/wp-content\/uploads\/sportabzeichen-6-300x200.png 300w, https:\/\/tatami-samurai.de\/tsjc\/wp-content\/uploads\/sportabzeichen-6-150x99.png 150w\" sizes=\"auto, (max-width: 530px) 100vw, 530px\" \/><\/figure>\n\n\n<p>Jeder kann das Deutsche Sportabzeichen versuchen zu erwerben, ob Jungen und M\u00e4dchen zwischen 6 und 17 Jahren, Erwachsene. Menschen mit einer k\u00f6rperlichen oder geistigen Behinderung k\u00f6nnen das Deutsche Sportabzeichen auch ablegen, hierzu werden die Gruppen nach Alter und Behinderung eingeteilt und die Disziplinen werden den jeweiligen Behinderungen angepasst. Hierzu erteilt der Deutsche Behindertensportverband Informationen.<\/p>\n\n\n\n<p class=\"has-text-align-center\" style=\"font-size:26px\"><strong>Also runter von der Couch und rein in die Sportklamotten<\/strong>!<\/p>\n\n\n<figure class=\"wp-block-image aligncenter size-full is-resized\"><img loading=\"lazy\" decoding=\"async\" width=\"661\" height=\"600\" class=\"wp-image-308\" style=\"width: 371px; height: 337px;\" src=\"https:\/\/tatami-samurai.de\/tsjc\/wp-content\/uploads\/sportabzeichen-5.png\" alt=\"\" srcset=\"https:\/\/tatami-samurai.de\/tsjc\/wp-content\/uploads\/sportabzeichen-5.png 661w, https:\/\/tatami-samurai.de\/tsjc\/wp-content\/uploads\/sportabzeichen-5-300x272.png 300w, https:\/\/tatami-samurai.de\/tsjc\/wp-content\/uploads\/sportabzeichen-5-150x136.png 150w\" sizes=\"auto, (max-width: 661px) 100vw, 661px\" \/><\/figure>\n\n\n<p class=\"has-text-align-center has-normal-font-size\">Texte und Bilder \u00a9 Der Deutsche Olympische Sportbund DSOB (<a href=\"https:\/\/www.deutsches-sportabzeichen.de\/\" target=\"_blank\" rel=\"noreferrer noopener\">www.deutsches-sportabzeichen.de<\/a>)<\/p>\n","protected":false},"excerpt":{"rendered":"<p>Deutsches Sportabzeichen bei uns erlangen Bei uns kann jeder, der m\u00f6chte, ob Kind oder Erwachsenes Mitglied j\u00e4hrlich das Deutsche Sportabzeichen erwerben.Unsere Trainer Andreas und Alexander Hering sind lizensierte Pr\u00fcfer mit g\u00fcltigem Pr\u00fcferausweis und bieten hierf\u00fcr je nach Disziplin und jahreszeitbedingter Wetterlage entsprechende Termine an.Wir freuen uns auf Dich, wenn du Dich den Herausforderungen stellst. Was [&hellip;]<\/p>\n","protected":false},"author":1,"featured_media":0,"parent":0,"menu_order":0,"comment_status":"closed","ping_status":"closed","template":"","meta":{"footnotes":""},"class_list":["post-44","page","type-page","status-publish","hentry"],"yoast_head":"<!-- This site is optimized with the Yoast SEO plugin v20.6 - https:\/\/yoast.com\/wordpress\/plugins\/seo\/ -->\n<title>Sportabzeichen | Tatami Samurai Judoclub Eutin e. V.<\/title>\n<meta name=\"robots\" content=\"index, follow, max-snippet:-1, max-image-preview:large, max-video-preview:-1\" \/>\n<link rel=\"canonical\" href=\"https:\/\/tatami-samurai.de\/tsjc\/sportabzeichen\/\" \/>\n<meta property=\"og:locale\" content=\"de_DE\" \/>\n<meta property=\"og:type\" content=\"article\" \/>\n<meta property=\"og:title\" content=\"Sportabzeichen | Tatami Samurai Judoclub Eutin e. V.\" \/>\n<meta property=\"og:description\" content=\"Deutsches Sportabzeichen bei uns erlangen Bei uns kann jeder, der m\u00f6chte, ob Kind oder Erwachsenes Mitglied j\u00e4hrlich das Deutsche Sportabzeichen erwerben.Unsere Trainer Andreas und Alexander Hering sind lizensierte Pr\u00fcfer mit g\u00fcltigem Pr\u00fcferausweis und bieten hierf\u00fcr je nach Disziplin und jahreszeitbedingter Wetterlage entsprechende Termine an.Wir freuen uns auf Dich, wenn du Dich den Herausforderungen stellst. Was [&hellip;]\" \/>\n<meta property=\"og:url\" content=\"https:\/\/tatami-samurai.de\/tsjc\/sportabzeichen\/\" \/>\n<meta property=\"og:site_name\" content=\"Tatami Samurai Judoclub Eutin e. V.\" \/>\n<meta property=\"article:modified_time\" content=\"2025-04-27T16:40:21+00:00\" \/>\n<meta property=\"og:image\" content=\"https:\/\/tatami-samurai.de\/tsjc\/wp-content\/uploads\/sportabzeichen-2.png\" \/>\n<meta name=\"twitter:card\" content=\"summary_large_image\" \/>\n<meta name=\"twitter:label1\" content=\"Gesch\u00e4tzte Lesezeit\" \/>\n\t<meta name=\"twitter:data1\" content=\"3\u00a0Minuten\" \/>\n<script type=\"application\/ld+json\" class=\"yoast-schema-graph\">{\"@context\":\"https:\/\/schema.org\",\"@graph\":[{\"@type\":\"WebPage\",\"@id\":\"https:\/\/tatami-samurai.de\/tsjc\/sportabzeichen\/\",\"url\":\"https:\/\/tatami-samurai.de\/tsjc\/sportabzeichen\/\",\"name\":\"Sportabzeichen | Tatami Samurai Judoclub Eutin e. V.\",\"isPartOf\":{\"@id\":\"https:\/\/tatami-samurai.de\/tsjc\/#website\"},\"datePublished\":\"2021-11-19T13:10:12+00:00\",\"dateModified\":\"2025-04-27T16:40:21+00:00\",\"breadcrumb\":{\"@id\":\"https:\/\/tatami-samurai.de\/tsjc\/sportabzeichen\/#breadcrumb\"},\"inLanguage\":\"de\",\"potentialAction\":[{\"@type\":\"ReadAction\",\"target\":[\"https:\/\/tatami-samurai.de\/tsjc\/sportabzeichen\/\"]}]},{\"@type\":\"BreadcrumbList\",\"@id\":\"https:\/\/tatami-samurai.de\/tsjc\/sportabzeichen\/#breadcrumb\",\"itemListElement\":[{\"@type\":\"ListItem\",\"position\":1,\"name\":\"Startseite\",\"item\":\"https:\/\/tatami-samurai.de\/tsjc\/\"},{\"@type\":\"ListItem\",\"position\":2,\"name\":\"Sportabzeichen\"}]},{\"@type\":\"WebSite\",\"@id\":\"https:\/\/tatami-samurai.de\/tsjc\/#website\",\"url\":\"https:\/\/tatami-samurai.de\/tsjc\/\",\"name\":\"Tatami Samurai Judoclub Eutin e. V.\",\"description\":\"\",\"publisher\":{\"@id\":\"https:\/\/tatami-samurai.de\/tsjc\/#organization\"},\"potentialAction\":[{\"@type\":\"SearchAction\",\"target\":{\"@type\":\"EntryPoint\",\"urlTemplate\":\"https:\/\/tatami-samurai.de\/tsjc\/?s={search_term_string}\"},\"query-input\":\"required name=search_term_string\"}],\"inLanguage\":\"de\"},{\"@type\":\"Organization\",\"@id\":\"https:\/\/tatami-samurai.de\/tsjc\/#organization\",\"name\":\"Tatami Samurai Judoclub Eutin e. V.\",\"url\":\"https:\/\/tatami-samurai.de\/tsjc\/\",\"logo\":{\"@type\":\"ImageObject\",\"inLanguage\":\"de\",\"@id\":\"https:\/\/tatami-samurai.de\/tsjc\/#\/schema\/logo\/image\/\",\"url\":\"https:\/\/tatami-samurai.de\/tsjc\/wp-content\/uploads\/Logo-Tatami-Samurai-rund-ohne-Judoka-512.png\",\"contentUrl\":\"https:\/\/tatami-samurai.de\/tsjc\/wp-content\/uploads\/Logo-Tatami-Samurai-rund-ohne-Judoka-512.png\",\"width\":512,\"height\":511,\"caption\":\"Tatami Samurai Judoclub Eutin e. V.\"},\"image\":{\"@id\":\"https:\/\/tatami-samurai.de\/tsjc\/#\/schema\/logo\/image\/\"}}]}<\/script>\n<!-- \/ Yoast SEO plugin. -->","yoast_head_json":{"title":"Sportabzeichen | Tatami Samurai Judoclub Eutin e. V.","robots":{"index":"index","follow":"follow","max-snippet":"max-snippet:-1","max-image-preview":"max-image-preview:large","max-video-preview":"max-video-preview:-1"},"canonical":"https:\/\/tatami-samurai.de\/tsjc\/sportabzeichen\/","og_locale":"de_DE","og_type":"article","og_title":"Sportabzeichen | Tatami Samurai Judoclub Eutin e. V.","og_description":"Deutsches Sportabzeichen bei uns erlangen Bei uns kann jeder, der m\u00f6chte, ob Kind oder Erwachsenes Mitglied j\u00e4hrlich das Deutsche Sportabzeichen erwerben.Unsere Trainer Andreas und Alexander Hering sind lizensierte Pr\u00fcfer mit g\u00fcltigem Pr\u00fcferausweis und bieten hierf\u00fcr je nach Disziplin und jahreszeitbedingter Wetterlage entsprechende Termine an.Wir freuen uns auf Dich, wenn du Dich den Herausforderungen stellst. Was [&hellip;]","og_url":"https:\/\/tatami-samurai.de\/tsjc\/sportabzeichen\/","og_site_name":"Tatami Samurai Judoclub Eutin e. V.","article_modified_time":"2025-04-27T16:40:21+00:00","og_image":[{"url":"https:\/\/tatami-samurai.de\/tsjc\/wp-content\/uploads\/sportabzeichen-2.png"}],"twitter_card":"summary_large_image","twitter_misc":{"Gesch\u00e4tzte Lesezeit":"3\u00a0Minuten"},"schema":{"@context":"https:\/\/schema.org","@graph":[{"@type":"WebPage","@id":"https:\/\/tatami-samurai.de\/tsjc\/sportabzeichen\/","url":"https:\/\/tatami-samurai.de\/tsjc\/sportabzeichen\/","name":"Sportabzeichen | Tatami Samurai Judoclub Eutin e. V.","isPartOf":{"@id":"https:\/\/tatami-samurai.de\/tsjc\/#website"},"datePublished":"2021-11-19T13:10:12+00:00","dateModified":"2025-04-27T16:40:21+00:00","breadcrumb":{"@id":"https:\/\/tatami-samurai.de\/tsjc\/sportabzeichen\/#breadcrumb"},"inLanguage":"de","potentialAction":[{"@type":"ReadAction","target":["https:\/\/tatami-samurai.de\/tsjc\/sportabzeichen\/"]}]},{"@type":"BreadcrumbList","@id":"https:\/\/tatami-samurai.de\/tsjc\/sportabzeichen\/#breadcrumb","itemListElement":[{"@type":"ListItem","position":1,"name":"Startseite","item":"https:\/\/tatami-samurai.de\/tsjc\/"},{"@type":"ListItem","position":2,"name":"Sportabzeichen"}]},{"@type":"WebSite","@id":"https:\/\/tatami-samurai.de\/tsjc\/#website","url":"https:\/\/tatami-samurai.de\/tsjc\/","name":"Tatami Samurai Judoclub Eutin e. V.","description":"","publisher":{"@id":"https:\/\/tatami-samurai.de\/tsjc\/#organization"},"potentialAction":[{"@type":"SearchAction","target":{"@type":"EntryPoint","urlTemplate":"https:\/\/tatami-samurai.de\/tsjc\/?s={search_term_string}"},"query-input":"required name=search_term_string"}],"inLanguage":"de"},{"@type":"Organization","@id":"https:\/\/tatami-samurai.de\/tsjc\/#organization","name":"Tatami Samurai Judoclub Eutin e. V.","url":"https:\/\/tatami-samurai.de\/tsjc\/","logo":{"@type":"ImageObject","inLanguage":"de","@id":"https:\/\/tatami-samurai.de\/tsjc\/#\/schema\/logo\/image\/","url":"https:\/\/tatami-samurai.de\/tsjc\/wp-content\/uploads\/Logo-Tatami-Samurai-rund-ohne-Judoka-512.png","contentUrl":"https:\/\/tatami-samurai.de\/tsjc\/wp-content\/uploads\/Logo-Tatami-Samurai-rund-ohne-Judoka-512.png","width":512,"height":511,"caption":"Tatami Samurai Judoclub Eutin e. V."},"image":{"@id":"https:\/\/tatami-samurai.de\/tsjc\/#\/schema\/logo\/image\/"}}]}},"_links":{"self":[{"href":"https:\/\/tatami-samurai.de\/tsjc\/wp-json\/wp\/v2\/pages\/44","targetHints":{"allow":["GET"]}}],"collection":[{"href":"https:\/\/tatami-samurai.de\/tsjc\/wp-json\/wp\/v2\/pages"}],"about":[{"href":"https:\/\/tatami-samurai.de\/tsjc\/wp-json\/wp\/v2\/types\/page"}],"author":[{"embeddable":true,"href":"https:\/\/tatami-samurai.de\/tsjc\/wp-json\/wp\/v2\/users\/1"}],"replies":[{"embeddable":true,"href":"https:\/\/tatami-samurai.de\/tsjc\/wp-json\/wp\/v2\/comments?post=44"}],"version-history":[{"count":21,"href":"https:\/\/tatami-samurai.de\/tsjc\/wp-json\/wp\/v2\/pages\/44\/revisions"}],"predecessor-version":[{"id":6180,"href":"https:\/\/tatami-samurai.de\/tsjc\/wp-json\/wp\/v2\/pages\/44\/revisions\/6180"}],"wp:attachment":[{"href":"https:\/\/tatami-samurai.de\/tsjc\/wp-json\/wp\/v2\/media?parent=44"}],"curies":[{"name":"wp","href":"https:\/\/api.w.org\/{rel}","templated":true}]}}