{"id":49,"date":"2021-11-19T14:11:13","date_gmt":"2021-11-19T13:11:13","guid":{"rendered":"https:\/\/tatami-samurai.de\/tsjc\/?page_id=49"},"modified":"2024-10-06T19:58:48","modified_gmt":"2024-10-06T17:58:48","slug":"trainingszeiten","status":"publish","type":"page","link":"https:\/\/tatami-samurai.de\/tsjc\/trainingszeiten\/","title":{"rendered":"Trainingszeiten"},"content":{"rendered":"\n<p class=\"has-text-align-center\" style=\"font-size:40px\"><strong>Werde auch Du ein Judoka und erlerne die<\/strong><br><strong>japanische Kunst der Selbstverteidigung<\/strong><\/p>\n\n\n\n<div class=\"wp-block-columns is-layout-flex wp-container-core-columns-is-layout-1 wp-block-columns-is-layout-flex\">\n<div class=\"wp-block-column is-layout-flow wp-block-column-is-layout-flow\">\n<figure class=\"wp-block-image size-large is-resized\"><img loading=\"lazy\" decoding=\"async\" src=\"https:\/\/tatami-samurai.de\/tsjc\/wp-content\/uploads\/Freundschaft-697x1024.jpg\" alt=\"\" class=\"wp-image-115\" width=\"109\" height=\"170\"\/><\/figure>\n<\/div>\n\n\n\n<div class=\"wp-block-column is-layout-flow wp-block-column-is-layout-flow\">\n<figure class=\"wp-block-image size-full is-resized\"><img loading=\"lazy\" decoding=\"async\" src=\"https:\/\/tatami-samurai.de\/tsjc\/wp-content\/uploads\/hoeflichkeit.jpg\" alt=\"\" class=\"wp-image-117\" width=\"256\" height=\"170\" srcset=\"https:\/\/tatami-samurai.de\/tsjc\/wp-content\/uploads\/hoeflichkeit.jpg 400w, https:\/\/tatami-samurai.de\/tsjc\/wp-content\/uploads\/hoeflichkeit-300x200.jpg 300w, https:\/\/tatami-samurai.de\/tsjc\/wp-content\/uploads\/hoeflichkeit-150x99.jpg 150w\" sizes=\"auto, (max-width: 256px) 100vw, 256px\" \/><\/figure>\n<\/div>\n\n\n\n<div class=\"wp-block-column is-layout-flow wp-block-column-is-layout-flow\">\n<figure class=\"wp-block-image size-large is-resized\"><img loading=\"lazy\" decoding=\"async\" src=\"https:\/\/tatami-samurai.de\/tsjc\/wp-content\/uploads\/hilfsbereitschaft-903x1024.jpg\" alt=\"\" class=\"wp-image-116\" width=\"146\" height=\"170\"\/><\/figure>\n\n\n\n<p><\/p>\n<\/div>\n<\/div>\n\n\n\n<p class=\"has-medium-font-size\"><strong>Jungs und M\u00e4dchen k\u00f6nnen ab dem 6. Lebensjahr den Judosport aus\u00fcben, nach oben gibt es keine Altersgrenze<\/strong><\/p>\n\n\n\n<p class=\"has-text-align-center has-medium-font-size\"><strong>Nat\u00fcrlich bekommt ihr erstmal Zeit zum Ausprobieren!<\/strong><\/p>\n\n\n\n<p class=\"has-text-align-center has-medium-font-size\"><strong>Unser Dojo befindet sich in Eutin, Markt 7, 23701 Eutin, Eingang Am Stadtgraben<\/strong><\/p>\n\n\n\n<figure class=\"wp-block-table is-style-stripes\"><table><tbody><tr><td><strong>Wochentag<\/strong><\/td><td class=\"has-text-align-center\" data-align=\"center\"><strong>Uhrzeit von &#8211; bis<\/strong><\/td><td class=\"has-text-align-center\" data-align=\"center\"><strong>Altersgruppe<\/strong><\/td><\/tr><tr><td>Montag<\/td><td class=\"has-text-align-center\" data-align=\"center\">19:30 &#8211; 21:00<\/td><td class=\"has-text-align-center\" data-align=\"center\">Erwachsene<\/td><\/tr><tr><td>Dienstag<\/td><td class=\"has-text-align-center\" data-align=\"center\">16:30 &#8211; 18:00<\/td><td class=\"has-text-align-center\" data-align=\"center\">Kinder<\/td><\/tr><tr><td>Donnerstag<\/td><td class=\"has-text-align-center\" data-align=\"center\">16:15 &#8211; 17:45<\/td><td class=\"has-text-align-center\" data-align=\"center\">Kinder<\/td><\/tr><\/tbody><\/table><\/figure>\n\n\n\n<p class=\"has-text-align-center\"><em>* Altersgruppierungen und -einteilung sind als Richtwerte zu sehen, bei Bedarf und R\u00fcckfragen gerne melden<\/em><\/p>\n\n\n\n<p class=\"has-text-align-center has-medium-font-size\"><strong>Hier k\u00f6nnt ihr euch die Trainingszeiten als PDF downloaden <\/strong><\/p>\n\n\n<div class=\"wp-block-image\">\n<figure class=\"aligncenter size-full is-resized\"><a href=\"https:\/\/tatami-samurai.de\/tsjc\/wp-content\/uploads\/Trainingszeiten.pdf\"><img loading=\"lazy\" decoding=\"async\" src=\"https:\/\/tatami-samurai.de\/tsjc\/wp-content\/uploads\/pdf.png\" alt=\"\" class=\"wp-image-131\" width=\"57\" height=\"57\"\/><\/a><\/figure><\/div>\n\n\n<p class=\"has-text-align-center has-medium-font-size\"><br>Bei Fragen kontaktiert uns einfach unter: <a href=\"mailto:info@tatami-samurai.de\">info@tatami-samurai.de<\/a><\/p>\n\n\n\n<p class=\"has-text-align-center\"><\/p>\n\n\n\n<p class=\"has-text-align-center has-normal-font-size\">Bilder \u00a9 DJB (<a href=\"http:\/\/www.judobund.de\/jugend\/training-wettkampf\/judowerte\">www.judobund.de\/jugend\/training-wettkampf\/judowerte<\/a>)<\/p>\n","protected":false},"excerpt":{"rendered":"<p>Werde auch Du ein Judoka und erlerne diejapanische Kunst der Selbstverteidigung Jungs und M\u00e4dchen k\u00f6nnen ab dem 6. Lebensjahr den Judosport aus\u00fcben, nach oben gibt es keine Altersgrenze Nat\u00fcrlich bekommt ihr erstmal Zeit zum Ausprobieren! Unser Dojo befindet sich in Eutin, Markt 7, 23701 Eutin, Eingang Am Stadtgraben Wochentag Uhrzeit von &#8211; bis Altersgruppe Montag [&hellip;]<\/p>\n","protected":false},"author":1,"featured_media":0,"parent":0,"menu_order":0,"comment_status":"closed","ping_status":"closed","template":"","meta":{"footnotes":""},"class_list":["post-49","page","type-page","status-publish","hentry"],"yoast_head":"<!-- This site is optimized with the Yoast SEO plugin v20.6 - https:\/\/yoast.com\/wordpress\/plugins\/seo\/ -->\n<title>Trainingszeiten | Tatami Samurai Judoclub Eutin e. V.<\/title>\n<meta name=\"robots\" content=\"index, follow, max-snippet:-1, max-image-preview:large, max-video-preview:-1\" \/>\n<link rel=\"canonical\" href=\"https:\/\/tatami-samurai.de\/tsjc\/trainingszeiten\/\" \/>\n<meta property=\"og:locale\" content=\"de_DE\" \/>\n<meta property=\"og:type\" content=\"article\" \/>\n<meta property=\"og:title\" content=\"Trainingszeiten | Tatami Samurai Judoclub Eutin e. V.\" \/>\n<meta property=\"og:description\" content=\"Werde auch Du ein Judoka und erlerne diejapanische Kunst der Selbstverteidigung Jungs und M\u00e4dchen k\u00f6nnen ab dem 6. Lebensjahr den Judosport aus\u00fcben, nach oben gibt es keine Altersgrenze Nat\u00fcrlich bekommt ihr erstmal Zeit zum Ausprobieren! Unser Dojo befindet sich in Eutin, Markt 7, 23701 Eutin, Eingang Am Stadtgraben Wochentag Uhrzeit von &#8211; bis Altersgruppe Montag [&hellip;]\" \/>\n<meta property=\"og:url\" content=\"https:\/\/tatami-samurai.de\/tsjc\/trainingszeiten\/\" \/>\n<meta property=\"og:site_name\" content=\"Tatami Samurai Judoclub Eutin e. V.\" \/>\n<meta property=\"article:modified_time\" content=\"2024-10-06T17:58:48+00:00\" \/>\n<meta property=\"og:image\" content=\"https:\/\/tatami-samurai.de\/tsjc\/wp-content\/uploads\/Freundschaft-697x1024.jpg\" \/>\n<meta name=\"twitter:card\" content=\"summary_large_image\" \/>\n<meta name=\"twitter:label1\" content=\"Gesch\u00e4tzte Lesezeit\" \/>\n\t<meta name=\"twitter:data1\" content=\"2\u00a0Minuten\" \/>\n<script type=\"application\/ld+json\" class=\"yoast-schema-graph\">{\"@context\":\"https:\/\/schema.org\",\"@graph\":[{\"@type\":\"WebPage\",\"@id\":\"https:\/\/tatami-samurai.de\/tsjc\/trainingszeiten\/\",\"url\":\"https:\/\/tatami-samurai.de\/tsjc\/trainingszeiten\/\",\"name\":\"Trainingszeiten | Tatami Samurai Judoclub Eutin e. V.\",\"isPartOf\":{\"@id\":\"https:\/\/tatami-samurai.de\/tsjc\/#website\"},\"datePublished\":\"2021-11-19T13:11:13+00:00\",\"dateModified\":\"2024-10-06T17:58:48+00:00\",\"breadcrumb\":{\"@id\":\"https:\/\/tatami-samurai.de\/tsjc\/trainingszeiten\/#breadcrumb\"},\"inLanguage\":\"de\",\"potentialAction\":[{\"@type\":\"ReadAction\",\"target\":[\"https:\/\/tatami-samurai.de\/tsjc\/trainingszeiten\/\"]}]},{\"@type\":\"BreadcrumbList\",\"@id\":\"https:\/\/tatami-samurai.de\/tsjc\/trainingszeiten\/#breadcrumb\",\"itemListElement\":[{\"@type\":\"ListItem\",\"position\":1,\"name\":\"Startseite\",\"item\":\"https:\/\/tatami-samurai.de\/tsjc\/\"},{\"@type\":\"ListItem\",\"position\":2,\"name\":\"Trainingszeiten\"}]},{\"@type\":\"WebSite\",\"@id\":\"https:\/\/tatami-samurai.de\/tsjc\/#website\",\"url\":\"https:\/\/tatami-samurai.de\/tsjc\/\",\"name\":\"Tatami Samurai Judoclub Eutin e. V.\",\"description\":\"\",\"publisher\":{\"@id\":\"https:\/\/tatami-samurai.de\/tsjc\/#organization\"},\"potentialAction\":[{\"@type\":\"SearchAction\",\"target\":{\"@type\":\"EntryPoint\",\"urlTemplate\":\"https:\/\/tatami-samurai.de\/tsjc\/?s={search_term_string}\"},\"query-input\":\"required name=search_term_string\"}],\"inLanguage\":\"de\"},{\"@type\":\"Organization\",\"@id\":\"https:\/\/tatami-samurai.de\/tsjc\/#organization\",\"name\":\"Tatami Samurai Judoclub Eutin e. V.\",\"url\":\"https:\/\/tatami-samurai.de\/tsjc\/\",\"logo\":{\"@type\":\"ImageObject\",\"inLanguage\":\"de\",\"@id\":\"https:\/\/tatami-samurai.de\/tsjc\/#\/schema\/logo\/image\/\",\"url\":\"https:\/\/tatami-samurai.de\/tsjc\/wp-content\/uploads\/Logo-Tatami-Samurai-rund-ohne-Judoka-512.png\",\"contentUrl\":\"https:\/\/tatami-samurai.de\/tsjc\/wp-content\/uploads\/Logo-Tatami-Samurai-rund-ohne-Judoka-512.png\",\"width\":512,\"height\":511,\"caption\":\"Tatami Samurai Judoclub Eutin e. V.\"},\"image\":{\"@id\":\"https:\/\/tatami-samurai.de\/tsjc\/#\/schema\/logo\/image\/\"}}]}<\/script>\n<!-- \/ Yoast SEO plugin. -->","yoast_head_json":{"title":"Trainingszeiten | Tatami Samurai Judoclub Eutin e. V.","robots":{"index":"index","follow":"follow","max-snippet":"max-snippet:-1","max-image-preview":"max-image-preview:large","max-video-preview":"max-video-preview:-1"},"canonical":"https:\/\/tatami-samurai.de\/tsjc\/trainingszeiten\/","og_locale":"de_DE","og_type":"article","og_title":"Trainingszeiten | Tatami Samurai Judoclub Eutin e. V.","og_description":"Werde auch Du ein Judoka und erlerne diejapanische Kunst der Selbstverteidigung Jungs und M\u00e4dchen k\u00f6nnen ab dem 6. Lebensjahr den Judosport aus\u00fcben, nach oben gibt es keine Altersgrenze Nat\u00fcrlich bekommt ihr erstmal Zeit zum Ausprobieren! Unser Dojo befindet sich in Eutin, Markt 7, 23701 Eutin, Eingang Am Stadtgraben Wochentag Uhrzeit von &#8211; bis Altersgruppe Montag [&hellip;]","og_url":"https:\/\/tatami-samurai.de\/tsjc\/trainingszeiten\/","og_site_name":"Tatami Samurai Judoclub Eutin e. V.","article_modified_time":"2024-10-06T17:58:48+00:00","og_image":[{"url":"https:\/\/tatami-samurai.de\/tsjc\/wp-content\/uploads\/Freundschaft-697x1024.jpg"}],"twitter_card":"summary_large_image","twitter_misc":{"Gesch\u00e4tzte Lesezeit":"2\u00a0Minuten"},"schema":{"@context":"https:\/\/schema.org","@graph":[{"@type":"WebPage","@id":"https:\/\/tatami-samurai.de\/tsjc\/trainingszeiten\/","url":"https:\/\/tatami-samurai.de\/tsjc\/trainingszeiten\/","name":"Trainingszeiten | Tatami Samurai Judoclub Eutin e. V.","isPartOf":{"@id":"https:\/\/tatami-samurai.de\/tsjc\/#website"},"datePublished":"2021-11-19T13:11:13+00:00","dateModified":"2024-10-06T17:58:48+00:00","breadcrumb":{"@id":"https:\/\/tatami-samurai.de\/tsjc\/trainingszeiten\/#breadcrumb"},"inLanguage":"de","potentialAction":[{"@type":"ReadAction","target":["https:\/\/tatami-samurai.de\/tsjc\/trainingszeiten\/"]}]},{"@type":"BreadcrumbList","@id":"https:\/\/tatami-samurai.de\/tsjc\/trainingszeiten\/#breadcrumb","itemListElement":[{"@type":"ListItem","position":1,"name":"Startseite","item":"https:\/\/tatami-samurai.de\/tsjc\/"},{"@type":"ListItem","position":2,"name":"Trainingszeiten"}]},{"@type":"WebSite","@id":"https:\/\/tatami-samurai.de\/tsjc\/#website","url":"https:\/\/tatami-samurai.de\/tsjc\/","name":"Tatami Samurai Judoclub Eutin e. V.","description":"","publisher":{"@id":"https:\/\/tatami-samurai.de\/tsjc\/#organization"},"potentialAction":[{"@type":"SearchAction","target":{"@type":"EntryPoint","urlTemplate":"https:\/\/tatami-samurai.de\/tsjc\/?s={search_term_string}"},"query-input":"required name=search_term_string"}],"inLanguage":"de"},{"@type":"Organization","@id":"https:\/\/tatami-samurai.de\/tsjc\/#organization","name":"Tatami Samurai Judoclub Eutin e. V.","url":"https:\/\/tatami-samurai.de\/tsjc\/","logo":{"@type":"ImageObject","inLanguage":"de","@id":"https:\/\/tatami-samurai.de\/tsjc\/#\/schema\/logo\/image\/","url":"https:\/\/tatami-samurai.de\/tsjc\/wp-content\/uploads\/Logo-Tatami-Samurai-rund-ohne-Judoka-512.png","contentUrl":"https:\/\/tatami-samurai.de\/tsjc\/wp-content\/uploads\/Logo-Tatami-Samurai-rund-ohne-Judoka-512.png","width":512,"height":511,"caption":"Tatami Samurai Judoclub Eutin e. V."},"image":{"@id":"https:\/\/tatami-samurai.de\/tsjc\/#\/schema\/logo\/image\/"}}]}},"_links":{"self":[{"href":"https:\/\/tatami-samurai.de\/tsjc\/wp-json\/wp\/v2\/pages\/49","targetHints":{"allow":["GET"]}}],"collection":[{"href":"https:\/\/tatami-samurai.de\/tsjc\/wp-json\/wp\/v2\/pages"}],"about":[{"href":"https:\/\/tatami-samurai.de\/tsjc\/wp-json\/wp\/v2\/types\/page"}],"author":[{"embeddable":true,"href":"https:\/\/tatami-samurai.de\/tsjc\/wp-json\/wp\/v2\/users\/1"}],"replies":[{"embeddable":true,"href":"https:\/\/tatami-samurai.de\/tsjc\/wp-json\/wp\/v2\/comments?post=49"}],"version-history":[{"count":46,"href":"https:\/\/tatami-samurai.de\/tsjc\/wp-json\/wp\/v2\/pages\/49\/revisions"}],"predecessor-version":[{"id":5706,"href":"https:\/\/tatami-samurai.de\/tsjc\/wp-json\/wp\/v2\/pages\/49\/revisions\/5706"}],"wp:attachment":[{"href":"https:\/\/tatami-samurai.de\/tsjc\/wp-json\/wp\/v2\/media?parent=49"}],"curies":[{"name":"wp","href":"https:\/\/api.w.org\/{rel}","templated":true}]}}