{"id":51,"date":"2021-11-19T14:11:44","date_gmt":"2021-11-19T13:11:44","guid":{"rendered":"https:\/\/tatami-samurai.de\/tsjc\/?page_id=51"},"modified":"2021-11-29T16:41:14","modified_gmt":"2021-11-29T15:41:14","slug":"ueber-judo","status":"publish","type":"page","link":"https:\/\/tatami-samurai.de\/tsjc\/ueber-judo\/","title":{"rendered":"\u00dcber Judo"},"content":{"rendered":"\n<p>Hier findet Du alles \u00fcber Judo<\/p>\n\n\n\n<div class=\"wp-block-media-text alignwide is-vertically-aligned-center\" style=\"grid-template-columns:15% auto\"><figure class=\"wp-block-media-text__media\"><a href=\"https:\/\/tatami-samurai.de\/tsjc\/was-ist-judo\/\"><img loading=\"lazy\" decoding=\"async\" width=\"150\" height=\"150\" src=\"https:\/\/tatami-samurai.de\/tsjc\/wp-content\/uploads\/Logo-Tatami-Samurai-rund-ohne-Judoka-150.png\" alt=\"\" class=\"wp-image-95 size-full\"\/><\/a><\/figure><div class=\"wp-block-media-text__content\">\n<p class=\"has-large-font-size\"><a href=\"https:\/\/tatami-samurai.de\/tsjc\/was-ist-judo\/\" data-type=\"page\" data-id=\"59\">Was ist Judo<\/a><\/p>\n<\/div><\/div>\n\n\n\n<div class=\"wp-block-media-text alignwide is-vertically-aligned-center\" style=\"grid-template-columns:15% auto\"><figure class=\"wp-block-media-text__media\"><a href=\"https:\/\/tatami-samurai.de\/tsjc\/guertel-binden\/\"><img loading=\"lazy\" decoding=\"async\" width=\"150\" height=\"150\" src=\"https:\/\/tatami-samurai.de\/tsjc\/wp-content\/uploads\/Logo-Tatami-Samurai-rund-ohne-Judoka-150.png\" alt=\"\" class=\"wp-image-95 size-full\"\/><\/a><\/figure><div class=\"wp-block-media-text__content\">\n<p class=\"has-large-font-size\"><a href=\"https:\/\/tatami-samurai.de\/tsjc\/guertel-binden\/\" data-type=\"page\" data-id=\"24\">G\u00fcrtel binden<\/a><\/p>\n<\/div><\/div>\n\n\n\n<div class=\"wp-block-media-text alignwide is-vertically-aligned-center\" style=\"grid-template-columns:15% auto\"><figure class=\"wp-block-media-text__media\"><a href=\"https:\/\/tatami-samurai.de\/tsjc\/judo-etikette\/\"><img loading=\"lazy\" decoding=\"async\" width=\"150\" height=\"150\" src=\"https:\/\/tatami-samurai.de\/tsjc\/wp-content\/uploads\/Logo-Tatami-Samurai-rund-ohne-Judoka-150.png\" alt=\"\" class=\"wp-image-95 size-full\"\/><\/a><\/figure><div class=\"wp-block-media-text__content\">\n<p class=\"has-large-font-size\"><a href=\"https:\/\/tatami-samurai.de\/tsjc\/judo-etikette\/\" data-type=\"page\" data-id=\"30\">Judo-Etikette<\/a><\/p>\n<\/div><\/div>\n\n\n\n<div class=\"wp-block-media-text alignwide is-vertically-aligned-center\" style=\"grid-template-columns:15% auto\"><figure class=\"wp-block-media-text__media\"><a href=\"https:\/\/tatami-samurai.de\/tsjc\/judo-werte\/\"><img loading=\"lazy\" decoding=\"async\" width=\"150\" height=\"150\" src=\"https:\/\/tatami-samurai.de\/tsjc\/wp-content\/uploads\/Logo-Tatami-Samurai-rund-ohne-Judoka-150.png\" alt=\"\" class=\"wp-image-95 size-full\"\/><\/a><\/figure><div class=\"wp-block-media-text__content\">\n<p class=\"has-large-font-size\"><a href=\"https:\/\/tatami-samurai.de\/tsjc\/judo-werte\/\" data-type=\"page\" data-id=\"34\">Judo-Werte<\/a><\/p>\n<\/div><\/div>\n\n\n\n<div class=\"wp-block-media-text alignwide is-vertically-aligned-center\" style=\"grid-template-columns:15% auto\"><figure class=\"wp-block-media-text__media\"><a href=\"https:\/\/tatami-samurai.de\/tsjc\/judo-techniken\/\"><img loading=\"lazy\" decoding=\"async\" width=\"150\" height=\"150\" src=\"https:\/\/tatami-samurai.de\/tsjc\/wp-content\/uploads\/Logo-Tatami-Samurai-rund-ohne-Judoka-150.png\" alt=\"\" class=\"wp-image-95 size-full\"\/><\/a><\/figure><div class=\"wp-block-media-text__content\">\n<p class=\"has-large-font-size\"><a href=\"https:\/\/tatami-samurai.de\/tsjc\/judo-techniken\/\" data-type=\"page\" data-id=\"32\">Judo-Techniken<\/a><\/p>\n<\/div><\/div>\n\n\n\n<div class=\"wp-block-media-text alignwide is-vertically-aligned-center\" style=\"grid-template-columns:15% auto\"><figure class=\"wp-block-media-text__media\"><a href=\"https:\/\/tatami-samurai.de\/tsjc\/kyu-grade\/\"><img loading=\"lazy\" decoding=\"async\" width=\"150\" height=\"150\" src=\"https:\/\/tatami-samurai.de\/tsjc\/wp-content\/uploads\/Logo-Tatami-Samurai-rund-ohne-Judoka-150.png\" alt=\"\" class=\"wp-image-95 size-full\"\/><\/a><\/figure><div class=\"wp-block-media-text__content\">\n<p class=\"has-large-font-size\"><a href=\"https:\/\/tatami-samurai.de\/tsjc\/kyu-grade\/\" data-type=\"page\" data-id=\"38\">Kyu-Grade<\/a><\/p>\n<\/div><\/div>\n\n\n\n<div class=\"wp-block-media-text alignwide is-vertically-aligned-center\" style=\"grid-template-columns:15% auto\"><figure class=\"wp-block-media-text__media\"><img loading=\"lazy\" decoding=\"async\" width=\"150\" height=\"150\" src=\"https:\/\/tatami-samurai.de\/tsjc\/wp-content\/uploads\/Logo-Tatami-Samurai-rund-ohne-Judoka-150.png\" alt=\"\" class=\"wp-image-95 size-full\"\/><\/figure><div class=\"wp-block-media-text__content\">\n<p class=\"has-large-font-size\"><a href=\"https:\/\/tatami-samurai.de\/tsjc\/ichi-ni-san\/\" data-type=\"page\" data-id=\"26\">Ichi Ni San<\/a><\/p>\n<\/div><\/div>\n\n\n\n<div class=\"wp-block-media-text alignwide is-vertically-aligned-center\" style=\"grid-template-columns:15% auto\"><figure class=\"wp-block-media-text__media\"><img loading=\"lazy\" decoding=\"async\" width=\"150\" height=\"150\" src=\"https:\/\/tatami-samurai.de\/tsjc\/wp-content\/uploads\/Logo-Tatami-Samurai-rund-ohne-Judoka-150.png\" alt=\"\" class=\"wp-image-95 size-full\"\/><\/figure><div class=\"wp-block-media-text__content\">\n<p class=\"has-large-font-size\"><a href=\"https:\/\/tatami-samurai.de\/tsjc\/judo-safari\/\" data-type=\"page\" data-id=\"28\">Judo Safari<\/a><\/p>\n<\/div><\/div>\n\n\n\n<div class=\"wp-block-media-text alignwide is-vertically-aligned-center\" style=\"grid-template-columns:15% auto\"><figure class=\"wp-block-media-text__media\"><img loading=\"lazy\" decoding=\"async\" width=\"150\" height=\"150\" src=\"https:\/\/tatami-samurai.de\/tsjc\/wp-content\/uploads\/Logo-Tatami-Samurai-rund-ohne-Judoka-150.png\" alt=\"\" class=\"wp-image-95 size-full\"\/><\/figure><div class=\"wp-block-media-text__content\">\n<p class=\"has-large-font-size\"><a href=\"https:\/\/tatami-samurai.de\/tsjc\/sportabzeichen\/\" data-type=\"page\" data-id=\"44\">Sportabzeichen<\/a><\/p>\n<\/div><\/div>\n\n\n\n<p><\/p>\n","protected":false},"excerpt":{"rendered":"<p>Hier findet Du alles \u00fcber Judo Was ist Judo G\u00fcrtel binden Judo-Etikette Judo-Werte Judo-Techniken Kyu-Grade Ichi Ni San Judo Safari Sportabzeichen<\/p>\n","protected":false},"author":1,"featured_media":0,"parent":0,"menu_order":0,"comment_status":"closed","ping_status":"closed","template":"","meta":{"footnotes":""},"class_list":["post-51","page","type-page","status-publish","hentry"],"yoast_head":"<!-- This site is optimized with the Yoast SEO plugin v20.6 - https:\/\/yoast.com\/wordpress\/plugins\/seo\/ -->\n<title>\u00dcber Judo | Tatami Samurai Judoclub Eutin e. V.<\/title>\n<meta name=\"robots\" content=\"index, follow, max-snippet:-1, max-image-preview:large, max-video-preview:-1\" \/>\n<link rel=\"canonical\" href=\"https:\/\/tatami-samurai.de\/tsjc\/ueber-judo\/\" \/>\n<meta property=\"og:locale\" content=\"de_DE\" \/>\n<meta property=\"og:type\" content=\"article\" \/>\n<meta property=\"og:title\" content=\"\u00dcber Judo | Tatami Samurai Judoclub Eutin e. V.\" \/>\n<meta property=\"og:description\" content=\"Hier findet Du alles \u00fcber Judo Was ist Judo G\u00fcrtel binden Judo-Etikette Judo-Werte Judo-Techniken Kyu-Grade Ichi Ni San Judo Safari Sportabzeichen\" \/>\n<meta property=\"og:url\" content=\"https:\/\/tatami-samurai.de\/tsjc\/ueber-judo\/\" \/>\n<meta property=\"og:site_name\" content=\"Tatami Samurai Judoclub Eutin e. V.\" \/>\n<meta property=\"article:modified_time\" content=\"2021-11-29T15:41:14+00:00\" \/>\n<meta property=\"og:image\" content=\"https:\/\/tatami-samurai.de\/tsjc\/wp-content\/uploads\/Logo-Tatami-Samurai-rund-ohne-Judoka-150.png\" \/>\n<meta name=\"twitter:card\" content=\"summary_large_image\" \/>\n<script type=\"application\/ld+json\" class=\"yoast-schema-graph\">{\"@context\":\"https:\/\/schema.org\",\"@graph\":[{\"@type\":\"WebPage\",\"@id\":\"https:\/\/tatami-samurai.de\/tsjc\/ueber-judo\/\",\"url\":\"https:\/\/tatami-samurai.de\/tsjc\/ueber-judo\/\",\"name\":\"\u00dcber Judo | Tatami Samurai Judoclub Eutin e. V.\",\"isPartOf\":{\"@id\":\"https:\/\/tatami-samurai.de\/tsjc\/#website\"},\"datePublished\":\"2021-11-19T13:11:44+00:00\",\"dateModified\":\"2021-11-29T15:41:14+00:00\",\"breadcrumb\":{\"@id\":\"https:\/\/tatami-samurai.de\/tsjc\/ueber-judo\/#breadcrumb\"},\"inLanguage\":\"de\",\"potentialAction\":[{\"@type\":\"ReadAction\",\"target\":[\"https:\/\/tatami-samurai.de\/tsjc\/ueber-judo\/\"]}]},{\"@type\":\"BreadcrumbList\",\"@id\":\"https:\/\/tatami-samurai.de\/tsjc\/ueber-judo\/#breadcrumb\",\"itemListElement\":[{\"@type\":\"ListItem\",\"position\":1,\"name\":\"Startseite\",\"item\":\"https:\/\/tatami-samurai.de\/tsjc\/\"},{\"@type\":\"ListItem\",\"position\":2,\"name\":\"\u00dcber Judo\"}]},{\"@type\":\"WebSite\",\"@id\":\"https:\/\/tatami-samurai.de\/tsjc\/#website\",\"url\":\"https:\/\/tatami-samurai.de\/tsjc\/\",\"name\":\"Tatami Samurai Judoclub Eutin e. V.\",\"description\":\"\",\"publisher\":{\"@id\":\"https:\/\/tatami-samurai.de\/tsjc\/#organization\"},\"potentialAction\":[{\"@type\":\"SearchAction\",\"target\":{\"@type\":\"EntryPoint\",\"urlTemplate\":\"https:\/\/tatami-samurai.de\/tsjc\/?s={search_term_string}\"},\"query-input\":\"required name=search_term_string\"}],\"inLanguage\":\"de\"},{\"@type\":\"Organization\",\"@id\":\"https:\/\/tatami-samurai.de\/tsjc\/#organization\",\"name\":\"Tatami Samurai Judoclub Eutin e. V.\",\"url\":\"https:\/\/tatami-samurai.de\/tsjc\/\",\"logo\":{\"@type\":\"ImageObject\",\"inLanguage\":\"de\",\"@id\":\"https:\/\/tatami-samurai.de\/tsjc\/#\/schema\/logo\/image\/\",\"url\":\"https:\/\/tatami-samurai.de\/tsjc\/wp-content\/uploads\/Logo-Tatami-Samurai-rund-ohne-Judoka-512.png\",\"contentUrl\":\"https:\/\/tatami-samurai.de\/tsjc\/wp-content\/uploads\/Logo-Tatami-Samurai-rund-ohne-Judoka-512.png\",\"width\":512,\"height\":511,\"caption\":\"Tatami Samurai Judoclub Eutin e. V.\"},\"image\":{\"@id\":\"https:\/\/tatami-samurai.de\/tsjc\/#\/schema\/logo\/image\/\"}}]}<\/script>\n<!-- \/ Yoast SEO plugin. -->","yoast_head_json":{"title":"\u00dcber Judo | Tatami Samurai Judoclub Eutin e. V.","robots":{"index":"index","follow":"follow","max-snippet":"max-snippet:-1","max-image-preview":"max-image-preview:large","max-video-preview":"max-video-preview:-1"},"canonical":"https:\/\/tatami-samurai.de\/tsjc\/ueber-judo\/","og_locale":"de_DE","og_type":"article","og_title":"\u00dcber Judo | Tatami Samurai Judoclub Eutin e. V.","og_description":"Hier findet Du alles \u00fcber Judo Was ist Judo G\u00fcrtel binden Judo-Etikette Judo-Werte Judo-Techniken Kyu-Grade Ichi Ni San Judo Safari Sportabzeichen","og_url":"https:\/\/tatami-samurai.de\/tsjc\/ueber-judo\/","og_site_name":"Tatami Samurai Judoclub Eutin e. V.","article_modified_time":"2021-11-29T15:41:14+00:00","og_image":[{"url":"https:\/\/tatami-samurai.de\/tsjc\/wp-content\/uploads\/Logo-Tatami-Samurai-rund-ohne-Judoka-150.png"}],"twitter_card":"summary_large_image","schema":{"@context":"https:\/\/schema.org","@graph":[{"@type":"WebPage","@id":"https:\/\/tatami-samurai.de\/tsjc\/ueber-judo\/","url":"https:\/\/tatami-samurai.de\/tsjc\/ueber-judo\/","name":"\u00dcber Judo | Tatami Samurai Judoclub Eutin e. V.","isPartOf":{"@id":"https:\/\/tatami-samurai.de\/tsjc\/#website"},"datePublished":"2021-11-19T13:11:44+00:00","dateModified":"2021-11-29T15:41:14+00:00","breadcrumb":{"@id":"https:\/\/tatami-samurai.de\/tsjc\/ueber-judo\/#breadcrumb"},"inLanguage":"de","potentialAction":[{"@type":"ReadAction","target":["https:\/\/tatami-samurai.de\/tsjc\/ueber-judo\/"]}]},{"@type":"BreadcrumbList","@id":"https:\/\/tatami-samurai.de\/tsjc\/ueber-judo\/#breadcrumb","itemListElement":[{"@type":"ListItem","position":1,"name":"Startseite","item":"https:\/\/tatami-samurai.de\/tsjc\/"},{"@type":"ListItem","position":2,"name":"\u00dcber Judo"}]},{"@type":"WebSite","@id":"https:\/\/tatami-samurai.de\/tsjc\/#website","url":"https:\/\/tatami-samurai.de\/tsjc\/","name":"Tatami Samurai Judoclub Eutin e. V.","description":"","publisher":{"@id":"https:\/\/tatami-samurai.de\/tsjc\/#organization"},"potentialAction":[{"@type":"SearchAction","target":{"@type":"EntryPoint","urlTemplate":"https:\/\/tatami-samurai.de\/tsjc\/?s={search_term_string}"},"query-input":"required name=search_term_string"}],"inLanguage":"de"},{"@type":"Organization","@id":"https:\/\/tatami-samurai.de\/tsjc\/#organization","name":"Tatami Samurai Judoclub Eutin e. V.","url":"https:\/\/tatami-samurai.de\/tsjc\/","logo":{"@type":"ImageObject","inLanguage":"de","@id":"https:\/\/tatami-samurai.de\/tsjc\/#\/schema\/logo\/image\/","url":"https:\/\/tatami-samurai.de\/tsjc\/wp-content\/uploads\/Logo-Tatami-Samurai-rund-ohne-Judoka-512.png","contentUrl":"https:\/\/tatami-samurai.de\/tsjc\/wp-content\/uploads\/Logo-Tatami-Samurai-rund-ohne-Judoka-512.png","width":512,"height":511,"caption":"Tatami Samurai Judoclub Eutin e. V."},"image":{"@id":"https:\/\/tatami-samurai.de\/tsjc\/#\/schema\/logo\/image\/"}}]}},"_links":{"self":[{"href":"https:\/\/tatami-samurai.de\/tsjc\/wp-json\/wp\/v2\/pages\/51","targetHints":{"allow":["GET"]}}],"collection":[{"href":"https:\/\/tatami-samurai.de\/tsjc\/wp-json\/wp\/v2\/pages"}],"about":[{"href":"https:\/\/tatami-samurai.de\/tsjc\/wp-json\/wp\/v2\/types\/page"}],"author":[{"embeddable":true,"href":"https:\/\/tatami-samurai.de\/tsjc\/wp-json\/wp\/v2\/users\/1"}],"replies":[{"embeddable":true,"href":"https:\/\/tatami-samurai.de\/tsjc\/wp-json\/wp\/v2\/comments?post=51"}],"version-history":[{"count":4,"href":"https:\/\/tatami-samurai.de\/tsjc\/wp-json\/wp\/v2\/pages\/51\/revisions"}],"predecessor-version":[{"id":255,"href":"https:\/\/tatami-samurai.de\/tsjc\/wp-json\/wp\/v2\/pages\/51\/revisions\/255"}],"wp:attachment":[{"href":"https:\/\/tatami-samurai.de\/tsjc\/wp-json\/wp\/v2\/media?parent=51"}],"curies":[{"name":"wp","href":"https:\/\/api.w.org\/{rel}","templated":true}]}}